{"id":4592,"date":"2025-11-07T10:43:21","date_gmt":"2025-11-07T10:43:21","guid":{"rendered":"https:\/\/www.bashkiakurbin.gov.al\/?page_id=4592"},"modified":"2025-11-07T15:30:57","modified_gmt":"2025-11-07T15:30:57","slug":"libri-i-gatimit-shije-te-perjetshme","status":"publish","type":"page","link":"https:\/\/www.bashkiakurbin.gov.al\/?page_id=4592","title":{"rendered":"Libri i gatimit &#8220;Shije t\u00eb P\u00ebrjetshme&#8221;"},"content":{"rendered":"\n<p>Ky lib\u00ebr \u00ebsht\u00eb rezultat i pun\u00ebs s\u00eb Fondacionit ALCDF dhe autores Dhurata Thanasi n\u00eb kuad\u00ebr t\u00eb projektit \u201cShije t\u00eb p\u00ebrjetshme: Zbulo shijet dhe baladat e Kurbinit\u201d, i financuar nga BE p\u00ebrmes EU4Culture dhe zbatuar nga UNOPS n\u00eb bashk\u00ebpunim me Ministrin\u00eb e Turizmit, Kultur\u00ebs dhe Sportit. Projekti synon zhvillimin e turizmit p\u00ebrmes promovimit t\u00eb trash\u00ebgimis\u00eb jomateriale, ku kulinaria nd\u00ebrthuret me historin\u00eb, k\u00ebng\u00ebt, festat dhe traditat lokale.<\/p>\n\n\n\n<p>Gjat\u00eb ekspeditave n\u00eb komunitet u mblodh\u00ebn receta autoktone, u dokumentuan teknika t\u00eb vjetra gatimi dhe u zhvilluan takime nd\u00ebrbrezore q\u00eb p\u00ebrcoll\u00ebn njohurit\u00eb tradicionale tek brezat e rinj. U krijua itinerari gastronomik \u201cShijet e p\u00ebrjetshme t\u00eb Kurbinit\u201d, q\u00eb lidh sht\u00ebpit\u00eb prit\u00ebse, agroturizmet dhe restorantet moderne me p\u00ebrdorimin e produkteve vendase.<\/p>\n\n\n\n<p>Libri p\u00ebrmbledh 38 receta t\u00eb dokumentuara me kujdes, duke ruajtur autenticitetin dhe duke ofruar nj\u00eb ur\u00eb midis tradit\u00ebs dhe modernes. Ai \u00ebsht\u00eb nj\u00eb homazh p\u00ebr grat\u00eb q\u00eb kan\u00eb ruajtur k\u00ebt\u00eb trash\u00ebgimi dhe nj\u00eb ftes\u00eb p\u00ebr ta par\u00eb gastronomin\u00eb si pasuri kulturore dhe mund\u00ebsi zhvillimi p\u00ebr t\u00eb ardhmen.<\/p>\n\n\n\n<p>Ky botim \u00ebsht\u00eb hartuar nga Fondacioni Shqiptar p\u00ebr Zhvillimin e Kapaciteteve Lokale (ALCDF), me autore Dhurata Thanasi, n\u00eb kuad\u00ebr t\u00eb programit EU4Culture, financuar nga Bashkimi Evropian dhe zbatuar nga UNOPS n\u00eb bashk\u00ebpunim me Ministrin\u00eb e Ekonomis\u00eb, Kultur\u00ebs dhe Inovacionit. P\u00ebrmbajtja e tij \u00ebsht\u00eb p\u00ebrgjegj\u00ebsi e vetme e hartuesve t\u00eb tij dhe nuk pasqyron domosdoshm\u00ebrisht pik\u00ebpamjet e Bashkimit Evropian dhe\/ose UNOPS.<\/p>\n\n\n\n<p>M\u00eb shum\u00eb informacion rreth p\u00ebrmbajtjes s\u00eb recetave t\u00eb gatimit mund t\u00eb gjeni n\u00eb brend\u00ebsi te librit n\u00ebn linkun e m\u00ebposht\u00ebm:<\/p>\n\n\n\n<p><a href=\"https:\/\/alcdf.org\/publications\/Shije_te_perjetshme.pdf\">&#8220;Shkarkoni librin&#8221;<\/a><\/p>\n\n\n\n<p><\/p>\n","protected":false},"excerpt":{"rendered":"<p>Ky lib\u00ebr \u00ebsht\u00eb rezultat i pun\u00ebs s\u00eb Fondacionit ALCDF dhe autores Dhurata Thanasi n\u00eb kuad\u00ebr t\u00eb projektit \u201cShije t\u00eb p\u00ebrjetshme: Zbulo shijet dhe baladat e Kurbinit\u201d, i financuar nga BE p\u00ebrmes EU4Culture dhe zbatuar nga UNOPS n\u00eb bashk\u00ebpunim me Ministrin\u00eb e Turizmit, Kultur\u00ebs dhe Sportit. Projekti synon zhvillimin e turizmit p\u00ebrmes promovimit t\u00eb trash\u00ebgimis\u00eb jomateriale, [&hellip;]<\/p>\n","protected":false},"author":1,"featured_media":0,"parent":0,"menu_order":0,"comment_status":"closed","ping_status":"closed","template":"","meta":{"footnotes":""},"class_list":["post-4592","page","type-page","status-publish","hentry"],"_links":{"self":[{"href":"https:\/\/www.bashkiakurbin.gov.al\/index.php?rest_route=\/wp\/v2\/pages\/4592","targetHints":{"allow":["GET"]}}],"collection":[{"href":"https:\/\/www.bashkiakurbin.gov.al\/index.php?rest_route=\/wp\/v2\/pages"}],"about":[{"href":"https:\/\/www.bashkiakurbin.gov.al\/index.php?rest_route=\/wp\/v2\/types\/page"}],"author":[{"embeddable":true,"href":"https:\/\/www.bashkiakurbin.gov.al\/index.php?rest_route=\/wp\/v2\/users\/1"}],"replies":[{"embeddable":true,"href":"https:\/\/www.bashkiakurbin.gov.al\/index.php?rest_route=%2Fwp%2Fv2%2Fcomments&post=4592"}],"version-history":[{"count":2,"href":"https:\/\/www.bashkiakurbin.gov.al\/index.php?rest_route=\/wp\/v2\/pages\/4592\/revisions"}],"predecessor-version":[{"id":4629,"href":"https:\/\/www.bashkiakurbin.gov.al\/index.php?rest_route=\/wp\/v2\/pages\/4592\/revisions\/4629"}],"wp:attachment":[{"href":"https:\/\/www.bashkiakurbin.gov.al\/index.php?rest_route=%2Fwp%2Fv2%2Fmedia&parent=4592"}],"curies":[{"name":"wp","href":"https:\/\/api.w.org\/{rel}","templated":true}]}}