{"id":4588,"date":"2025-11-07T10:37:01","date_gmt":"2025-11-07T10:37:01","guid":{"rendered":"https:\/\/www.bashkiakurbin.gov.al\/?page_id=4588"},"modified":"2025-11-07T15:11:17","modified_gmt":"2025-11-07T15:11:17","slug":"itinerari-shije-te-perjetshme","status":"publish","type":"page","link":"https:\/\/www.bashkiakurbin.gov.al\/?page_id=4588","title":{"rendered":"Itinerari &#8220;Shije t\u00eb P\u00ebrjetshme&#8221;"},"content":{"rendered":"\n<p>Publikimi k\u00ebsaj broshure synon t\u00eb promovoj\u00eb potencialet kulturore, gastronomike dhe natyrore t\u00eb Kurbinit si destinacion t\u00eb integruar turistik. Ajo shpalos bukurit\u00eb e Lagun\u00ebs s\u00eb Patokut, ku natyra dhe ushqimet e detit ofrojn\u00eb nj\u00eb p\u00ebrvoj\u00eb t\u00eb ve\u00e7ant\u00eb, dhe pasurin\u00eb e Rrug\u00ebs s\u00eb Ullirit n\u00eb fshatrat e Gjormit, Zhej\u00ebs e Sh\u00ebnmris\u00eb, ku vizitor\u00ebt njohin ullinjt\u00eb mij\u00ebvje\u00e7ar\u00eb dhe traditat e prodhimit artizanal t\u00eb vajit.<\/p>\n\n\n\n<p>Broshura p\u00ebrfshin gjithashtu trash\u00ebgimin\u00eb fetare e kulturore t\u00eb zon\u00ebs p\u00ebrmes Kish\u00ebs \u201cZoja e K\u00ebshillit t\u00eb Mir\u00eb\u201d, Kish\u00ebs s\u00eb Sh\u00ebn Ndout, Teqes\u00eb s\u00eb Shullazit si dhe rr\u00ebnojave t\u00eb Kish\u00ebs s\u00eb Sh\u00ebn M\u00ebris\u00eb \u2013 e restauruar fal\u00eb programit EU4Culture pas d\u00ebmtimeve q\u00eb p\u00ebsoi nga t\u00ebrmeti i vitit 2019.<\/p>\n\n\n\n<p>P\u00ebrve\u00e7 gastronomis\u00eb, promovohen agroturizmet, sht\u00ebpit\u00eb prit\u00ebse dhe festat tradicionale q\u00eb ruajn\u00eb mikpritjen dhe identitetin Kurbinas.<\/p>\n\n\n\n<p>Ky botim sh\u00ebrben si udh\u00ebzues praktik p\u00ebr vizitor\u00ebt, operator\u00ebt dhe agjencit\u00eb turistike p\u00ebr krijimin e itinerareve q\u00eb nd\u00ebrthurin historin\u00eb, natyr\u00ebn dhe shijen autentike shqiptare.<\/p>\n\n\n\n<p>Kjo broshur\u00eb \u00ebsht\u00eb p\u0451rgatitur nga Fondacioni Shqiptar p\u00ebr Zhvillimin e Kapaciteteve Lokale (ALCDF), n\u00eb kuad\u00ebr t\u00eb programit EU4Culture, financuar nga Bashkimi Evropian dhe zbatuar nga UNOPS n\u00eb bashk\u00ebpunim me Ministrin\u00eb e Turizmit, Kultur\u00ebs dhe Sportit. P\u00ebrmbajtja e saj \u00ebsht\u00eb p\u00ebrgjegj\u00ebsi e vetme e hartuesve dhe nuk pasqyron domosdoshm\u00ebrisht pik\u00ebpamjet e Bashkimit Evropian dhe\/ose UNOPS.<\/p>\n\n\n\n<p>Informacion m\u00eb t\u00eb plot\u00eb rreth k\u00ebtij itinerari mund t\u00eb gjeni n\u00eb linkun m\u00eb posht\u00eb:<\/p>\n\n\n\n<p><a href=\"https:\/\/alcdf.org\/publications\/Broshura_itinerarit_shije_te_perjetshme.pdf\">&#8220;Shkarkoni dokumentin&#8221;<\/a><\/p>\n\n\n\n<p><\/p>\n","protected":false},"excerpt":{"rendered":"<p>Publikimi k\u00ebsaj broshure synon t\u00eb promovoj\u00eb potencialet kulturore, gastronomike dhe natyrore t\u00eb Kurbinit si destinacion t\u00eb integruar turistik. Ajo shpalos bukurit\u00eb e Lagun\u00ebs s\u00eb Patokut, ku natyra dhe ushqimet e detit ofrojn\u00eb nj\u00eb p\u00ebrvoj\u00eb t\u00eb ve\u00e7ant\u00eb, dhe pasurin\u00eb e Rrug\u00ebs s\u00eb Ullirit n\u00eb fshatrat e Gjormit, Zhej\u00ebs e Sh\u00ebnmris\u00eb, ku vizitor\u00ebt njohin ullinjt\u00eb mij\u00ebvje\u00e7ar\u00eb dhe [&hellip;]<\/p>\n","protected":false},"author":1,"featured_media":0,"parent":0,"menu_order":0,"comment_status":"closed","ping_status":"closed","template":"","meta":{"footnotes":""},"class_list":["post-4588","page","type-page","status-publish","hentry"],"_links":{"self":[{"href":"https:\/\/www.bashkiakurbin.gov.al\/index.php?rest_route=\/wp\/v2\/pages\/4588","targetHints":{"allow":["GET"]}}],"collection":[{"href":"https:\/\/www.bashkiakurbin.gov.al\/index.php?rest_route=\/wp\/v2\/pages"}],"about":[{"href":"https:\/\/www.bashkiakurbin.gov.al\/index.php?rest_route=\/wp\/v2\/types\/page"}],"author":[{"embeddable":true,"href":"https:\/\/www.bashkiakurbin.gov.al\/index.php?rest_route=\/wp\/v2\/users\/1"}],"replies":[{"embeddable":true,"href":"https:\/\/www.bashkiakurbin.gov.al\/index.php?rest_route=%2Fwp%2Fv2%2Fcomments&post=4588"}],"version-history":[{"count":6,"href":"https:\/\/www.bashkiakurbin.gov.al\/index.php?rest_route=\/wp\/v2\/pages\/4588\/revisions"}],"predecessor-version":[{"id":4623,"href":"https:\/\/www.bashkiakurbin.gov.al\/index.php?rest_route=\/wp\/v2\/pages\/4588\/revisions\/4623"}],"wp:attachment":[{"href":"https:\/\/www.bashkiakurbin.gov.al\/index.php?rest_route=%2Fwp%2Fv2%2Fmedia&parent=4588"}],"curies":[{"name":"wp","href":"https:\/\/api.w.org\/{rel}","templated":true}]}}