{"id":4585,"date":"2025-11-07T10:29:50","date_gmt":"2025-11-07T10:29:50","guid":{"rendered":"https:\/\/www.bashkiakurbin.gov.al\/?page_id=4585"},"modified":"2025-11-07T11:06:26","modified_gmt":"2025-11-07T11:06:26","slug":"harta-e-atraksioneve-te-kurbinit","status":"publish","type":"page","link":"https:\/\/www.bashkiakurbin.gov.al\/?page_id=4585","title":{"rendered":"Harta e atraksioneve t\u00eb Kurbinit"},"content":{"rendered":"\n<p>Harta e atraksioneve turistike t\u00eb Kurbinit \u00ebsht\u00eb p\u00ebrgatitur nga Fondacioni ALCDF n\u00eb kuad\u00ebr t\u00eb projektit \u201cShije t\u00eb p\u00ebrjetshme: Zbulo shijet dhe baladat e Kurbinit\u201d. Kjo hart\u0451 sh\u00ebrben si nj\u00eb udh\u00ebrr\u00ebfyes p\u00ebr t\u00eb zbuluar pasurit\u00eb e shumta t\u00eb Kurbinit \u2014 nga deti dhe natyra, tek historia, kultura dhe kulinaria tradicionale.<br>Ajo paraqet:<br>* Identitetin e zon\u00ebs si nj\u00eb destinacion t\u00eb plot\u00eb turistik;<br>* Larmishm\u00ebrin\u00eb e ofert\u00ebs me atraksione natyrore, kulturore dhe gastronomike;<br>* Nd\u00ebrlidhjen e atraksioneve p\u00ebrmes rrug\u00ebve dhe shtigjeve q\u00eb e b\u00ebjn\u00eb zon\u00ebn t\u00eb leht\u00eb p\u00ebr tu eksploruar;<br>* Trash\u00ebgimin\u00eb historike dhe kulturore q\u00eb reflekton identitetin e pasur t\u00eb Kurbinit.<br>Kjo hart\u0451 \u00ebsht\u00eb p\u0451rgatitur nga Fondacioni Shqiptar p\u00ebr Zhvillimin e Kapaciteteve Lokale (ALCDF), n\u00eb kuad\u00ebr t\u00eb programit EU4Culture, financuar nga Bashkimi Evropian dhe zbatuar nga UNOPS n\u00eb bashk\u00ebpunim me Ministrin\u00eb e Turizmit, Kultur\u00ebs dhe Sportit. P\u00ebrmbajtja e saj \u00ebsht\u00eb p\u00ebrgjegj\u00ebsi e vetme e hartuesve dhe nuk pasqyron domosdoshm\u00ebrisht pik\u00ebpamjet e Bashkimit Evropian dhe ose UNOPS.<\/p>\n\n\n\n<p>P\u00ebr t\u00eb shkarkuar hart\u00ebn me rezolucion t\u00eb lart\u00eb klikoni linkun: <\/p>\n\n\n\n<p><a href=\"https:\/\/alcdf.org\/publications\/Harta_atraksioneve_te_Kurbinit.jpg\">&#8220;Shkarkoni hart\u00ebn&#8221;<\/a><\/p>\n\n\n\n<p><\/p>\n","protected":false},"excerpt":{"rendered":"<p>Harta e atraksioneve turistike t\u00eb Kurbinit \u00ebsht\u00eb p\u00ebrgatitur nga Fondacioni ALCDF n\u00eb kuad\u00ebr t\u00eb projektit \u201cShije t\u00eb p\u00ebrjetshme: Zbulo shijet dhe baladat e Kurbinit\u201d. Kjo hart\u0451 sh\u00ebrben si nj\u00eb udh\u00ebrr\u00ebfyes p\u00ebr t\u00eb zbuluar pasurit\u00eb e shumta t\u00eb Kurbinit \u2014 nga deti dhe natyra, tek historia, kultura dhe kulinaria tradicionale.Ajo paraqet:* Identitetin e zon\u00ebs si nj\u00eb [&hellip;]<\/p>\n","protected":false},"author":1,"featured_media":0,"parent":0,"menu_order":0,"comment_status":"closed","ping_status":"closed","template":"","meta":{"footnotes":""},"class_list":["post-4585","page","type-page","status-publish","hentry"],"_links":{"self":[{"href":"https:\/\/www.bashkiakurbin.gov.al\/index.php?rest_route=\/wp\/v2\/pages\/4585","targetHints":{"allow":["GET"]}}],"collection":[{"href":"https:\/\/www.bashkiakurbin.gov.al\/index.php?rest_route=\/wp\/v2\/pages"}],"about":[{"href":"https:\/\/www.bashkiakurbin.gov.al\/index.php?rest_route=\/wp\/v2\/types\/page"}],"author":[{"embeddable":true,"href":"https:\/\/www.bashkiakurbin.gov.al\/index.php?rest_route=\/wp\/v2\/users\/1"}],"replies":[{"embeddable":true,"href":"https:\/\/www.bashkiakurbin.gov.al\/index.php?rest_route=%2Fwp%2Fv2%2Fcomments&post=4585"}],"version-history":[{"count":8,"href":"https:\/\/www.bashkiakurbin.gov.al\/index.php?rest_route=\/wp\/v2\/pages\/4585\/revisions"}],"predecessor-version":[{"id":4606,"href":"https:\/\/www.bashkiakurbin.gov.al\/index.php?rest_route=\/wp\/v2\/pages\/4585\/revisions\/4606"}],"wp:attachment":[{"href":"https:\/\/www.bashkiakurbin.gov.al\/index.php?rest_route=%2Fwp%2Fv2%2Fmedia&parent=4585"}],"curies":[{"name":"wp","href":"https:\/\/api.w.org\/{rel}","templated":true}]}}