{"id":4533,"date":"2025-09-25T10:38:47","date_gmt":"2025-09-25T10:38:47","guid":{"rendered":"https:\/\/www.bashkiakurbin.gov.al\/?page_id=4533"},"modified":"2025-10-20T13:35:09","modified_gmt":"2025-10-20T13:35:09","slug":"shije-te-perjetshme","status":"publish","type":"page","link":"https:\/\/www.bashkiakurbin.gov.al\/?page_id=4533","title":{"rendered":"Shije t\u00eb P\u00ebrjetshme"},"content":{"rendered":"<p>[vc_row][vc_column][vc_column_text]\n<p style=\"text-align: left;\">Harta e atraksioneve turistike t\u00eb Kurbinit \u00ebsht\u00eb p\u00ebrgatitur nga Fondacioni ALCDF n\u00eb kuad\u00ebr t\u00eb projektit \u201cShije t\u00eb p\u00ebrjetshme: Zbulo shijet dhe baladat e Kurbinit\u201d. Kjo hart\u0451 sh\u00ebrben si nj\u00eb udh\u00ebrr\u00ebfyes p\u00ebr t\u00eb zbuluar pasurit\u00eb e shumta t\u00eb Kurbinit \u2014 nga deti dhe natyra, tek historia, kultura dhe kulinaria tradicionale. <br \/>Ajo paraqet:<br \/>\u00a0 \u00a0 * Identitetin e zon\u00ebs si nj\u00eb destinacion t\u00eb plot\u00eb turistik;<br \/>\u00a0 \u00a0 \u00a0* Larmishm\u00ebrin\u00eb e ofert\u00ebs me atraksione natyrore, kulturore dhe gastronomike;<br \/>\u00a0 \u00a0 \u00a0* Nd\u00ebrlidhjen e atraksioneve p\u00ebrmes rrug\u00ebve dhe shtigjeve q\u00eb e b\u00ebjn\u00eb zon\u00ebn t\u00eb leht\u00eb p\u00ebr tu\u00a0 eksploruar;<br \/>\u00a0 \u00a0 \u00a0 \u00a0* Trash\u00ebgimin\u00eb historike dhe kulturore q\u00eb reflekton identitetin e pasur t\u00eb Kurbinit.<br \/>Kjo hart\u0451 \u00ebsht\u00eb p\u0451rgatitur nga Fondacioni Shqiptar p\u00ebr Zhvillimin e Kapaciteteve Lokale (ALCDF), n\u00eb kuad\u00ebr t\u00eb programit EU4Culture, financuar nga Bashkimi Evropian dhe zbatuar nga UNOPS n\u00eb bashk\u00ebpunim me Ministrin\u00eb e Turizmit, Kultur\u00ebs dhe Sportit. P\u00ebrmbajtja e saj \u00ebsht\u00eb p\u00ebrgjegj\u00ebsi e vetme e hartuesve dhe nuk pasqyron domosdoshm\u00ebrisht pik\u00ebpamjet e Bashkimit Evropian dhe ose UNOPS<\/p>\n<p>P\u00ebr t\u00eb shkarkuar hart\u00ebn me rezolucion t\u00eb madh klikoni linkun:<br \/>https:\/\/alcdf.org\/publications\/Harta_atraksioneve_te_Kurbinit.jpg<\/p>\n<p>[\/vc_column_text][\/vc_column][\/vc_row][vc_row][vc_column][vc_single_image source=&#8221;external_link&#8221; external_img_size=&#8221;1134x 655&#8243; custom_src=&#8221;https:\/\/i.ibb.co\/21DdZT77\/Harta-atraksioneve-te-Kurbinit.jpg&#8221;][\/vc_column][\/vc_row]\n","protected":false},"excerpt":{"rendered":"<p>[vc_row][vc_column][vc_column_text] Harta e atraksioneve turistike t\u00eb Kurbinit \u00ebsht\u00eb p\u00ebrgatitur nga Fondacioni ALCDF n\u00eb kuad\u00ebr t\u00eb projektit \u201cShije t\u00eb p\u00ebrjetshme: Zbulo shijet dhe baladat e Kurbinit\u201d. Kjo hart\u0451 sh\u00ebrben si nj\u00eb udh\u00ebrr\u00ebfyes p\u00ebr t\u00eb zbuluar pasurit\u00eb e shumta t\u00eb Kurbinit \u2014 nga deti dhe natyra, tek historia, kultura dhe kulinaria tradicionale. Ajo paraqet:\u00a0 \u00a0 * Identitetin [&hellip;]<\/p>\n","protected":false},"author":1,"featured_media":0,"parent":0,"menu_order":0,"comment_status":"closed","ping_status":"closed","template":"","meta":{"footnotes":""},"class_list":["post-4533","page","type-page","status-publish","hentry"],"_links":{"self":[{"href":"https:\/\/www.bashkiakurbin.gov.al\/index.php?rest_route=\/wp\/v2\/pages\/4533","targetHints":{"allow":["GET"]}}],"collection":[{"href":"https:\/\/www.bashkiakurbin.gov.al\/index.php?rest_route=\/wp\/v2\/pages"}],"about":[{"href":"https:\/\/www.bashkiakurbin.gov.al\/index.php?rest_route=\/wp\/v2\/types\/page"}],"author":[{"embeddable":true,"href":"https:\/\/www.bashkiakurbin.gov.al\/index.php?rest_route=\/wp\/v2\/users\/1"}],"replies":[{"embeddable":true,"href":"https:\/\/www.bashkiakurbin.gov.al\/index.php?rest_route=%2Fwp%2Fv2%2Fcomments&post=4533"}],"version-history":[{"count":17,"href":"https:\/\/www.bashkiakurbin.gov.al\/index.php?rest_route=\/wp\/v2\/pages\/4533\/revisions"}],"predecessor-version":[{"id":4577,"href":"https:\/\/www.bashkiakurbin.gov.al\/index.php?rest_route=\/wp\/v2\/pages\/4533\/revisions\/4577"}],"wp:attachment":[{"href":"https:\/\/www.bashkiakurbin.gov.al\/index.php?rest_route=%2Fwp%2Fv2%2Fmedia&parent=4533"}],"curies":[{"name":"wp","href":"https:\/\/api.w.org\/{rel}","templated":true}]}}