{"id":4101,"date":"2024-04-16T09:20:30","date_gmt":"2024-04-16T09:20:30","guid":{"rendered":"https:\/\/www.bashkiakurbin.gov.al\/?page_id=4101"},"modified":"2024-04-17T09:28:35","modified_gmt":"2024-04-17T09:28:35","slug":"open-data","status":"publish","type":"page","link":"https:\/\/www.bashkiakurbin.gov.al\/?page_id=4101","title":{"rendered":"Open Data"},"content":{"rendered":"<p>[vc_row][vc_column][vc_column_text]\n<h3 class=\"elementor-heading-title elementor-size-default\">Mir\u00eb se erdh\u00ebt n\u00eb portalin e t\u00eb dh\u00ebnave t\u00eb hapura t\u00eb Bashkis\u00eb Kurbin<\/h3>\n<p>[\/vc_column_text][\/vc_column][\/vc_row][vc_row][vc_column][vc_column_text]Open Data Kurbin \u00ebsht\u00eb nj\u00eb portal falas dhe i hapur p\u00ebr ndarjen e t\u00eb dh\u00ebnave, ku \u00e7dokush mund t\u00eb ket\u00eb akses n\u00eb t\u00eb dh\u00ebnat n\u00eb lidhje me qytetin. Pavar\u00ebsisht n\u00ebse jeni qytetar, pronar biznesi, studiues apo zhvillues, faqja ofron mbi 15 grupe t\u00eb dh\u00ebnash p\u00ebr t\u2019ju ndihmuar t\u00eb kuptoni qytetin dhe t\u00eb zhvilloni zgjidhje p\u00ebr problemet e Kurbinit. Ju lutemi, hidhni nj\u00eb sy p\u00ebrreth dhe na tregoni se \u00e7far\u00eb mendoni.[\/vc_column_text][vc_column_text]\n<h3 class=\"elementor-heading-title elementor-size-default\">T\u00eb dh\u00ebna t\u00eb p\u00ebrgjithshme<\/h3>\n<p>[\/vc_column_text][vc_row_inner][vc_column_inner width=&#8221;1\/2&#8243;][vc_single_image image=&#8221;4128&#8243;][\/vc_column_inner][vc_column_inner width=&#8221;1\/2&#8243;][vc_column_text]\n<h4 class=\"elementor-image-box-title\"><a href=\"https:\/\/www.bashkiakurbin.gov.al\/?page_id=3424\">Programi i Transparenc\u00ebs<\/a><\/h4>\n<p class=\"elementor-image-box-description\">Programi model i transparenc\u00ebs p\u00ebr Nj\u00ebsit\u00eb e Vetqeverisjes Vendore<\/p>\n<p>[\/vc_column_text][\/vc_column_inner][\/vc_row_inner][\/vc_column][\/vc_row][vc_row][vc_column][\/vc_column][\/vc_row][vc_row][vc_column width=&#8221;1\/4&#8243;][vc_single_image image=&#8221;4104&#8243;][\/vc_column][vc_column width=&#8221;1\/4&#8243;][vc_column_text]\n<h4 class=\"elementor-image-box-title\"><a href=\"https:\/\/www.bashkiakurbin.gov.al\/?page_id=4109\">Plani i p\u00ebrgjithsh\u00ebm vendor<\/a><\/h4>\n<p class=\"elementor-image-box-description\">Nj\u00eb baz\u00eb t\u00eb dh\u00ebnash q\u00eb p\u00ebrfshin planet zhvillimore t\u00eb qytetit t\u00eb Kurbinit sipas ndarjeve administrative.<\/p>\n<p>[\/vc_column_text][\/vc_column][vc_column width=&#8221;1\/4&#8243;][vc_single_image image=&#8221;4105&#8243;][\/vc_column][vc_column width=&#8221;1\/4&#8243;][vc_column_text]<a href=\"https:\/\/www.bashkiakurbin.gov.al\/?page_id=3750\">Biznesi dhe Ekonomia<\/a><\/p>\n<p>P\u00ebrmbledh t\u00eb dh\u00ebna dhe hulumtime p\u00ebr biznesin t\u00eb ndara sipas njesive administrative dhe p\u00ebr ekonomin\u00eb n\u00eb t\u00ebr\u00ebsi.[\/vc_column_text][\/vc_column][\/vc_row][vc_row][vc_column][vc_row_inner][vc_column_inner width=&#8221;1\/2&#8243;][vc_single_image image=&#8221;3183&#8243;][\/vc_column_inner][vc_column_inner width=&#8221;1\/2&#8243;][vc_column_text]\n<h4 class=\"elementor-image-box-title\"><a href=\"https:\/\/www.bashkiakurbin.gov.al\/?page_id=4132\">Administrata e Bashkis\u00eb Kurbin<\/a><\/h4>\n<p class=\"elementor-image-box-description\">Informacion mbi strukturat, organizimin e administrat\u00ebs s\u00eb Bashkis\u00eb<\/p>\n<p>[\/vc_column_text][\/vc_column_inner][\/vc_row_inner][vc_column_text]<a href=\"https:\/\/www.bashkiakurbin.gov.al\/?page_id=4136\">Arsimi<\/a>[\/vc_column_text][\/vc_column][\/vc_row]\n","protected":false},"excerpt":{"rendered":"<p>[vc_row][vc_column][vc_column_text] Mir\u00eb se erdh\u00ebt n\u00eb portalin e t\u00eb dh\u00ebnave t\u00eb hapura t\u00eb Bashkis\u00eb Kurbin [\/vc_column_text][\/vc_column][\/vc_row][vc_row][vc_column][vc_column_text]Open Data Kurbin \u00ebsht\u00eb nj\u00eb portal falas dhe i hapur p\u00ebr ndarjen e t\u00eb dh\u00ebnave, ku \u00e7dokush mund t\u00eb ket\u00eb akses n\u00eb t\u00eb dh\u00ebnat n\u00eb lidhje me qytetin. Pavar\u00ebsisht n\u00ebse jeni qytetar, pronar biznesi, studiues apo zhvillues, faqja ofron mbi 15 [&hellip;]<\/p>\n","protected":false},"author":1,"featured_media":0,"parent":0,"menu_order":0,"comment_status":"closed","ping_status":"closed","template":"","meta":{"footnotes":""},"class_list":["post-4101","page","type-page","status-publish","hentry"],"_links":{"self":[{"href":"https:\/\/www.bashkiakurbin.gov.al\/index.php?rest_route=\/wp\/v2\/pages\/4101","targetHints":{"allow":["GET"]}}],"collection":[{"href":"https:\/\/www.bashkiakurbin.gov.al\/index.php?rest_route=\/wp\/v2\/pages"}],"about":[{"href":"https:\/\/www.bashkiakurbin.gov.al\/index.php?rest_route=\/wp\/v2\/types\/page"}],"author":[{"embeddable":true,"href":"https:\/\/www.bashkiakurbin.gov.al\/index.php?rest_route=\/wp\/v2\/users\/1"}],"replies":[{"embeddable":true,"href":"https:\/\/www.bashkiakurbin.gov.al\/index.php?rest_route=%2Fwp%2Fv2%2Fcomments&post=4101"}],"version-history":[{"count":12,"href":"https:\/\/www.bashkiakurbin.gov.al\/index.php?rest_route=\/wp\/v2\/pages\/4101\/revisions"}],"predecessor-version":[{"id":4143,"href":"https:\/\/www.bashkiakurbin.gov.al\/index.php?rest_route=\/wp\/v2\/pages\/4101\/revisions\/4143"}],"wp:attachment":[{"href":"https:\/\/www.bashkiakurbin.gov.al\/index.php?rest_route=%2Fwp%2Fv2%2Fmedia&parent=4101"}],"curies":[{"name":"wp","href":"https:\/\/api.w.org\/{rel}","templated":true}]}}