{"id":3899,"date":"2024-01-29T21:07:54","date_gmt":"2024-01-29T21:07:54","guid":{"rendered":"https:\/\/www.bashkiakurbin.gov.al\/?page_id=3899"},"modified":"2024-01-29T21:25:07","modified_gmt":"2024-01-29T21:25:07","slug":"projekte-dhe-aktivitete","status":"publish","type":"page","link":"https:\/\/www.bashkiakurbin.gov.al\/?page_id=3899","title":{"rendered":"Projekte dhe Aktivitete"},"content":{"rendered":"<p>[vc_row][vc_column]\n            <div class=\"widget shortcode-widget lsvr-post-list-widget lsvr-post-list-widget--shortcode\"><div class=\"widget__inner\">\n<div class=\"widget__content\">\n\n\t\n\t\t<ul class=\"lsvr-post-list-widget__list\">\n\n    \t\t\n    \t\t\t<li class=\"lsvr-post-list-widget__item lsvr-post-list-widget__item--has-thumb\">\n    \t\t\t\t<div class=\"lsvr-post-list-widget__item-inner\">\n\n\t\t\t\t\t\t\n\t\t\t\t\t\t\t<p class=\"lsvr-post-list-widget__item-thumb\">\n\t\t\t\t\t\t\t\t<a href=\"https:\/\/www.bashkiakurbin.gov.al\/?p=4265\" class=\"lsvr-post-list-widget__item-thumb-link\">\n\t\t\t\t\t\t\t\t\t<img loading=\"lazy\" decoding=\"async\" width=\"150\" height=\"150\" src=\"https:\/\/www.bashkiakurbin.gov.al\/wp-content\/uploads\/2024\/06\/1-150x150.jpg\" class=\"attachment-thumbnail size-thumbnail wp-post-image\" alt=\"\" \/>\t\t\t\t\t\t\t\t<\/a>\n\t\t\t\t\t\t\t<\/p>\n\n\t\t\t\t\t\t\n\t\t\t\t\t\t<div class=\"lsvr-post-list-widget__item-content\">\n\n\t\t        \t\t\t<h4 class=\"lsvr-post-list-widget__item-title\">\n\t\t        \t\t\t\t<a href=\"https:\/\/www.bashkiakurbin.gov.al\/?p=4265\" class=\"lsvr-post-list-widget__item-title-link\">\n\t\t        \t\t\t\t\tOpen Day- Efi\u00e7enca e Energjis\u00eb\t\t        \t\t\t\t<\/a>\n\t\t        \t\t\t<\/h4>\n\n\t\t\t\t\t\t\t\n\t\t\t\t\t\t\t\n\t\t\t\t\t\t<\/div>\n\n\t\t\t\t\t<\/div>\n\t\t\t\t<\/li>\n\n    \t\t\n    \t\t\t<li class=\"lsvr-post-list-widget__item lsvr-post-list-widget__item--has-thumb\">\n    \t\t\t\t<div class=\"lsvr-post-list-widget__item-inner\">\n\n\t\t\t\t\t\t\n\t\t\t\t\t\t\t<p class=\"lsvr-post-list-widget__item-thumb\">\n\t\t\t\t\t\t\t\t<a href=\"https:\/\/www.bashkiakurbin.gov.al\/?p=3909\" class=\"lsvr-post-list-widget__item-thumb-link\">\n\t\t\t\t\t\t\t\t\t<img loading=\"lazy\" decoding=\"async\" width=\"150\" height=\"150\" src=\"https:\/\/www.bashkiakurbin.gov.al\/wp-content\/uploads\/2024\/01\/image005-150x150.jpg\" class=\"attachment-thumbnail size-thumbnail wp-post-image\" alt=\"\" \/>\t\t\t\t\t\t\t\t<\/a>\n\t\t\t\t\t\t\t<\/p>\n\n\t\t\t\t\t\t\n\t\t\t\t\t\t<div class=\"lsvr-post-list-widget__item-content\">\n\n\t\t        \t\t\t<h4 class=\"lsvr-post-list-widget__item-title\">\n\t\t        \t\t\t\t<a href=\"https:\/\/www.bashkiakurbin.gov.al\/?p=3909\" class=\"lsvr-post-list-widget__item-title-link\">\n\t\t        \t\t\t\t\tTRAJNIMI I AKTOR\u00cbVE VENDOR\u00cb MBI PLANIN E VENDOR T\u00cb VEPRIMIT T\u00cb EFI\u00c7ENC\u00cbS S\u00cb ENERGJIS\u00cb\t\t        \t\t\t\t<\/a>\n\t\t        \t\t\t<\/h4>\n\n\t\t\t\t\t\t\t\n\t\t\t\t\t\t\t\n\t\t\t\t\t\t<\/div>\n\n\t\t\t\t\t<\/div>\n\t\t\t\t<\/li>\n\n    \t\t\n    \t\t\t<li class=\"lsvr-post-list-widget__item lsvr-post-list-widget__item--has-thumb\">\n    \t\t\t\t<div class=\"lsvr-post-list-widget__item-inner\">\n\n\t\t\t\t\t\t\n\t\t\t\t\t\t\t<p class=\"lsvr-post-list-widget__item-thumb\">\n\t\t\t\t\t\t\t\t<a href=\"https:\/\/www.bashkiakurbin.gov.al\/?p=3902\" class=\"lsvr-post-list-widget__item-thumb-link\">\n\t\t\t\t\t\t\t\t\t<img loading=\"lazy\" decoding=\"async\" width=\"150\" height=\"150\" src=\"https:\/\/www.bashkiakurbin.gov.al\/wp-content\/uploads\/2024\/01\/image001-150x150.jpg\" class=\"attachment-thumbnail size-thumbnail wp-post-image\" alt=\"\" \/>\t\t\t\t\t\t\t\t<\/a>\n\t\t\t\t\t\t\t<\/p>\n\n\t\t\t\t\t\t\n\t\t\t\t\t\t<div class=\"lsvr-post-list-widget__item-content\">\n\n\t\t        \t\t\t<h4 class=\"lsvr-post-list-widget__item-title\">\n\t\t        \t\t\t\t<a href=\"https:\/\/www.bashkiakurbin.gov.al\/?p=3902\" class=\"lsvr-post-list-widget__item-title-link\">\n\t\t        \t\t\t\t\tZbatimi i projektit t\u00eb p\u00ebrbashk\u00ebt Shqip\u00ebri-Kosov\u00eb p\u00ebr Energjin\u00eb dhe Klim\u00ebn\t\t        \t\t\t\t<\/a>\n\t\t        \t\t\t<\/h4>\n\n\t\t\t\t\t\t\t\n\t\t\t\t\t\t\t\n\t\t\t\t\t\t<\/div>\n\n\t\t\t\t\t<\/div>\n\t\t\t\t<\/li>\n\n    \t\t\n\t\t<\/ul>\n\n\t\t\n\t\n<\/div>\n\n<\/div><\/div>\n            [\/vc_column][\/vc_row]\n","protected":false},"excerpt":{"rendered":"<p>[vc_row][vc_column][\/vc_column][\/vc_row]<\/p>\n","protected":false},"author":1,"featured_media":0,"parent":0,"menu_order":0,"comment_status":"closed","ping_status":"closed","template":"","meta":{"footnotes":""},"class_list":["post-3899","page","type-page","status-publish","hentry"],"_links":{"self":[{"href":"https:\/\/www.bashkiakurbin.gov.al\/index.php?rest_route=\/wp\/v2\/pages\/3899","targetHints":{"allow":["GET"]}}],"collection":[{"href":"https:\/\/www.bashkiakurbin.gov.al\/index.php?rest_route=\/wp\/v2\/pages"}],"about":[{"href":"https:\/\/www.bashkiakurbin.gov.al\/index.php?rest_route=\/wp\/v2\/types\/page"}],"author":[{"embeddable":true,"href":"https:\/\/www.bashkiakurbin.gov.al\/index.php?rest_route=\/wp\/v2\/users\/1"}],"replies":[{"embeddable":true,"href":"https:\/\/www.bashkiakurbin.gov.al\/index.php?rest_route=%2Fwp%2Fv2%2Fcomments&post=3899"}],"version-history":[{"count":3,"href":"https:\/\/www.bashkiakurbin.gov.al\/index.php?rest_route=\/wp\/v2\/pages\/3899\/revisions"}],"predecessor-version":[{"id":3914,"href":"https:\/\/www.bashkiakurbin.gov.al\/index.php?rest_route=\/wp\/v2\/pages\/3899\/revisions\/3914"}],"wp:attachment":[{"href":"https:\/\/www.bashkiakurbin.gov.al\/index.php?rest_route=%2Fwp%2Fv2%2Fmedia&parent=3899"}],"curies":[{"name":"wp","href":"https:\/\/api.w.org\/{rel}","templated":true}]}}