{"id":3680,"date":"2023-12-20T16:16:14","date_gmt":"2023-12-20T16:16:14","guid":{"rendered":"https:\/\/www.bashkiakurbin.gov.al\/?page_id=3680"},"modified":"2024-01-27T19:00:28","modified_gmt":"2024-01-27T19:00:28","slug":"pjesemarrja-qytetare-ne-vendimmarrje-2","status":"publish","type":"page","link":"https:\/\/www.bashkiakurbin.gov.al\/?page_id=3680","title":{"rendered":"Pjes\u00ebmarrja qytetare n\u00eb vendimmarrje"},"content":{"rendered":"<p>[vc_row][vc_column][vc_column_text]T\u00eb dh\u00ebnat e koordinatorit p\u00ebr njoftimin dhe konsultimin publik<\/p>\n<p>Koordinatori p\u00ebr njoftimin dhe konsultimin publik<br \/>\nEm\u00ebr, Mbiem\u00ebr: Fabjan Rrema<br \/>\nEmail: fabjan.rrema3@outlook.it<\/p>\n<p>Email:bashkiakurbin@gmail.com<br \/>\nBashkia Kurbin, Lagjja \u201cnr3\u201d, Sheshi \u201cRruga:Lac-Milot Nr. 138;4701 Kurbin<\/p>\n<p>Orari: E h\u00ebn\u00eb &#8211; e enjte, 08:00 &#8211; 16:00[\/vc_column_text][\/vc_column][\/vc_row]\n","protected":false},"excerpt":{"rendered":"<p>[vc_row][vc_column][vc_column_text]T\u00eb dh\u00ebnat e koordinatorit p\u00ebr njoftimin dhe konsultimin publik Koordinatori p\u00ebr njoftimin dhe konsultimin publik Em\u00ebr, Mbiem\u00ebr: Fabjan Rrema Email: fabjan.rrema3@outlook.it Email:bashkiakurbin@gmail.com Bashkia Kurbin, Lagjja \u201cnr3\u201d, Sheshi \u201cRruga:Lac-Milot Nr. 138;4701 Kurbin Orari: E h\u00ebn\u00eb &#8211; e enjte, 08:00 &#8211; 16:00[\/vc_column_text][\/vc_column][\/vc_row]<\/p>\n","protected":false},"author":1,"featured_media":0,"parent":0,"menu_order":0,"comment_status":"closed","ping_status":"closed","template":"","meta":{"footnotes":""},"class_list":["post-3680","page","type-page","status-publish","hentry"],"_links":{"self":[{"href":"https:\/\/www.bashkiakurbin.gov.al\/index.php?rest_route=\/wp\/v2\/pages\/3680","targetHints":{"allow":["GET"]}}],"collection":[{"href":"https:\/\/www.bashkiakurbin.gov.al\/index.php?rest_route=\/wp\/v2\/pages"}],"about":[{"href":"https:\/\/www.bashkiakurbin.gov.al\/index.php?rest_route=\/wp\/v2\/types\/page"}],"author":[{"embeddable":true,"href":"https:\/\/www.bashkiakurbin.gov.al\/index.php?rest_route=\/wp\/v2\/users\/1"}],"replies":[{"embeddable":true,"href":"https:\/\/www.bashkiakurbin.gov.al\/index.php?rest_route=%2Fwp%2Fv2%2Fcomments&post=3680"}],"version-history":[{"count":4,"href":"https:\/\/www.bashkiakurbin.gov.al\/index.php?rest_route=\/wp\/v2\/pages\/3680\/revisions"}],"predecessor-version":[{"id":3884,"href":"https:\/\/www.bashkiakurbin.gov.al\/index.php?rest_route=\/wp\/v2\/pages\/3680\/revisions\/3884"}],"wp:attachment":[{"href":"https:\/\/www.bashkiakurbin.gov.al\/index.php?rest_route=%2Fwp%2Fv2%2Fmedia&parent=3680"}],"curies":[{"name":"wp","href":"https:\/\/api.w.org\/{rel}","templated":true}]}}