{"id":3660,"date":"2023-12-19T17:28:03","date_gmt":"2023-12-19T17:28:03","guid":{"rendered":"https:\/\/www.bashkiakurbin.gov.al\/?page_id=3660"},"modified":"2025-09-18T12:52:22","modified_gmt":"2025-09-18T12:52:22","slug":"kerkesa-per-informim-2","status":"publish","type":"page","link":"https:\/\/www.bashkiakurbin.gov.al\/?page_id=3660","title":{"rendered":"K\u00ebrkesa p\u00ebr informim"},"content":{"rendered":"<p>[vc_row][vc_column][vc_column_text]\n<h2>Koordinator p\u00ebr t\u00eb Drejt\u00ebn e Informimit<\/h2>\n<p>Person kontakti p\u00ebr Mbrotjen e t\u00eb Dh\u00ebnave Personale n\u00eb Bashkin\u00eb Kurbin<\/p>\n<p>Fabjan Rrema<\/p>\n<p><strong><em>Orari i pun\u00ebs:<\/em><\/strong><\/p>\n<p>H\u00ebn\u00eb-Premte:\u00a0 \u00a0 08:00-16:00<\/p>\n<p><em><strong>Email:fabjanrrema3@outlook.it<\/strong><\/em><\/p>\n<p><strong>Adresat elektronike p\u00ebr d\u00ebrgimin e k\u00ebrkesave p\u00ebr informim dhe ankesave p\u00ebr mos dh\u00ebnie informacioni:<\/strong><\/p>\n<p>bashkiakurbin@gmail.com ;fabjanrrema3@outlook.it<\/p>\n<p><em><strong>Kompetencat<\/strong><\/em><br \/>\n<strong>a)<\/strong>\u00a0i mund\u00ebson \u00e7do k\u00ebrkuesi t\u00eb drejt\u00ebn p\u00ebr t\u2019u njohur me informacionin publik, duke u konsultuar me dokumentin origjinal ose duke marr\u00eb nj\u00eb kopje t\u00eb tij;<br \/>\n<strong>b)<\/strong>\u00a0krijon, mban, publikon dhe p\u00ebrdit\u00ebson regjistrin e k\u00ebrkesave dhe p\u00ebrgjigjeve;<br \/>\n<strong>c)<\/strong>\u00a0bashk\u00ebrendon pun\u00ebn p\u00ebr plot\u00ebsimin e k\u00ebrkesave p\u00ebr informacione brenda afateve;<br \/>\n<strong>\u00e7)<\/strong>\u00a0regjistron k\u00ebrkesat p\u00ebr informacion dhe cakton nj\u00eb num\u00ebr rendor p\u00ebr secil\u00ebn prej tyre;<br \/>\n<strong>d)<\/strong>\u00a0d\u00ebrgon k\u00ebrkes\u00ebn p\u00ebr informim te nj\u00eb autoritet tjet\u00ebr publik, brenda afateve t\u00eb parashikuara n\u00eb k\u00ebt\u00eb ligj, kur rezulton se autoriteti publik ku \u00ebsht\u00eb depozituar k\u00ebrkesa nuk e zot\u00ebron informacionin e k\u00ebrkuar;<br \/>\n<strong>dh)<\/strong>\u00a0verifikon rastet p\u00ebr dh\u00ebnien falas t\u00eb informacionit qytetar\u00ebve, sipas parashikimit t\u00eb pik\u00ebs 5, t\u00eb nenit 13, t\u00eb ligjit 119\/2014<br \/>\n<strong>e)<\/strong>\u00a0kryen njoftimet paraprake, sipas neneve 14 dhe 15, t\u00eb ligjit 119\/2014, si dhe komunikon me k\u00ebrkuesin, sipas nevoj\u00ebs p\u00ebr trajtimin e k\u00ebrkes\u00ebs p\u00ebr informacion publik.<\/p>\n<h3>K\u00ebrkesa p\u00ebr informacion<\/h3>\n<p>K\u00ebrkesa p\u00ebr informim b\u00ebhet me shkrim duke paraqitur sakt\u00eb identitetin e k\u00ebrkuesit dhe n\u00ebnshkrimin e tij pran\u00eb Zyr\u00ebs s\u00eb Integruar me Nj\u00eb Ndales\u00eb, me post\u00eb n\u00eb adres\u00ebn:\u00a0<em>Bashkia Kurbin, Lagjja \u201cnr3\u201d, Sheshi \u201cRruga:Lac-Milot Nr. 138,\u201d, 4701 Kurbin<\/em>, ose me post\u00eb elektronike n\u00eb adres\u00ebn: bashkia.kurbin@bashkiakurbin.gov.al<\/p>\n<h3><a href=\"https:\/\/form.jotform.com\/221392072871354\" target=\"_blank\" rel=\"noopener\">Formulari i Ankes\u00ebs \/ K\u00ebrkes\u00ebs<\/a>\u00a0&#8211;\u00a0<em>Kliko linkun<\/em><\/h3>\n<p>K\u00ebrkesa p\u00ebr informim duhet t\u00eb p\u00ebrmbaj\u00eb:<br \/>\na) emrin dhe mbiemrin e k\u00ebrkuesit;<br \/>\nb) adres\u00ebn postare ose elektronike ku k\u00ebrkohet t\u00eb d\u00ebrgohet informacioni;<br \/>\nc) p\u00ebrshkrimin e informacionit q\u00eb k\u00ebrkohet;<br \/>\n\u00e7) formatin n\u00eb t\u00eb cilin preferohet informacioni;<br \/>\nd) \u00e7do t\u00eb dh\u00ebn\u00eb q\u00eb k\u00ebrkuesi gjykon se mund t\u00eb ndihmoj\u00eb n\u00eb identifikimin e informacionit t\u00eb k\u00ebrkuar;<\/p>\n<p>Afati p\u00ebr marrjen e informacionit, \u00ebsht\u00eb\u00a0 jo m\u00eb von\u00eb se 10 dit\u00eb pune nga dita e dor\u00ebzimit t\u00eb k\u00ebrkes\u00ebs.<br \/>\nKur k\u00ebrkesa p\u00ebr informacion, i d\u00ebrgohet nj\u00eb autoriteti tjet\u00ebr publik, afati p\u00ebr marrjen e p\u00ebrgjigjes \u00ebsht\u00eb jo m\u00eb von\u00ebs se 15 dit\u00eb pune nga dita e mb\u00ebrritjes s\u00eb k\u00ebrkes\u00ebs n\u00eb autoritetin e par\u00eb.<br \/>\nAfati mund t\u00eb zgjatet me jo m\u00eb shum\u00eb se 5 dit\u00eb pune p\u00ebr nj\u00eb nga shkaqet e m\u00ebposhtme:<br \/>\na) nevoja p\u00ebr t\u00eb k\u00ebrkuar dhe shqyrtuar dokumente t\u00eb shumta e voluminoze;<br \/>\nb) nevoja p\u00ebr t\u2019i shtrir\u00eb k\u00ebrkimet n\u00eb zyra dhe mjedise q\u00eb jan\u00eb fizikisht t\u00eb ndara nga zyra qendrore e autoritetit;<br \/>\nc) nevoja p\u00ebr t\u2019u konsultuar me autoritete t\u00eb tjera publike p\u00ebrpara marrjes s\u00eb nj\u00eb vendimi p\u00ebr plot\u00ebsimin ose jo t\u00eb k\u00ebrkes\u00ebs.<br \/>\nVendimi p\u00ebr zgjatjen e afatit i njoftohet menj\u00ebher\u00eb k\u00ebrkuesit.<\/p>\n<h3><a href=\"https:\/\/lezha.gov.al\/wp-content\/uploads\/2023\/11\/Proceurat-per-shqyrtimin-e-ankesave.docx\">Procedurat p\u00ebr shqyrtimin e ankesave p\u00ebr mos dh\u00ebnie informacioni<\/a><\/h3>\n<p><a href=\"https:\/\/www.idp.al\/na-kontaktoni\/\">Kontakte-Komisioneri<\/a><\/p>\n<p>&nbsp;<\/p>\n<p><a href=\"https:\/\/www.bashkiakurbin.gov.al\/wp-content\/uploads\/2024\/01\/Regjistri-i-kerkesave-2024-1.docx\">Regjistri-i-kerkesave-2024 (1)<\/a><\/p>\n<p><a href=\"https:\/\/www.bashkiakurbin.gov.al\/wp-content\/uploads\/2024\/02\/Shkurt-2024.docx\">Regjistri i kerkasave shkurt 2024<\/a>[\/vc_column_text][\/vc_column][\/vc_row][vc_row][vc_column][vc_raw_html]JTNDaWZyYW1lJTIwc3JjJTNEJTIyaHR0cHMlM0ElMkYlMkZkcml2ZS5nb29nbGUuY29tJTJGZmlsZSUyRmQlMkYxYWlqSTJ0Ry14T2lHbWx6Vml1cHNBLXp4R08zbmZKY2QlMkZwcmV2aWV3JTIyJTIwd2lkdGglM0QlMjI2NDAlMjIlMjBoZWlnaHQlM0QlMjI0ODAlMjIlMjBhbGxvdyUzRCUyMmF1dG9wbGF5JTIyJTNFJTNDJTJGaWZyYW1lJTNF[\/vc_raw_html][\/vc_column][\/vc_row]\n","protected":false},"excerpt":{"rendered":"<p>[vc_row][vc_column][vc_column_text] Koordinator p\u00ebr t\u00eb Drejt\u00ebn e Informimit Person kontakti p\u00ebr Mbrotjen e t\u00eb Dh\u00ebnave Personale n\u00eb Bashkin\u00eb Kurbin Fabjan Rrema Orari i pun\u00ebs: H\u00ebn\u00eb-Premte:\u00a0 \u00a0 08:00-16:00 Email:fabjanrrema3@outlook.it Adresat elektronike p\u00ebr d\u00ebrgimin e k\u00ebrkesave p\u00ebr informim dhe ankesave p\u00ebr mos dh\u00ebnie informacioni: bashkiakurbin@gmail.com ;fabjanrrema3@outlook.it Kompetencat a)\u00a0i mund\u00ebson \u00e7do k\u00ebrkuesi t\u00eb drejt\u00ebn p\u00ebr t\u2019u njohur me informacionin [&hellip;]<\/p>\n","protected":false},"author":1,"featured_media":0,"parent":0,"menu_order":0,"comment_status":"closed","ping_status":"closed","template":"","meta":{"footnotes":""},"class_list":["post-3660","page","type-page","status-publish","hentry"],"_links":{"self":[{"href":"https:\/\/www.bashkiakurbin.gov.al\/index.php?rest_route=\/wp\/v2\/pages\/3660","targetHints":{"allow":["GET"]}}],"collection":[{"href":"https:\/\/www.bashkiakurbin.gov.al\/index.php?rest_route=\/wp\/v2\/pages"}],"about":[{"href":"https:\/\/www.bashkiakurbin.gov.al\/index.php?rest_route=\/wp\/v2\/types\/page"}],"author":[{"embeddable":true,"href":"https:\/\/www.bashkiakurbin.gov.al\/index.php?rest_route=\/wp\/v2\/users\/1"}],"replies":[{"embeddable":true,"href":"https:\/\/www.bashkiakurbin.gov.al\/index.php?rest_route=%2Fwp%2Fv2%2Fcomments&post=3660"}],"version-history":[{"count":6,"href":"https:\/\/www.bashkiakurbin.gov.al\/index.php?rest_route=\/wp\/v2\/pages\/3660\/revisions"}],"predecessor-version":[{"id":4527,"href":"https:\/\/www.bashkiakurbin.gov.al\/index.php?rest_route=\/wp\/v2\/pages\/3660\/revisions\/4527"}],"wp:attachment":[{"href":"https:\/\/www.bashkiakurbin.gov.al\/index.php?rest_route=%2Fwp%2Fv2%2Fmedia&parent=3660"}],"curies":[{"name":"wp","href":"https:\/\/api.w.org\/{rel}","templated":true}]}}