{"id":3639,"date":"2023-12-18T22:49:50","date_gmt":"2023-12-18T22:49:50","guid":{"rendered":"https:\/\/www.bashkiakurbin.gov.al\/?page_id=3639"},"modified":"2023-12-18T23:04:55","modified_gmt":"2023-12-18T23:04:55","slug":"drejtoria-e-planifikimit-kontrollit-dhe-zhvillimit-te-teritorit","status":"publish","type":"page","link":"https:\/\/www.bashkiakurbin.gov.al\/?page_id=3639","title":{"rendered":"DREJTORIA E PLANIFIKIMIT, KONTROLLIT DHE ZHVILLIMIT T\u00cb TERITORIT"},"content":{"rendered":"<p>[vc_row][vc_column][vc_column_text]Drejtor: Benard PALAJ<br \/>\nMisioni:<br \/>\nDrejtoria e Planifikimit, Kontrollit dhe Zhvillimit t\u00eb Territorit \u00ebsht\u00eb p\u00ebrgjegj\u00ebse p\u00ebr<br \/>\nmir\u00ebadministrimin e \u00e7do \u00e7\u00ebshtje q\u00eb lidhet me shqyrtimin e vler\u00ebsimit t\u00eb k\u00ebrkesave p\u00ebr lejimin e<br \/>\nkryerjes s\u00eb punimeve p\u00ebr zhvillimin e tok\u00ebs ose t\u00eb struktur\u00ebs n\u00eb t\u00eb, deri n\u00eb vendimmarrje, n\u00eb<br \/>\np\u00ebrputhje me p\u00ebrcaktimet e detyrueshme t\u00eb politikave t\u00eb hartuara, planeve e rregulloreve t\u00eb<br \/>\nmiratuara dhe legjislacionit n\u00eb fuqi, me q\u00ebllim arritjen e objektivave dhe p\u00ebrmbushjen e<br \/>\nrezultateve t\u00eb k\u00ebrkuara nga kjo nj\u00ebsi organizative.<br \/>\nObjektivat kryesore jan\u00eb:<br \/>\na) Drejtimi i zhvillimit t\u00eb sistemeve t\u00eb banimit e sistemeve t\u00eb tjera t\u00eb nd\u00ebrtueshme;<br \/>\nb) Planifikimi i programeve dhe masave p\u00ebr t\u00eb garantuar rigjenerimin urban, mbrojtjen e<br \/>\nmjedisit dhe zhvillimin e q\u00ebndruesh\u00ebm t\u00eb burimeve natyrore, t\u00eb tok\u00ebs s\u00eb kultivueshme,<br \/>\npeizazheve dhe hap\u00ebsirave t\u00eb gjelbra;<br \/>\nc) Rregullimi i vendndodhjes dhe programeve p\u00ebr infrastrukturat publike e servitutet<br \/>\npublike, sipas ligjit;<br \/>\nd) Rregullimi i ruajtjes, p\u00ebrdorimit dhe, sipas rastit, mbar\u00ebshtimit t\u00eb zonave t\u00eb mbrojtura<br \/>\nnatyrore dhe historike, sipas k\u00ebrkesave t\u00eb legjislacionit n\u00eb fuqi;<br \/>\ne) V\u00ebzhgimi i zhvillimeve n\u00eb territor me q\u00ebllim studimin dhe vler\u00ebsimin e k\u00ebtyre<br \/>\nzhvillimeve dhe parandalimin e zhvillimeve t\u00eb d\u00ebmshme;<br \/>\nDetyrat dhe P\u00ebrgjegj\u00ebsite e Drejtoris\u00eb jan\u00eb:<br \/>\na) Krijimi i kushteve p\u00ebr nj\u00eb zhvillim t\u00eb q\u00ebndruesh\u00ebm n\u00eb territor dhe sipas parimeve<br \/>\nligjore;<br \/>\nb) Rregullimi i p\u00ebrdorimeve t\u00eb tok\u00ebs, intensitetit e shtrirjes s\u00eb nd\u00ebrtimit n\u00eb sistemet<br \/>\nnatyrore, bujq\u00ebsore dhe urbane t\u00eb territorit;<br \/>\nc) Informimi i publikut p\u00ebr t\u00eb gjith\u00eb pro\u00e7esin planifikues e zhvillues n\u00eb territor dhe<br \/>\nsiguron akses t\u00eb plot\u00eb e t\u00eb leht\u00eb n\u00eb t\u00eb dh\u00ebnat e lidhura me k\u00ebt\u00eb pro\u00e7es;<br \/>\nd) Ushtrimi i kompetencave kryesore n\u00eb fush\u00ebn e menaxhimit financiar dhe kontrollit,<br \/>\nn\u00eb baz\u00eb e p\u00ebr zbatim t\u00eb ligjit nr.10296, dat\u00eb 08.07.2010 \u201cP\u00ebr menaxhimin financiar<br \/>\ndhe kontrollin\u201d, (t\u00eb ndryshuar).<br \/>\ne) P\u00ebrgatit vendimmarrjen e Kryetarit t\u00eb Bashkis\u00eb lidhur me aplikimet p\u00ebr leje<br \/>\nzhvillimi\/leje nd\u00ebrtimi\/deklarim paraprak n\u00eb territorin administrative t\u00eb bashkis\u00eb;<br \/>\nf) Planifikon dhe menaxhon pun\u00ebn dhe burime t\u00eb tjera t\u00eb v\u00ebna n\u00eb dispozicion p\u00ebr<br \/>\nrealizimin n\u00eb koh\u00eb dhe me efektivitet t\u00eb pro\u00e7esit t\u00eb pun\u00ebs;<br \/>\ng) Siguron bashk\u00ebpunimin me sektor\u00ebt e tjer\u00ebt p\u00ebr shk\u00ebmbimin e t\u00eb dh\u00ebnave, si dhe<br \/>\nbashk\u00ebpunimin me institucionet e tjera t\u00eb administrat\u00ebs publike;<\/p>\n<p>h) Shqyrton e vler\u00ebson k\u00ebrkesat p\u00ebr lejimin e kryerjes s\u00eb punimeve p\u00ebr zhvillimin e<br \/>\ntok\u00ebs ose t\u00eb struktur\u00ebs n\u00eb t\u00eb, kryen kontrollin e gjith\u00eb dokumentacionit teknikoligjor<br \/>\ndhe projektit t\u00eb zbatimit q\u00eb p\u00ebrmban dosja, n\u00eb p\u00ebrputhje me p\u00ebrcaktimet e<br \/>\ndetyrueshme t\u00eb politikave t\u00eb hartuara, planeve e rregulloreve t\u00eb miratuara dhe<br \/>\nlegjislacionit n\u00eb fuqi;<br \/>\ni) \u00cbsht\u00eb p\u00ebrgjegj\u00ebs p\u00ebr p\u00ebrmir\u00ebsimin e vazhduesh\u00ebm t\u00eb pro\u00e7edurave p\u00ebr t\u00eb ofruar cil\u00ebsi<br \/>\nt\u00eb lart\u00eb dhe p\u00ebrgjigje t\u00eb shpejt\u00eb ndaj k\u00ebrkesave p\u00ebr sh\u00ebrbime dhe informacione<br \/>\nBrenda ose jasht\u00eb Bashkis\u00eb;<br \/>\nj) Monitoron zbatimin e kushteve t\u00eb lejes s\u00eb nd\u00ebrtimit dhe t\u00eb punimeve t\u00eb kryera dhe<br \/>\nb\u00ebn verifikimin q\u00eb nd\u00ebrtimi \u00ebsht\u00eb i p\u00ebrshtatsh\u00ebm p\u00ebr p\u00ebrdorim, me q\u00ebllim q\u00eb Kryetari<br \/>\ni Bashkis\u00eb t\u00eb jap\u00eb \u00e7ertifikat\u00ebn e p\u00ebrdorimit, sipas legjislacionit n\u00eb fuqi, p\u00ebr lejet e<br \/>\nnd\u00ebrtimit t\u00eb miratuara prej tij;<br \/>\nk) Siguron ngritjen e pro\u00e7edurave t\u00eb duhura p\u00ebr kryerjen e kontrolleve t\u00eb vazhdueshme<br \/>\nn\u00eb territor, mbi realizimin e punimeve q\u00eb kryen n\u00eb strukturat e pajisura me leje<br \/>\npunimesh, n\u00eb t\u00eb gjitha fazat e nd\u00ebrtimit, deri n\u00eb pajisjen me leje p\u00ebrdorimi.<\/p>\n<p>SEKTORI I PLANIFIKIMIT T\u00cb TERRITORIT<\/p>\n<p>Detyrat dhe p\u00ebrgjegj\u00ebsit\u00eb jan\u00eb:<br \/>\na) Harton dokumentin e analiz\u00ebs dhe vler\u00ebsimit t\u00eb gjendjes ekzistuese territoriale e<br \/>\nmjedisore n\u00eb territorin e nj\u00ebsis\u00eb s\u00eb qeverisjes vendore i cili shoq\u00ebrohet me paraqitjen<br \/>\ngrafike;<br \/>\nb) Harton planin e propozuar p\u00ebr p\u00ebrdorimin e tok\u00ebs;<br \/>\nc) Harton planin e propozuar t\u00eb sh\u00ebrbimeve dhe infrastrukturave publike;<br \/>\nd) Harton planin e propozuar t\u00eb sh\u00ebrbimeve dhe infrastrukturave publike;<br \/>\ne) Harton projekt-vendimet p\u00ebr miratim n\u00eb K\u00ebshill Bashkiak p\u00ebr fillimin e pro\u00e7esit t\u00eb<br \/>\nhartimit t\u00eb Instrumentit Vendor t\u00eb Planifikimit;<br \/>\nf) Harton projekt-vendimet p\u00ebr miratim n\u00eb K\u00ebshill Bashkiak p\u00ebr pezullimin e pro\u00e7esit t\u00eb<br \/>\nhartimit t\u00eb Instrumentit Vendor t\u00eb Planifikimit;<br \/>\ng) Harton projekt-vendimet p\u00ebr miratim n\u00eb K\u00ebshill Bashkiak p\u00ebr hartimin e Instrumentit<br \/>\nVendor t\u00eb Planifikimit s\u00eb bashku me planin e veprimeve, i cili d\u00ebrgohet AKPT-s\u00eb brenda<br \/>\n15 dit\u00ebve nga miratimi;<br \/>\nh) Siguron dhe monitoron respektimin e afateve ligjore t\u00eb p\u00ebrcaktuara n\u00eb shqyrtimin e<br \/>\naplikimeve p\u00ebr ushtrim aktiviteti dhe kthimin e p\u00ebrgjigjeve brenda afateve;<br \/>\ni) Kontrollon dhe p\u00ebrpunon dokumentacionin e ardhur nga subjektet fizik\u00eb apo juridik\u00eb q\u00eb<br \/>\nk\u00ebrkojn\u00eb t\u00eb licensohen ose t\u00eb rinovojn\u00eb \u00e7ertifikatat ekzistuese apo autorizimet, p\u00ebr<br \/>\nushtrimin e aktivitetit tregtar, t\u00eb transportit, si dhe \u00e7do lloj tjet\u00ebr aplikimi p\u00ebr t\u2019u pajisur<br \/>\nme leje apo autorizime, sipas legjislacionitn\u00eb fuqi;<br \/>\nj) P\u00ebrgatit materialin me propozimet e aplikimeve q\u00eb do t\u00eb kalojn\u00eb p\u00ebr shqyrtim e<br \/>\nvendimarrje n\u00eb komisionin e vler\u00ebsimit p\u00ebr dh\u00ebnien e li\u00e7ensave;<br \/>\nk) Zbaton rekomandimet e AKPT-s\u00eb p\u00ebr p\u00ebrmisimin e planit t\u00eb veprimeve;<\/p>\n<p>l) Ndihmon n\u00eb hartimin e projektit p\u00ebrfundimtar t\u00eb Instrumentit Vendor t\u00eb Planifikimit;<br \/>\nm) Zbaton Vendimin e K\u00ebshillit Bashkiak p\u00ebr miratimin e Instrumentit Vendor t\u00eb<br \/>\nPlanifikimit;<br \/>\nn) Zbaton vendimet p\u00ebr zbatimin e instrumentit t\u00eb ve\u00e7ant\u00eb t\u00eb kontrollit t\u00eb zhvillimit;<br \/>\no) Zbaton vendimet p\u00ebr miratimin e servitutit publik, rezervimit publik t\u00eb tok\u00ebs dhe t\u00eb<br \/>\ndrejt\u00ebs s\u00eb preferimit;<br \/>\np) P\u00ebrdor sistemin elektronik e-leje Albania n\u00eb rolin Kontrollues dhe b\u00ebn\u00eb miratimin ose jo<br \/>\nshqyrtimit t\u00ebdokumentacionit p\u00ebr kerkesat p\u00ebr lejen e zhvillimit, leje ndertimi, leje<br \/>\ninfrastrukture, leje perdorimi,leje perdorimi infrastrukture, etj;<br \/>\nq) Siguron p\u00ebrgatitjen dhe grumbullimin e normave t\u00eb projektimit;<br \/>\nr) Krijon nje sistem informacioni t\u00eb nevojsh\u00ebm p\u00ebr p\u00ebrshtatjen me normat europiane;<br \/>\ns) Harton metodologjin\u00eb e vler\u00ebsimit t\u00eb projekteve;<br \/>\nt) Vler\u00ebson opsionet nga pik\u00ebpamja e kostos, koh\u00ebs s\u00eb realizimit, cil\u00ebsis\u00eb dhe ndikimit;<br \/>\nu) Siguron dhe harton dokumentat p\u00ebr lejet p\u00ebr veprat publike;<br \/>\nv) Llogarit volumet e punimeve sipas projekteve;<br \/>\nw) Aplikon \u00e7mimet sipas llojit t\u00eb punimeve dhe analizon \u00e7mime t\u00eb reja (kur mungojn\u00eb n\u00eb<br \/>\nmanual;<br \/>\nx) Kontrolli i p\u00ebrgjithsh\u00ebm i preventivave q\u00eb shoq\u00ebrojn\u00eb projektet e hartuara nga studio<br \/>\nprivate.<br \/>\ny) Hartimi sipas standardeve i \u00e7mimeve;<br \/>\nz) Bashk\u00ebpunon me grupin e manualit pran\u00eb Ministris\u00eb s\u00eb linj\u00ebs, p\u00ebr p\u00ebrfshirjen n\u00eb botimet<br \/>\ne manualitt\u00eb punimeve t\u00eb ve\u00e7anta, pjes\u00eb e projekteve t\u00eb Bashkis\u00eb;<br \/>\nSEKTORI TEKNIK DHE GIS<\/p>\n<p>Detyrat dhe p\u00ebrgjegj\u00ebsit\u00eb jan\u00eb:<br \/>\na) Siguron cil\u00ebsi n\u00eb hartimin e planeve t\u00eb detajuara vendore, n\u00ebp\u00ebrmjet realizimit t\u00eb nj\u00eb<br \/>\ndiskutimi dhe bashk\u00ebrendimi me \u00e7do autoritet t\u00eb planifikimit dhe pale t\u00eb interesuara,<br \/>\np\u00ebrpara fillimit dhe gjat\u00eb hartimit t\u00eb Planit t\u00eb Detajuar Vendor;<br \/>\nb) Kryen v\u00ebzhgime p\u00ebr zhvillimet n\u00eb territor, me q\u00ebllim studimin dhe vler\u00ebsimin e k\u00ebtyre<br \/>\nzhvillimeve, parashikimin e rreziqeve apo t\u00eb tendencave, parandalimin e zhvillimeve t\u00eb<br \/>\nd\u00ebmshme apo p\u00ebr nd\u00ebrmarrjen e politikave, miratimin e dokumenteve apo t\u00eb kryerjes s\u00eb<br \/>\nveprimeve t\u00eb p\u00ebrshtatshme p\u00ebr sigurimin e nj\u00eb zhvillimi t\u00eb q\u00ebndruesh\u00ebm t\u00eb territorit;<br \/>\nc) Siguron q\u00eb cil\u00ebsia e projektimeve q\u00eb kryhen p\u00ebr rrug\u00eb, hap\u00ebsira t\u00eb gjelb\u00ebrta, zona sportive<br \/>\ne objekte shoq\u00ebrore, t\u00eb jet\u00eb n\u00eb p\u00ebrputhje me standardet evropiane;<br \/>\nd) Shqyrtimi e vler\u00ebsimi i k\u00ebrkesave p\u00ebr lejimin e kryerjes s\u00eb punimeve p\u00ebr zhvillimin e<br \/>\ntok\u00ebs ose t\u00eb struktur\u00ebs n\u00eb t\u00eb, deri n\u00eb vendimmarrje, n\u00eb p\u00ebrputhje me p\u00ebrcaktimet e<br \/>\ndetyrueshme t\u00eb politikave t\u00eb hartuara, planeve e rregulloreve t\u00eb miratuara dhe<br \/>\nlegjislacionit n\u00eb fuqi.<br \/>\ne) Zhvillimi dhe p\u00ebrmir\u00ebsimi i vazhduesh\u00ebm i procedurave p\u00ebr t\u00eb ofruar cil\u00ebsi t\u00eb lart\u00eb dhe<br \/>\np\u00ebrgjigje t\u00eb shpejt\u00eb ndaj k\u00ebrkesave p\u00ebr sh\u00ebrbime dhe informacione brenda ose jasht\u00eb<br \/>\nBashkis\u00eb;<\/p>\n<p>f) Mund\u00ebson kushtet normale p\u00ebr funksionimin efektiv dhe eficent t\u00eb Sektorit;<br \/>\ng) Realizon ndarjen e pun\u00ebs, jep instruksione dhe ndihm\u00ebn e domosdoshme p\u00ebr vart\u00ebsit n\u00eb<br \/>\np\u00ebrmbushjen e detyrave;<br \/>\nh) Siguron marr\u00ebdh\u00ebnie t\u00eb rregullta komunikimi me punonj\u00ebsit e Sektorit duke garantuar<br \/>\nvazhdim\u00ebsin\u00eb e operacioneve t\u00eb pun\u00ebs n\u00ebp\u00ebrmjet transparenc\u00ebs n\u00eb transmetimin e<br \/>\nurdhrave;<br \/>\ni) Siguron zbatimin e programit t\u00eb detyrave p\u00ebr Sektorin duke klasifikuar p\u00ebrpar\u00ebsit\u00eb;<br \/>\nSEKTORI JURIDIK DHE I MENAXHIMIT T\u00cb DOKUMENTACIONIT<br \/>\nDetyrat dhe p\u00ebrgjegj\u00ebsit\u00eb jan\u00eb:<br \/>\na) Mban arkiv\u00ebn e projekteve t\u00eb realizuara, duke kompletuar dosjet periodikisht me<br \/>\nmaterialet p\u00ebrkat\u00ebse dhe arkivon dosjet e zbatimit t\u00eb objekteve me investime publike t\u00eb<br \/>\np\u00ebrfunduara e t\u00eb marra n\u00eb dor\u00ebzim nga Bashkia;<br \/>\nb) P\u00ebrpunon t\u00eb dh\u00ebna statistikore nga kostot e veprave t\u00eb realizuara, duke nxjerr\u00eb<br \/>\nkonkluzione p\u00ebr \u00e7mimet mesatare n\u00eb periudhat p\u00ebrkat\u00ebse;<br \/>\nc) Mban Regjistrin Komb\u00ebtar t\u00eb Planifikimit t\u00eb Territorit p\u00ebr Bashkin\u00eb, inventarit elektronik<br \/>\ndhe shkresor i cili ruhet, mir\u00ebmbahet, administrohet dhe p\u00ebrdit\u00ebsohet n\u00eb m\u00ebnyr\u00eb t\u00eb<br \/>\npavarur;<br \/>\nd) Udh\u00ebzon dhe sqaron t\u00eb gjith\u00eb t\u00eb interesuarit p\u00ebr p\u00ebrgatitjen e dokumentacionit t\u00eb<br \/>\nnevojsh\u00ebm p\u00ebr aplikim p\u00ebr leje zhvillimi, leje nd\u00ebrtimi dhe leje perdorimi sipas ligjit nr<br \/>\n10 119, dat\u00eb 23.4.2009 \u201cP\u00ebr planifikimin e territorit\u201d, (t\u00eb ndryshuar), dhe rregulloreve te<br \/>\nmiratuara per zbatimin e k\u00ebtij ligji;<br \/>\ne) Kontrollon paraprakisht dokumentacionin e dor\u00ebzuar nga t\u00eb interesuarit leje zhvillimi,<br \/>\nleje nd\u00ebrtimi dhe leje perdorimi;<br \/>\nf) Mban arkiv\u00ebn e projekteve t\u00eb realizuara, duke kompletuar dosjet periodikisht me<br \/>\nmaterialet p\u00ebrkat\u00ebse dhe arkivon dosjet e zbatimit t\u00eb objekteve me investime publike t\u00eb<br \/>\np\u00ebrfunduara e t\u00eb marra n\u00eb dor\u00ebzim nga Bashkia;<br \/>\ng) N\u00eb bashk\u00ebpunim me drejtorin e drejtoris\u00eb shqyrton ankesat e qytetar\u00ebve p\u00ebr d\u00ebmtimin e<br \/>\nambientit rrethues ose t\u00eb objekteve kufitare me at\u00eb q\u00eb nd\u00ebrtohet;<br \/>\nh) N\u00eb baz\u00eb t\u00eb k\u00ebrkesave t\u00eb subjekteve nd\u00ebrtuese p\u00ebr pajisjen me leje shfryt\u00ebzimi, kryen<br \/>\nkontrollin p\u00ebrfundimtar t\u00eb objektit, bazuar n\u00eb legjislacionin n\u00eb fuqi;<br \/>\ni) Kontrollon dokumentacionin e paraqitur nga kontrollet q\u00eb kryejn\u00eb specialist\u00ebt sipas<br \/>\nfazave t\u00eb nd\u00ebrtimit n\u00eb objekt;<br \/>\nj) Kontrollon \u00e7do p\u00ebrgjigje t\u00eb ankesave t\u00eb qytetar\u00ebve nga ana juridike;<br \/>\nk) Shqyrton ankesat p\u00ebr nd\u00ebrtimet pa leje.[\/vc_column_text][\/vc_column][\/vc_row]\n","protected":false},"excerpt":{"rendered":"<p>[vc_row][vc_column][vc_column_text]Drejtor: Benard PALAJ Misioni: Drejtoria e Planifikimit, Kontrollit dhe Zhvillimit t\u00eb Territorit \u00ebsht\u00eb p\u00ebrgjegj\u00ebse p\u00ebr mir\u00ebadministrimin e \u00e7do \u00e7\u00ebshtje q\u00eb lidhet me shqyrtimin e vler\u00ebsimit t\u00eb k\u00ebrkesave p\u00ebr lejimin e kryerjes s\u00eb punimeve p\u00ebr zhvillimin e tok\u00ebs ose t\u00eb struktur\u00ebs n\u00eb t\u00eb, deri n\u00eb vendimmarrje, n\u00eb p\u00ebrputhje me p\u00ebrcaktimet e detyrueshme t\u00eb politikave t\u00eb hartuara, [&hellip;]<\/p>\n","protected":false},"author":1,"featured_media":0,"parent":0,"menu_order":0,"comment_status":"closed","ping_status":"closed","template":"","meta":{"footnotes":""},"class_list":["post-3639","page","type-page","status-publish","hentry"],"_links":{"self":[{"href":"https:\/\/www.bashkiakurbin.gov.al\/index.php?rest_route=\/wp\/v2\/pages\/3639","targetHints":{"allow":["GET"]}}],"collection":[{"href":"https:\/\/www.bashkiakurbin.gov.al\/index.php?rest_route=\/wp\/v2\/pages"}],"about":[{"href":"https:\/\/www.bashkiakurbin.gov.al\/index.php?rest_route=\/wp\/v2\/types\/page"}],"author":[{"embeddable":true,"href":"https:\/\/www.bashkiakurbin.gov.al\/index.php?rest_route=\/wp\/v2\/users\/1"}],"replies":[{"embeddable":true,"href":"https:\/\/www.bashkiakurbin.gov.al\/index.php?rest_route=%2Fwp%2Fv2%2Fcomments&post=3639"}],"version-history":[{"count":2,"href":"https:\/\/www.bashkiakurbin.gov.al\/index.php?rest_route=\/wp\/v2\/pages\/3639\/revisions"}],"predecessor-version":[{"id":3642,"href":"https:\/\/www.bashkiakurbin.gov.al\/index.php?rest_route=\/wp\/v2\/pages\/3639\/revisions\/3642"}],"wp:attachment":[{"href":"https:\/\/www.bashkiakurbin.gov.al\/index.php?rest_route=%2Fwp%2Fv2%2Fmedia&parent=3639"}],"curies":[{"name":"wp","href":"https:\/\/api.w.org\/{rel}","templated":true}]}}