{"id":3635,"date":"2023-12-18T22:43:00","date_gmt":"2023-12-18T22:43:00","guid":{"rendered":"https:\/\/www.bashkiakurbin.gov.al\/?page_id=3635"},"modified":"2023-12-18T22:48:40","modified_gmt":"2023-12-18T22:48:40","slug":"sektori-i-sherbimit-te-mbrojtjes-nga-zjarri","status":"publish","type":"page","link":"https:\/\/www.bashkiakurbin.gov.al\/?page_id=3635","title":{"rendered":"SEKTORI I SHERBIMIT TE MBROJTJES NGA ZJARRI"},"content":{"rendered":"<p>[vc_row][vc_column][vc_column_text]Kryezjarr\u00ebfik\u00ebs:Paulin LLESHI<br \/>\nMisioni:<br \/>\nSh\u00ebrbimi i mbrojtjes nga zjarri dhe shp\u00ebtimin, n\u00eb vijim sh\u00ebrbimi i MZSH-s\u00eb, \u00ebsht\u00eb struktur\u00eb e<br \/>\nspecializuar e gatishm\u00ebris\u00eb s\u00eb p\u00ebrhershme.Misioni i k\u00ebtij sh\u00ebrbimi \u00ebsht\u00eb inspektimi, parandalimi,<br \/>\nme masat e mbrojtjes nga zjarri, nd\u00ebrhyrja p\u00ebr shuarjen e zjarreve, shp\u00ebtimi i jet\u00ebs, gj\u00ebs\u00eb s\u00eb<br \/>\ngjall\u00eb, pron\u00ebs, mjedisit, pyjeve dhe kullotave n\u00eb aksidente t\u00eb ndryshme, fatkeq\u00ebsi natyrore, si dhe<br \/>\nn\u00eb ato t\u00eb shkaktuara nga dora e njeriut.<br \/>\nSh\u00ebrbimi i MZSH-s\u00eb \u00ebsht\u00eb institucion i administrat\u00ebs publike, me status t\u00eb ve\u00e7ant\u00eb.<br \/>\nSh\u00ebrbimi i MZSH-s\u00eb ka uniform\u00ebn, me shenjat dalluese p\u00ebrkat\u00ebse, gradat, flamurin dhe stem\u00ebn e<br \/>\nvet,t\u00eb cilat miratohen me vendim t\u00eb K\u00ebshillit t\u00eb Ministrave.<br \/>\nDetyrat dhe p\u00ebrgjegj\u00ebsit\u00eb e Sektorit:<br \/>\na) Informon Kryetarin e Bashkis\u00eb periodikisht p\u00ebr gatishm\u00ebrin\u00eb e automjeteve zjarrfik\u00ebse,<br \/>\ndisiplinen e personelit, zjarret e ndodhura, d\u00ebmet dhe pasojat e tyre.<br \/>\nb) Informon Kryetarin e Bashkis\u00eb p\u00ebr marrjen e masave t\u00eb inspektimit, parandalimit dhe<br \/>\nnd\u00ebrhyrjes p\u00ebr shuarjen e zjarreve dhe shp\u00ebtimin n\u00eb territorin e Bashkis\u00eb.<br \/>\nc) Informon Kryetarin e Bashkis\u00eb lidhur me k\u00ebrkesat prespektive p\u00ebr fuqizimin e mjeteve<br \/>\ndhe modernizimin e teknik\u00ebs zjarrfikese n\u00eb territorin e Bashkis\u00eb.<br \/>\nd) P\u00ebrmbush detyrat n\u00eb zbatim t\u00eb funksioneve t\u00eb deleguara pran\u00eb Bashkis\u00eb dhe informon<br \/>\nKryetarin e Bashkis\u00eb p\u00ebr aktivitetin e k\u00ebtyre z\u00ebrave.<br \/>\ne) N\u00eb zbatim t\u00eb ligjit nr. 139\/2015 \u201cP\u00ebr Vet\u00ebqeverisjen Vendore\u201d, ligjit nr. 152\/2015,\u201cP\u00ebr<br \/>\nSh\u00ebrbimin e Mbrojtjes nga Zjarri dhe Shp\u00ebtimin\u201d, aktet n\u00ebnligjore n\u00eb zbatim, si dhe n\u00eb<br \/>\np\u00ebrputhje me VKM e udh\u00ebzimet e Ministrit Pun\u00ebve t\u00eb Brend\u00ebshme, detyrat e<br \/>\nadministrat\u00ebs s\u00eb Bashkis\u00eb q\u00eb p\u00ebrcaktohen n\u00eb Rregulloren e Brendshme t\u00eb Funksionimit t\u00eb<br \/>\nAdministrates s\u00eb Bashkis\u00eb.<br \/>\nDetyrat e Sektorit t\u00eb sh\u00ebrbimit MZSH-s\u00eb<br \/>\na) Marrjen e masave t\u00eb inspektimit, parandalimit dhe nd\u00ebrhyrjes p\u00ebr shuarjen e zjarreve dhe<br \/>\nshp\u00ebtimin n\u00eb territorin e bashkis\u00eb.<br \/>\nb) Drejtimin e sh\u00ebrbimit t\u00eb MZSH-s\u00eb p\u00ebr gatishm\u00ebrin\u00eb e personelit, t\u00eb automjeteve dhe<br \/>\npajisjeve zjarrfik\u00ebse.<br \/>\nc) Zbatimin e ligjshm\u00ebris\u00eb, zbatimin e masave inspektuese dhe parandaluese p\u00ebr mbrojtjen<br \/>\nnga zjarri dhe shp\u00ebtimin n\u00eb t\u00eb gjitha objektet n\u00eb territorin e bashkise.<br \/>\nd) Bashk\u00ebpunimin, koordinimin e veprimeve t\u00eb strukturave p\u00ebr mbrojtjen nga zjarri dhe<br \/>\nshp\u00ebtimin me strukturat e tjera operuese dhe inspektuese q\u00eb veprojn\u00eb n\u00eb territorin e<br \/>\nbashkis\u00eb.<br \/>\ne) Mbajtjen dhe administrimin e dokumentacionit t\u00eb sh\u00ebrbimit t\u00eb MZSH-s\u00eb, si dhe<br \/>\np\u00ebrpilimin e statistikave p\u00ebr aktivitetin dhe veprimtarin\u00eb e sh\u00ebrbimit n\u00eb nivel vendor, n\u00eb<br \/>\np\u00ebrputhje me legjislacionin n\u00eb fuqi.<\/p>\n<p>f) Kontrollin dhe mbik\u00ebqyrjen e veprimtaris\u00eb s\u00eb sh\u00ebrbimit t\u00eb mbrojtjes nga zjarri dhe<br \/>\nshp\u00ebtimin n\u00eb objektet me r\u00ebnd\u00ebsi ekonomike e strategjike dhe t\u00eb sh\u00ebrbimit vullnetar.<br \/>\ng) Drejton dhe p\u00ebrgjigjet p\u00ebr rritjen e aft\u00ebsive profesionale t\u00eb personelit t\u00eb MZSH-s\u00eb, t\u00eb<br \/>\nsh\u00ebrbimit vullnetar, p\u00ebr zbatimin e programit t\u00eb p\u00ebrgatitjes s\u00eb tyre profesionale, dhe<br \/>\nzhvillon m\u00ebsime treguese p\u00ebr dh\u00ebnien e njohurive t\u00eb mbrojtjes nga zjarri dhe shp\u00ebtimin.[\/vc_column_text][\/vc_column][\/vc_row]\n","protected":false},"excerpt":{"rendered":"<p>[vc_row][vc_column][vc_column_text]Kryezjarr\u00ebfik\u00ebs:Paulin LLESHI Misioni: Sh\u00ebrbimi i mbrojtjes nga zjarri dhe shp\u00ebtimin, n\u00eb vijim sh\u00ebrbimi i MZSH-s\u00eb, \u00ebsht\u00eb struktur\u00eb e specializuar e gatishm\u00ebris\u00eb s\u00eb p\u00ebrhershme.Misioni i k\u00ebtij sh\u00ebrbimi \u00ebsht\u00eb inspektimi, parandalimi, me masat e mbrojtjes nga zjarri, nd\u00ebrhyrja p\u00ebr shuarjen e zjarreve, shp\u00ebtimi i jet\u00ebs, gj\u00ebs\u00eb s\u00eb gjall\u00eb, pron\u00ebs, mjedisit, pyjeve dhe kullotave n\u00eb aksidente t\u00eb ndryshme, [&hellip;]<\/p>\n","protected":false},"author":1,"featured_media":0,"parent":0,"menu_order":0,"comment_status":"closed","ping_status":"closed","template":"","meta":{"footnotes":""},"class_list":["post-3635","page","type-page","status-publish","hentry"],"_links":{"self":[{"href":"https:\/\/www.bashkiakurbin.gov.al\/index.php?rest_route=\/wp\/v2\/pages\/3635","targetHints":{"allow":["GET"]}}],"collection":[{"href":"https:\/\/www.bashkiakurbin.gov.al\/index.php?rest_route=\/wp\/v2\/pages"}],"about":[{"href":"https:\/\/www.bashkiakurbin.gov.al\/index.php?rest_route=\/wp\/v2\/types\/page"}],"author":[{"embeddable":true,"href":"https:\/\/www.bashkiakurbin.gov.al\/index.php?rest_route=\/wp\/v2\/users\/1"}],"replies":[{"embeddable":true,"href":"https:\/\/www.bashkiakurbin.gov.al\/index.php?rest_route=%2Fwp%2Fv2%2Fcomments&post=3635"}],"version-history":[{"count":2,"href":"https:\/\/www.bashkiakurbin.gov.al\/index.php?rest_route=\/wp\/v2\/pages\/3635\/revisions"}],"predecessor-version":[{"id":3638,"href":"https:\/\/www.bashkiakurbin.gov.al\/index.php?rest_route=\/wp\/v2\/pages\/3635\/revisions\/3638"}],"wp:attachment":[{"href":"https:\/\/www.bashkiakurbin.gov.al\/index.php?rest_route=%2Fwp%2Fv2%2Fmedia&parent=3635"}],"curies":[{"name":"wp","href":"https:\/\/api.w.org\/{rel}","templated":true}]}}