{"id":3631,"date":"2023-12-18T22:38:41","date_gmt":"2023-12-18T22:38:41","guid":{"rendered":"https:\/\/www.bashkiakurbin.gov.al\/?page_id=3631"},"modified":"2023-12-18T22:44:21","modified_gmt":"2023-12-18T22:44:21","slug":"agjensia-e-kullimit-dhe-vaditjes","status":"publish","type":"page","link":"https:\/\/www.bashkiakurbin.gov.al\/?page_id=3631","title":{"rendered":"AGJENSIA E KULLIMIT DHE VADITJES"},"content":{"rendered":"<p>[vc_row][vc_column][vc_column_text]P\u00ebrgjegj\u00ebs Sektori: Sami KULLA<br \/>\nMisioni:<br \/>\nAgjensia e Kullimit dhe Vaditjes, \u00ebsht\u00eb p\u00ebrgjegj\u00ebse p\u00ebr administrimin e \u00e7do \u00e7\u00ebshtje q\u00eb lidhet me mbrojtjen,<br \/>\nmenaxhimin, vaditjen dhe kullimin e tokave bujqesore dhe jo bujqesore ne territorin e Bashkise Kurbin, me<br \/>\nq\u00ebllim arritjen e objektivave dhe p\u00ebrmbushjen e rezultateve t\u00eb k\u00ebrkuara nga kjo nj\u00ebsi organizative n\u00ebp\u00ebrmjet<br \/>\np\u00ebrdorimit efi\u00e7ent dhe efikas t\u00eb burimeve financiare dhe njer\u00ebzore n\u00eb dispozicion t\u00eb tij me q\u00ebllim<br \/>\np\u00ebrmbushjen e objektivave dhe misionit t\u00eb Bashkis\u00eb.<br \/>\nDetyrat dhe p\u00ebrgjegj\u00ebsit\u00eb jan\u00eb:<br \/>\na) P\u00ebrgjigjet para Kryetarit t\u00eb Bashkis\u00eb p\u00ebr zbatimin e politikave, strategjive dhe planeve t\u00eb fush\u00ebs<br \/>\np\u00ebrkat\u00ebse, si dhe p\u00ebr sigurimin e mbar\u00ebvajtjes s\u00eb pun\u00ebs s\u00eb Agjensis\u00eb n\u00eb p\u00ebrputhje me ligjet, aktet<br \/>\nn\u00ebnligjore apo aktet rregullatore n\u00eb fuqi.<br \/>\nb) I propozon Kryetarit t\u00eb Bashkis\u00eb llojin dhe sasin\u00eb e burimeve materiale, financiare dhe njer\u00ebzore q\u00eb<br \/>\nnevojiten p\u00ebr realizmin e objektivave dhe p\u00ebrmbushjen e detyrave t\u00eb k\u00ebsaj nj\u00ebsie organizative.<br \/>\nc) Pastron dhe mir\u00ebmban kanalet kulluese, mbledh\u00ebse, tubat dhe strukturat;<br \/>\nd) Shfryt\u00ebzon dhe mir\u00ebmban stacionet e pompave t\u00eb kullimit, hidrovoret dhe kontrollon cil\u00ebsin\u00eb e ujit<br \/>\nq\u00eb kullohet;<br \/>\ne) Mir\u00ebmban dhe rregullon sistemet kryesore t\u00eb kullimit dhe veprat e mbrojtjes nga p\u00ebrmbytja;<br \/>\nf) Merr masa p\u00ebr menaxhimin e p\u00ebrrenjve, kur \u00ebsht\u00eb e nevojshme, p\u00ebr t\u00eb parandaluar ose zvog\u00ebluar<br \/>\nndikimet e erozionit.<br \/>\ng) Mbik\u00ebqyr q\u00eb burimet materiale, financiare dhe njer\u00ebzore, n\u00eb dispozicion t\u00eb k\u00ebsaj nj\u00ebsie organizative<br \/>\nt\u00eb p\u00ebrdoren n\u00eb m\u00ebnyr\u00eb efi\u00e7ente dhe efikase duke respektuar t\u00eb gjith\u00eb kuadrin normativ dhe<br \/>\nrregullator n\u00eb fuqi n\u00eb Republik\u00ebn e Shqip\u00ebris\u00eb.<br \/>\nh) \u00cbsht\u00eb p\u00ebrgjegj\u00ebs p\u00ebr drejtimin dhe kontrollin e realizimit t\u00eb detyrave nga specialist\u00ebt e Agjensis\u00eb q\u00eb<br \/>\ndrejton;<br \/>\ni) Bashk\u00ebrendon bashk\u00ebpunimin midis nj\u00ebsive t\u00eb tjera p\u00ebrb\u00ebr\u00ebse t\u00eb drejtoris\u00eb dhe me nj\u00ebsit\u00eb e tjera<br \/>\norganizative;<br \/>\nj) Jep detaje, n\u00eb p\u00ebrputhje me fush\u00ebn p\u00ebrkat\u00ebse t\u00eb kompetenc\u00ebs, p\u00ebr materialet q\u00eb paraqiten n\u00eb<br \/>\nK\u00ebshillin Bashkiak, si dhe ndjek dhe kujdeset p\u00ebr zbatimin e vendimeve t\u00eb marra.[\/vc_column_text][\/vc_column][\/vc_row]\n","protected":false},"excerpt":{"rendered":"<p>[vc_row][vc_column][vc_column_text]P\u00ebrgjegj\u00ebs Sektori: Sami KULLA Misioni: Agjensia e Kullimit dhe Vaditjes, \u00ebsht\u00eb p\u00ebrgjegj\u00ebse p\u00ebr administrimin e \u00e7do \u00e7\u00ebshtje q\u00eb lidhet me mbrojtjen, menaxhimin, vaditjen dhe kullimin e tokave bujqesore dhe jo bujqesore ne territorin e Bashkise Kurbin, me q\u00ebllim arritjen e objektivave dhe p\u00ebrmbushjen e rezultateve t\u00eb k\u00ebrkuara nga kjo nj\u00ebsi organizative n\u00ebp\u00ebrmjet p\u00ebrdorimit efi\u00e7ent dhe [&hellip;]<\/p>\n","protected":false},"author":1,"featured_media":0,"parent":0,"menu_order":0,"comment_status":"closed","ping_status":"closed","template":"","meta":{"footnotes":""},"class_list":["post-3631","page","type-page","status-publish","hentry"],"_links":{"self":[{"href":"https:\/\/www.bashkiakurbin.gov.al\/index.php?rest_route=\/wp\/v2\/pages\/3631","targetHints":{"allow":["GET"]}}],"collection":[{"href":"https:\/\/www.bashkiakurbin.gov.al\/index.php?rest_route=\/wp\/v2\/pages"}],"about":[{"href":"https:\/\/www.bashkiakurbin.gov.al\/index.php?rest_route=\/wp\/v2\/types\/page"}],"author":[{"embeddable":true,"href":"https:\/\/www.bashkiakurbin.gov.al\/index.php?rest_route=\/wp\/v2\/users\/1"}],"replies":[{"embeddable":true,"href":"https:\/\/www.bashkiakurbin.gov.al\/index.php?rest_route=%2Fwp%2Fv2%2Fcomments&post=3631"}],"version-history":[{"count":2,"href":"https:\/\/www.bashkiakurbin.gov.al\/index.php?rest_route=\/wp\/v2\/pages\/3631\/revisions"}],"predecessor-version":[{"id":3634,"href":"https:\/\/www.bashkiakurbin.gov.al\/index.php?rest_route=\/wp\/v2\/pages\/3631\/revisions\/3634"}],"wp:attachment":[{"href":"https:\/\/www.bashkiakurbin.gov.al\/index.php?rest_route=%2Fwp%2Fv2%2Fmedia&parent=3631"}],"curies":[{"name":"wp","href":"https:\/\/api.w.org\/{rel}","templated":true}]}}