{"id":3622,"date":"2023-12-18T22:20:26","date_gmt":"2023-12-18T22:20:26","guid":{"rendered":"https:\/\/www.bashkiakurbin.gov.al\/?page_id=3622"},"modified":"2023-12-18T22:31:44","modified_gmt":"2023-12-18T22:31:44","slug":"agjensia-e-administrimit-te-pyjeve-dhe-kullotave","status":"publish","type":"page","link":"https:\/\/www.bashkiakurbin.gov.al\/?page_id=3622","title":{"rendered":"AGJENSIA E ADMINISTRIMIT T\u00cb PYJEVE DHE KULLOTAVE"},"content":{"rendered":"<p>[vc_row][vc_column][vc_column_text]P\u00ebrgjegj\u00ebse Sektori: Esiona SULA<br \/>\nMisioni Agjensis\u00eb:<br \/>\nOrganizon dhe ngre struktur\u00ebn p\u00ebr administrimin, qeverisjen dhe mbrojtjen e fondit pyjor dhe kullosor<br \/>\nbrenda kufijve territorial\u00eb administrativ\u00eb, me personel inxhiniero-teknik me arsim pyjor.<br \/>\nKa p\u00ebr q\u00ebllim mbrojtjen e mjedisit n\u00eb nj\u00eb nivel t\u00eb lart\u00eb, ruajtjen dhe p\u00ebrmir\u00ebsimin e tij, parandalimin dhe<br \/>\npak\u00ebsimin e rreziqeve ndaj jet\u00ebs e sh\u00ebndetit t\u00eb njeriut, sigurimin dhe p\u00ebrmir\u00ebsimin e cil\u00ebsis\u00eb s\u00eb jet\u00ebs, n\u00eb dobi<br \/>\nt\u00eb brezave t\u00eb sot\u00ebm dhe t\u00eb ardhsh\u00ebm.<br \/>\nDetyrat dhe p\u00ebrgjegj\u00ebsit\u00eb e Agjensis\u00eb;<br \/>\na) Agjensia ka p\u00ebrgjegj\u00ebsi p\u00ebr administrimin, qeverisjen dhe zhvillimin e fondit pyjor e kullosor publik,<br \/>\nn\u00eb p\u00ebrputhje me politikat dhe strategjit\u00eb e miratuara, legjislacionin n\u00eb fuqi dhe detyrimet q\u00eb lindin<br \/>\nnga marr\u00ebveshjet, konventat, protokollet dhe traktatet nd\u00ebrkomb\u00ebtare, ku Republika e Shqip\u00ebris\u00eb<br \/>\n\u00ebsht\u00eb pal\u00eb.<br \/>\nb) Mban dhe administron t\u00eb gjitha dokumentat p\u00ebr hartimin dhe zbatimin e planeve t\u00eb mbar\u00ebshtimit dhe<br \/>\nt\u00eb inventarizimit pyjor, t\u00eb kadastr\u00ebs pyjore, t\u00eb financ\u00ebs, t\u00eb pasurive t\u00eb luajtshme dhe te paluajtshme,<br \/>\nt\u00eb dh\u00ebnave baz\u00eb p\u00ebr t\u00ebrsin\u00eb e fondit pyjor e kullosor dhe te tokave pyjore, si dhe t\u00eb punimeve t\u00eb<br \/>\nndryshme statistikore.<br \/>\nc) Mbrojtja e fondit pyjor e kullosor publik nga faktor\u00ebt e ndrysh\u00ebm biotik\u00eb e abiotik\u00eb dhe marrja e<br \/>\nmasave p\u00ebr p\u00ebrmir\u00ebsimin e gjendjes.<br \/>\nd) P\u00ebrgatitja e projektplanit vjetor buxhetor p\u00ebr t\u00eb plot\u00ebsuar nevojat financiare t\u00eb operacioneve dhe<br \/>\nmasave teknike, q\u00eb parashikon t\u00eb kryej\u00eb n\u00eb sip\u00ebrfaqet dhe fondin pyjor\/kullosor n\u00eb pron\u00ebsi, p\u00ebr vitin<br \/>\npasardh\u00ebs buxhetor.<br \/>\ne) Njoftimi i inspektoratit t\u00eb policis\u00eb p\u00ebr shkeljet dhe d\u00ebmtimet e konstatuara n\u00eb fondin pyjor dhe<br \/>\nkullosor n\u00eb pron\u00ebsi t\u00eb saj.<br \/>\nf) Sh\u00ebrbimi k\u00ebshillimor, p\u00ebr trajtimin, zhvillimin dhe mbrojtjen e pyjeve dhe kullotave n\u00eb<br \/>\np\u00ebrdorim\/pron\u00ebsi t\u00eb tyre, si pjes\u00eb integrale e fondit pyjor e kullosor komb\u00ebtar.<br \/>\ng) Mbajtja e nj\u00eb regjistri p\u00ebr t\u00eb dh\u00ebnat kadastrale, p\u00ebr fondin pyjor dhe kullosor publik e privat<br \/>\nbrendaterritorit t\u00eb tyre administrativ, dhe p\u00ebrdit\u00ebsimi i tyre n\u00eb m\u00ebnyr\u00eb periodike.<br \/>\nh) Mbar\u00ebshtimi i fondit pyjor dhe kullosor n\u00eb territorin e tyre.<br \/>\ni) Hartimi i planeve operacionale p\u00ebr aktivitetet vjetore n\u00eb pyje dhe kullota, hartohet bazuar n\u00eb t\u00eb<br \/>\ndh\u00ebnat e planit t\u00eb mbar\u00ebshtimit t\u00eb pyjeve dhe kullotave.<br \/>\na) Ndjek punimet e planeve t\u00eb mbar\u00ebshtimit dhe t\u00eb inventarizimeve t\u00eb pyjeve, t\u00eb kullotave, t\u00eb flor\u00ebs dhe<br \/>\nte faun\u00ebs s\u00eb eg\u00ebr.<br \/>\nb) Kontrollon p\u00ebrgatitjen e projekteve p\u00ebr investimet n\u00eb pyje dhe kullota.<br \/>\nc) Kontrollon mbik\u00ebqyrjen p\u00ebr zhvillimin e flor\u00ebs dhe faun\u00ebs s\u00eb eg\u00ebr, llojeve t\u00eb rrezikuara t\u00eb rralla ose<br \/>\nn\u00eb rrezik.<br \/>\nd) Kontrollon dhe merr n\u00eb dor\u00ebzim punimet e kryera ne pyje e kullotat.[\/vc_column_text][\/vc_column][\/vc_row]\n","protected":false},"excerpt":{"rendered":"<p>[vc_row][vc_column][vc_column_text]P\u00ebrgjegj\u00ebse Sektori: Esiona SULA Misioni Agjensis\u00eb: Organizon dhe ngre struktur\u00ebn p\u00ebr administrimin, qeverisjen dhe mbrojtjen e fondit pyjor dhe kullosor brenda kufijve territorial\u00eb administrativ\u00eb, me personel inxhiniero-teknik me arsim pyjor. Ka p\u00ebr q\u00ebllim mbrojtjen e mjedisit n\u00eb nj\u00eb nivel t\u00eb lart\u00eb, ruajtjen dhe p\u00ebrmir\u00ebsimin e tij, parandalimin dhe pak\u00ebsimin e rreziqeve ndaj jet\u00ebs e sh\u00ebndetit [&hellip;]<\/p>\n","protected":false},"author":1,"featured_media":0,"parent":0,"menu_order":0,"comment_status":"closed","ping_status":"closed","template":"","meta":{"footnotes":""},"class_list":["post-3622","page","type-page","status-publish","hentry"],"_links":{"self":[{"href":"https:\/\/www.bashkiakurbin.gov.al\/index.php?rest_route=\/wp\/v2\/pages\/3622","targetHints":{"allow":["GET"]}}],"collection":[{"href":"https:\/\/www.bashkiakurbin.gov.al\/index.php?rest_route=\/wp\/v2\/pages"}],"about":[{"href":"https:\/\/www.bashkiakurbin.gov.al\/index.php?rest_route=\/wp\/v2\/types\/page"}],"author":[{"embeddable":true,"href":"https:\/\/www.bashkiakurbin.gov.al\/index.php?rest_route=\/wp\/v2\/users\/1"}],"replies":[{"embeddable":true,"href":"https:\/\/www.bashkiakurbin.gov.al\/index.php?rest_route=%2Fwp%2Fv2%2Fcomments&post=3622"}],"version-history":[{"count":2,"href":"https:\/\/www.bashkiakurbin.gov.al\/index.php?rest_route=\/wp\/v2\/pages\/3622\/revisions"}],"predecessor-version":[{"id":3626,"href":"https:\/\/www.bashkiakurbin.gov.al\/index.php?rest_route=\/wp\/v2\/pages\/3622\/revisions\/3626"}],"wp:attachment":[{"href":"https:\/\/www.bashkiakurbin.gov.al\/index.php?rest_route=%2Fwp%2Fv2%2Fmedia&parent=3622"}],"curies":[{"name":"wp","href":"https:\/\/api.w.org\/{rel}","templated":true}]}}