{"id":3615,"date":"2023-12-15T10:06:46","date_gmt":"2023-12-15T10:06:46","guid":{"rendered":"https:\/\/www.bashkiakurbin.gov.al\/?page_id=3615"},"modified":"2023-12-15T10:09:41","modified_gmt":"2023-12-15T10:09:41","slug":"drejtoria-per-koordinimin-e-integrimit-europian-dhe-ndihmes-se-huaj-2","status":"publish","type":"page","link":"https:\/\/www.bashkiakurbin.gov.al\/?page_id=3615","title":{"rendered":"DREJTORIA P\u00cbR KOORDINIMIN E INTEGRIMIT EUROPIAN DHE NDIHM\u00cbS S\u00cb HUAJ"},"content":{"rendered":"<p>[vc_row][vc_column][vc_column_text]<strong>Misioni i Drejtoris\u00eb:<\/strong><\/p>\n<p>Drejtoria p\u00ebr Koordinimin e Integrimit Europian dhe Ndihm\u00ebs s\u00eb Huaj, ka mision administrimin e \u00e7\u00ebshtjeve q\u00eb lidhen me promovimin e vlerave t\u00eb territorit me q\u00ebllim nxitjen e donatoreve, vendas apo t\u00eb huaj, forcimin e bashk\u00ebpunimit me partner t\u00eb huaj dhe vendas me q\u00ebllim zbatimin, menaxhimin, mbik\u00ebqyrjen dhe koordinimin e projekteve t\u00eb nd\u00ebrrmarra me q\u00ebllim p\u00ebrmbushjen e interesave ekonomik\u00eb, social, kuluror\u00eb apo sportiv\u00eb t\u00eb nj\u00ebsis\u00eb s\u00eb qeverisjes vendore si dhe ofrimin e sh\u00ebrbimeve dhe leht\u00ebsimin e pro\u00e7edurave p\u00ebr t\u00eb gjith\u00eb donator\u00ebt apo investitor\u00ebt t\u00eb huaj apo vendas, q\u00eb nd\u00ebrrmarrin nisma n\u00eb territorin e Bashkis\u00eb Kurbin.<\/p>\n<p>Rritjen e p\u00ebrgjegj\u00ebsis\u00eb p\u00ebr monitorimin e zbatimit t\u00eb strategjive, politikave dhe planeve t\u00eb fush\u00ebs p\u00ebrkat\u00ebse n\u00eb t\u00eb gjith\u00eb territorin e Bashkis\u00eb, si dhe p\u00ebr strukturat n\u00eb var\u00ebsi, programet, veprimtarit\u00eb<\/p>\n<p>dhe pro\u00e7eset q\u00eb menaxhohen prej saj, n\u00eb p\u00ebrputhje me parimet e ligjshm\u00ebris\u00eb dhe t\u00eb transparences.<\/p>\n<p><strong>\u00a0<\/strong><\/p>\n<p><strong>Objektivat e Drejtoris\u00eb jan\u00eb:<\/strong><\/p>\n<ol>\n<li>Menaxhon organizimin dhe realizimin e t\u00eb gjith\u00eb veprimtaris\u00eb kryesore qe lidhet me koordinimin dhe monitorimin e pro\u00e7esit t\u00eb Integrimit Europian;<\/li>\n<li>Zhvillon nj\u00eb sistem t\u00eb konsoliduar dhe profesional p\u00ebr komunikimin nd\u00ebr-institucional midis Bashkis\u00eb Kurbin dhe institucioneve vendase dhe t\u00eb huaja p\u00ebr realizimin e t\u00eb gjith\u00eb eventeve t\u00eb Kryetarit t\u00eb Bashkis\u00eb dhe per zbatimin e marr\u00ebveshjeve p\u00ebr Stabilizim \u2013 Asociimin t\u00eb vendit;<\/li>\n<li>Siguron ndjekjen e vazhdueshme t\u00eb t\u00eb gjitha projekteve q\u00eb krijohen t\u00eb takimeve te Kryetarit t\u00eb Bashkis\u00eb dhe koordinon pun\u00ebn me Drejtorit\u00eb p\u00ebrkat\u00ebse brenda Institucionit t\u00eb Bashkis\u00eb;<\/li>\n<li>Siguron drejtimin strategjik n\u00eb komunikimin efektiv dhe bashk\u00ebpunimin e ngusht\u00eb me strukturat e tjera p\u00ebrkat\u00ebse t\u00eb Bashkis\u00eb, institucioneve vendase dhe t\u00eb huaja n\u00eb zbatimin t\u00eb programeve t\u00eb vizitave t\u00eb delegacioneve duke realizuar t\u00eb gjith\u00eb veprimtaris\u00eb pro\u00e7esit t\u00eb Integrimit Europian t\u00eb Kryetarit t\u00eb Bashkis\u00eb dhe t\u00eb Institucionit;<\/li>\n<li>Ndjek p\u00ebrgatitjen n\u00eb koh\u00eb t\u00eb praktikave lidhur me \u00e7\u00ebshtjet e Integrimit Europian dhe negocimi i marr\u00ebveshjeve, protokolleve t\u00eb bashk\u00ebpunimit bilateral dhe me institucionet financiare nd\u00ebrkomb\u00ebtare;<\/li>\n<\/ol>\n<p>&nbsp;<\/p>\n<p>&nbsp;<\/p>\n<p><strong>Detyrat dhe p\u00ebrgjegj\u00ebsit\u00eb e Drejtoris\u00eb:<\/strong><\/p>\n<ol>\n<li>Koordinimi dhe bashk\u00ebrendimi i procesit t\u00eb Integrimit Evropian, si dhe asistenc\u00ebs s\u00eb Bashkimit Evropian n\u00eb nivel vendor<\/li>\n<li>Mb\u00ebshtetja e strukturave administrative t\u00eb bashkis\u00eb p\u00ebr zbatimin e politikave, t\u00eb legjislacionit, t\u00eb investimeve dhe t\u00eb sh\u00ebrbimeve t\u00eb lidhura apo q\u00eb rrjedhin nga procesi i integrimit evropian, n\u00eb nivel vendor;<\/li>\n<li>Bashk\u00ebrendimi i strukturave administrative dhe p\u00ebrfaq\u00ebsimi i bashkis\u00eb n\u00eb marr\u00ebdh\u00ebnien me strukturat e qeverisjes qendrore, p\u00ebrgjegj\u00ebse p\u00ebr integrimin evropian dhe proceset p\u00ebrb\u00ebr\u00ebse t\u00eb tij;<\/li>\n<li>Bashk\u00ebrendimi, organizimi dhe drejtimi i aktivitetit publik t\u00eb bashkis\u00eb, me q\u00ebllim realizimin e funksioneve t\u00eb veta, apo t\u00eb deleguara n\u00eb kuad\u00ebr t\u00eb procesit t\u00eb integrimit evropian;<\/li>\n<li>Pjes\u00ebmarrja dhe p\u00ebrfaq\u00ebsimi i bashkis\u00eb, kur k\u00ebrkohet dhe sipas nivelit t\u00eb p\u00ebrcaktuar, n\u00eb forumet, strukturat konsultuese apo aktivitete t\u00eb tjera t\u00eb organizuara nga institucionet qendrore n\u00eb kuad\u00ebr t\u00eb procesit t\u00ebintegrimit evropian;<\/li>\n<li>Bashk\u00ebrendimi i strukturave administrative t\u00eb bashkis\u00eb p\u00ebr rritjen e kapacitetit p\u00ebrthith\u00ebs t\u00eb p\u00ebrdorimit t\u00eb asistenc\u00ebs s\u00eb Bashkimit Evropian p\u00ebr pro\u00e7esin e integrimit evropian n\u00eb nivel vendor;<\/li>\n<li>Bashk\u00ebrendimi, organizimi dhe drejtimi i aktivitetit t\u00eb bashkis\u00eb, me q\u00ebllim programimin dhe zbatimin me efi\u00e7enc\u00eb t\u00eb asistenc\u00ebs t\u00eb Bashkimit Evropian n\u00eb nivel vendor;<\/li>\n<li>Mb\u00ebshtetja dhe drejtimi i strukturave administrative t\u00eb bashkis\u00eb p\u00ebr p\u00ebrgatitjen e projekteve n\u00eb kuad\u00ebr t\u00ebprogrameve t\u00eb asistenc\u00ebs s\u00eb Bashkimit Evropian si dhe informimi i qart\u00eb dhe n\u00eb koh\u00eb p\u00ebr Thirrjet p\u00ebr Aplikime t\u00eb shpallura n\u00eb kuad\u00ebr t\u00eb Programeve t\u00eb Bashk\u00ebpunimit Nd\u00ebrkufitar dhe Territorial t\u00eb BE-s\u00eb;<\/li>\n<li>Organizimi i aktiviteteve informuese dhe promovuese mbi programet dhe projektet e Bashkimit Evropian, me mbik\u00ebqyrjen dhe mb\u00ebshtetjen e strukturave t\u00eb Koordinatorit Komb\u00ebtar t\u00eb Instrumentit t\u00eb Parazgjerimit (NIPAC);<\/li>\n<li>Mbikqyrja dhe realizimi i t\u00eb gjith\u00eb hapave p\u00ebr zbatimin me korrekt\u00ebsi t\u00eb projekteve t\u00eb financuara nga Programet e BE-s\u00eb duke siguruar n\u00eb t\u00eb nj\u00ebjt\u00ebn koh\u00eb koordinimin efektiv t\u00eb strukturave p\u00ebrgjegj\u00ebse brenda bashkis\u00eb;<\/li>\n<li>djeka e komunikimit zyrtar me Ministrin\u00eb e Financave dhe Ekonomis\u00ebdhe Ministrin\u00eb p\u00ebr Evrop\u00ebn dhe Pun\u00ebt e Jashtme p\u00ebr \u00e7\u00ebshtjet q\u00eb lidhen me zbatimin e projektit duke garantuar hapjen n\u00eb koh\u00eb dhe pa vonesa edhe t\u00eb llogarive financiare<\/li>\n<li>Sigurimi q\u00eb i gjith\u00eb informacioni lidhur me p\u00ebrdormin e sisteme t\u00eb rregjistrimit n\u00eb platformat elektronike t\u00eb programeve t\u00eb ndryshme t\u00eb Bashkimit Evropian ( PIC Number n\u00eb EU Loging, PADOR etj) \u00ebsht\u00eb depozituar pran\u00eb zyr\u00ebs s\u00eb arshiv\u00ebs s\u00eb Bashkis\u00eb dhe vendoset n\u00eb dispozicion t\u00eb strukturave t\u00eb ndryshme n\u00eb rastet e aplikimeve p\u00ebr fonde.<\/li>\n<li>Monitorimi i zbatimit t\u00eb projekteve t\u00eb financuara nga BE dhe donator\u00ebt e tjer\u00eb<\/li>\n<\/ol>\n<p><strong>\u00a0<\/strong><\/p>\n<p><strong>SEKTORI P\u00cbR KOORDINIMIN E INTEGRIMIT EVROPIAN DHE NDIHM\u00cbS S\u00cb HUAJ, MIGRACIONIT DHE\u00a0 DIASPOR\u00cbS<\/strong><\/p>\n<p><strong>Detyrat dhe p\u00ebrgjegj\u00ebsit\u00eb jan\u00eb:<\/strong><\/p>\n<ol>\n<li>Identifikimi i prioriteteve sektoriale p\u00ebr investime dhe formave t\u00eb tjera t\u00ebasistenc\u00ebs teknike,bazuar n\u00eb Planet Strategjike t\u00ebZhvillimit, apo Programeve p\u00ebr Zhvillimin Ekonomik Vendor t\u00eb Bashkis\u00eb;<\/li>\n<li>Sigurimi i nj\u00ebprocesi konsultimi intensiv me t\u00eb gjitha strukturat e brendshmet\u00eb Bashkis\u00eb dhe ato vendim-marr\u00ebse, p\u00ebr p\u00ebrcaktimin e list\u00ebs s\u00eb projekteve prioritare p\u00ebr financim nga donator\u00ebt (<em><u>Aneks 1<\/u><\/em>: Format i prezantimit t\u00eb projekt-ides\u00eb);<\/li>\n<li>Koordinimii procesit t\u00ebp\u00ebrgatitjes dhemiratimit t\u00eb programeve\/projekteve p\u00ebr financim dhe ofrimin e k\u00ebshillave p\u00ebr vendim-marr\u00ebsit, mbi p\u00ebrmir\u00ebsimin e cil\u00ebsis\u00eb s\u00eb tyre dhe rritjen e aft\u00ebsis\u00eb p\u00ebrthith\u00ebse t\u00eb fondeve;<\/li>\n<li>Organizimi i takimeve periodike me bashkit\u00eb e tjera n\u00eb nivel qarku apo m\u00eb gjer\u00eb, si dhe me grupet e interesit, p\u00ebr identifikimin e prioriteteve strategjike rajonale dhe hartimin e programeve e projekteve t\u00eb p\u00ebrbashk\u00ebta p\u00ebr financim;<\/li>\n<li>Bashk\u00ebrendimi dhe koordinimi me strukturat e Bashkis\u00eb dhe K\u00ebshillin Bashkiak, p\u00ebr p\u00ebrfshirjen e t\u00eb gjitha projekteve t\u00eb financuara nga donator\u00ebt n\u00eb buxhetin vjetor si dhe n\u00ebProgramin Buxhetor Afatmes\u00ebm (PBA), dhe parashikimin e detyruesh\u00ebm t\u00ebkostos lokale (bashk\u00ebfinancimi n\u00ebse ka dhe TVSH).<\/li>\n<li>Koordinimi dhe bashk\u00ebrendimi i pun\u00ebs me institucionet e tjera Q\u00ebndrore,<\/li>\n<li>Komunikimi, transmetimi i rezultateve dhe transparenca<\/li>\n<li>Sigurimi i komunikimit efektiv dhe periodik met\u00eb gjitha strukturat e Bashkis\u00eb dhe K\u00ebshillin Bashkiak p\u00ebr\u00e7\u00ebshtjet e lidhura me pro\u00e7esin e Integrimit Evropian dhe hapave t\u00eb nd\u00ebrmarra nga bashkia;<\/li>\n<li>P\u00ebrgatitja dhe shp\u00ebrndarja e informacionit leht\u00ebsisht t\u00eb kuptuesh\u00ebm,mbi projektet e financuara nga programet e asistenc\u00ebs s\u00eb BE dhe donator\u00ebt e tjer\u00eb,ku p\u00ebrfituese \u00ebsht\u00eb Bashkia (<em><u>Aneks 2<\/u><\/em>: Format p\u00ebr raportimin e projekteve me financim t\u00eb huaj);<\/li>\n<li>Transmetimi i rregullt tek publiku dhe grupet e tjera t\u00eb interesit,i informacionit dhe rezultatevembi procesin e integrimit evropian, p\u00ebr politikat e BE-s\u00eb dhe mund\u00ebsit\u00eb p\u00ebr p\u00ebrfitim nga asistenca e Bashkimit Evropian;<\/li>\n<li>P\u00ebrgatitja dhe publikimi n\u00eb seksionin \u201cK\u00ebndi i BE-s\u00eb, n\u00ebfaqen e internetit t\u00eb Bashkis\u00eb, t\u00eb informacioneve t\u00eb strukturuara mbi Bashkimin Evropian, procesine integrimit evropian t\u00eb Shqip\u00ebris\u00eb, si dhe mbi programet\/projektet e financuara nga BE dhe donator\u00ebt e tjer\u00eb,n\u00eb territorin e Bashkis\u00eb apo Qarkut.<\/li>\n<\/ol>\n<p>[\/vc_column_text][\/vc_column][\/vc_row]\n","protected":false},"excerpt":{"rendered":"<p>[vc_row][vc_column][vc_column_text]Misioni i Drejtoris\u00eb: Drejtoria p\u00ebr Koordinimin e Integrimit Europian dhe Ndihm\u00ebs s\u00eb Huaj, ka mision administrimin e \u00e7\u00ebshtjeve q\u00eb lidhen me promovimin e vlerave t\u00eb territorit me q\u00ebllim nxitjen e donatoreve, vendas apo t\u00eb huaj, forcimin e bashk\u00ebpunimit me partner t\u00eb huaj dhe vendas me q\u00ebllim zbatimin, menaxhimin, mbik\u00ebqyrjen dhe koordinimin e projekteve t\u00eb nd\u00ebrrmarra [&hellip;]<\/p>\n","protected":false},"author":1,"featured_media":0,"parent":0,"menu_order":0,"comment_status":"closed","ping_status":"closed","template":"","meta":{"footnotes":""},"class_list":["post-3615","page","type-page","status-publish","hentry"],"_links":{"self":[{"href":"https:\/\/www.bashkiakurbin.gov.al\/index.php?rest_route=\/wp\/v2\/pages\/3615","targetHints":{"allow":["GET"]}}],"collection":[{"href":"https:\/\/www.bashkiakurbin.gov.al\/index.php?rest_route=\/wp\/v2\/pages"}],"about":[{"href":"https:\/\/www.bashkiakurbin.gov.al\/index.php?rest_route=\/wp\/v2\/types\/page"}],"author":[{"embeddable":true,"href":"https:\/\/www.bashkiakurbin.gov.al\/index.php?rest_route=\/wp\/v2\/users\/1"}],"replies":[{"embeddable":true,"href":"https:\/\/www.bashkiakurbin.gov.al\/index.php?rest_route=%2Fwp%2Fv2%2Fcomments&post=3615"}],"version-history":[{"count":2,"href":"https:\/\/www.bashkiakurbin.gov.al\/index.php?rest_route=\/wp\/v2\/pages\/3615\/revisions"}],"predecessor-version":[{"id":3618,"href":"https:\/\/www.bashkiakurbin.gov.al\/index.php?rest_route=\/wp\/v2\/pages\/3615\/revisions\/3618"}],"wp:attachment":[{"href":"https:\/\/www.bashkiakurbin.gov.al\/index.php?rest_route=%2Fwp%2Fv2%2Fmedia&parent=3615"}],"curies":[{"name":"wp","href":"https:\/\/api.w.org\/{rel}","templated":true}]}}