{"id":3609,"date":"2023-12-15T09:55:56","date_gmt":"2023-12-15T09:55:56","guid":{"rendered":"https:\/\/www.bashkiakurbin.gov.al\/?page_id=3609"},"modified":"2023-12-15T09:59:21","modified_gmt":"2023-12-15T09:59:21","slug":"drejtoria-e-mjedisit","status":"publish","type":"page","link":"https:\/\/www.bashkiakurbin.gov.al\/?page_id=3609","title":{"rendered":"DREJTORIA E MJEDISIT"},"content":{"rendered":"<p>[vc_row][vc_column][vc_column_text]<strong>Drejtor: Petrit XHELADINI<\/strong><\/p>\n<p><strong>Misioni i Drejtoris\u00eb:<\/strong><\/p>\n<p>Kjo drejtori synon zbatimin e rregullave dhe ligjeve p\u00ebr t\u00eb siguruar nj\u00eb zhvillim t\u00eb q\u00ebndruesh\u00ebm ekonomik duke u dh\u00ebn\u00eb prioritet faktor\u00ebve vendimtar\u00eb q\u00eb luajn\u00eb rol t\u00eb r\u00ebnd\u00ebsish\u00ebm n\u00eb shtimin prodhimit bujq\u00ebsor dhe blegtoral, ruajtjen e mjedisit, zhvillimin dhe shtimin e fondit pyjor si edhe ne cil\u00ebsine e sigurin\u00eb ushqimore.<\/p>\n<p>T\u00eb siguroj\u00eb p\u00ebrputhshm\u00ebrine e politikave t\u00eb ndjekura nga Bashkia Kurbin ne ushtrimin e funksioneve dhe veprimtaris\u00eb s\u00eb saj me kuadrin ligjor t\u00eb Republik\u00ebs s\u00eb Shqip\u00ebris\u00eb, duke u mb\u00ebshtetur mbi baz\u00ebn ligjore p\u00ebr \u00e7\u00ebshtjet dhe k\u00ebrkesat q\u00eb trajton.<\/p>\n<p>Menaxhimin dhe kontrollin e prodhimit bujq\u00ebsor e blegtoral, tregut ushqimor, t\u00eb flor\u00ebs dhe t\u00eb faunes s\u00eb eg\u00ebr, bim\u00ebve mjek\u00ebsore e t\u00eb burimeve t\u00eb tjera pyjore e jo pyjore.<\/p>\n<p>&nbsp;<\/p>\n<p><strong>Objektivat kryesore t\u00eb Drejtoris\u00eb jan\u00eb:<\/strong><\/p>\n<ol>\n<li>Rritja e prodhimit bujq\u00ebsor dhe blegtoral n\u00ebp\u00ebrmjet rritjes intensive t\u00eb rendimenteve duke orientuar drejt nj\u00eb strukture t\u00eb kulturave bujq\u00ebsore m\u00eb t\u00eb leverdisshme nga ana ekonomike;<\/li>\n<li>Garantimi i p\u00ebrdorimit t\u00eb kapaciteteve ujore q\u00eb ka n\u00eb Bashki, n\u00ebp\u00ebrmjet p\u00ebrmiresimit dhe mir\u00ebmbajtjes s\u00eb vazhdueshme t\u00eb rrjetit ujit\u00ebs dhe kullues;<\/li>\n<li>Zbatimi i procedurave ligjore p\u00ebr pajisjen n\u00eb mas\u00ebn 100% t\u00eb fermereve me tituj pron\u00ebsie;<\/li>\n<li>Ndihm\u00eb dhe kontroll t\u00eb vazhduesh\u00ebm t\u00eb tregjeve t\u00eb produkteve bujq\u00ebsore dhe t\u00eb baxhove n\u00ebn juridiksionin territorial t\u00eb Bashkis\u00eb;<\/li>\n<li>Stabiliteti i tregut, duke garantuar q\u00ebndrueshm\u00ebri n\u00eb prodhimin bujq\u00ebsor;<\/li>\n<li>Cil\u00ebsia dhe siguria ushqimore, duke garantuar q\u00eb zinxhiri ushqimor t\u00eb ket\u00eb nj\u00eb cil\u00ebsi t\u00eb q\u00ebndrueshme dhe t\u00eb mos shkaktoj\u00eb pasoja t\u00eb d\u00ebmshme n\u00eb sh\u00ebndetin e njer\u00ebzve;<\/li>\n<li>Administrimi dhe mbrojtja e vazhdueshme e tokave bujq\u00ebsore, pyjeve dhe kullotave zhvillimin e flor\u00ebs dhe faunes s\u00eb eg\u00ebr, llojeve t\u00eb rrezikuara te rralla ose n\u00eb rrezik;<\/li>\n<li>Mbrojtjen e mjedisit n\u00eb nj\u00eb nivel t\u00eb lart\u00eb, ruajtjen dhe p\u00ebrmir\u00ebsimin e tij;<\/li>\n<li>Parandalimin dhe pak\u00ebsimin e rreziqeve ndaj jet\u00ebs e sh\u00ebndetit t\u00eb njeriut;<\/li>\n<li>Sigurimin dhe p\u00ebrmir\u00ebsimin e cil\u00ebsis\u00eb s\u00eb jet\u00ebs, n\u00eb dobi t\u00eb brezave t\u00eb sot\u00ebm dhe t\u00eb ardhsh\u00ebm, si dhe sigurimin e kushteve p\u00ebr zhvillimin e q\u00ebndruesh\u00ebm t\u00eb vendit.<\/li>\n<\/ol>\n<p>&nbsp;<\/p>\n<p><strong>Detyrat dhe P\u00ebrgjegj\u00ebsit\u00eb e Drejtoris\u00eb jan\u00eb:<\/strong><\/p>\n<ol>\n<li>Harton dhe zbaton nj\u00eb program p\u00ebr trajnimin e punonj\u00ebsve t\u00eb sh\u00ebrbimit bujq\u00ebsor, pyjor dhe veterinar;<\/li>\n<li>Siguron mbrojtjen e mjedisit n\u00eb nj\u00eb nivel t\u00eb lart\u00eb, ruajtjen dhe p\u00ebrmir\u00ebsimin e tij;<\/li>\n<li>P\u00ebrgjigjet p\u00ebr parandalimin dhe pak\u00ebsimin e rreziqeve ndaj jet\u00ebs e sh\u00ebndetit t\u00eb njeriut;<\/li>\n<li>P\u00ebrgjigjet p\u00ebr menaxhimin dhe mbrojtjen e tok\u00ebs bujq\u00ebsore, pyjeve dhe kullotave, n\u00eb pron\u00ebsi shtet\u00ebroredhe n\u00eb pron\u00ebsi private;<\/li>\n<li>Mbi baz\u00ebn e dokumentacionit, q\u00eb disponohet, p\u00ebrgatit dhe i d\u00ebrgon t\u00eb dh\u00ebna dhe informacione, n\u00eb \u00e7do rast, kur k\u00ebto k\u00ebrkohen, DAMT-s\u00eb s\u00eb qarkut apo dhe institucioneve t\u00eb tjera t\u00eb qeverisjes qendrore dhe lokale;<\/li>\n<li>Bashk\u00ebpunon me strukturat e sh\u00ebrbimit veterinar rajonal dhe AKU p\u00ebr zbatimin e masave profilaktike, si dhe p\u00ebr kufizimin dhe \u00e7rr\u00ebnjosjen e s\u00ebmundjeve infektive n\u00eb kafsh\u00eb.<\/li>\n<\/ol>\n<p>&nbsp;<\/p>\n<p><strong>SEKTORI I BUJQ\u00cbSIS\u00cb<\/strong><\/p>\n<p><strong>\u00a0<\/strong><\/p>\n<p><strong>Detyrat dhe p\u00ebrgjegj\u00ebsit\u00eb:<\/strong><\/p>\n<ol>\n<li>Menaxhon dhe merr masa p\u00ebr mbrojtjen e tok\u00ebs n\u00eb territorin brenda ndarjes administrative territoriale t\u00eb bashkis\u00eb n\u00ebp\u00ebrmjet zyr\u00ebs s\u00eb menaxhimit dhe mbrojtjes s\u00eb tok\u00ebs;<\/li>\n<li>Ndjek zbatimin e procedurave p\u00ebr qiradh\u00ebnien e tokave bujq\u00ebsore t\u00eb pandara (me origjin\u00eb nga ish-kooperativat bujq\u00ebsore), n\u00eb pron\u00ebsi shtet\u00ebrore apo q\u00eb jan\u00eb transferuar n\u00eb p\u00ebrdorim\/pron\u00ebsi t\u00eb bashkis\u00eb, bazuar n\u00eb dispozitat e legjislacionit n\u00eb fuqi;<\/li>\n<li>Evidenton sip\u00ebrfaqet e dh\u00ebna me qira dhe i d\u00ebrgon informacione periodike DAMT-s\u00eb n\u00eb qark.<\/li>\n<li>Evidenton n\u00eb nivel ngastre (parcele), fshati (zone kadastrale) dhe bashkie, ndryshimet dhe kalimet e nd\u00ebrsjella t\u00eb kategorive t\u00eb resurseve, p\u00ebr t\u00eb cilat jan\u00eb marr\u00eb vendime nga organet shtet\u00ebrore, q\u00eb ligji i ka ngarkuar me kompetenca vendimmarr\u00ebse n\u00eb k\u00ebt\u00eb fush\u00eb;<\/li>\n<li>P\u00ebrgatit t\u00eb dh\u00ebna e informacione p\u00ebr p\u00ebrdorimin e resurseve t\u00eb tok\u00ebs, sipas k\u00ebrkesave q\u00eb b\u00ebhen nga bashkia, DAMT-ja e qarkut dhe struktura t\u00eb tjera t\u00eb qeverisjes qendrore; mbi baz\u00ebn e dokumentacionit, q\u00eb disponohet, i d\u00ebrgon DAMT-s\u00eb s\u00eb qarkut t\u00eb dh\u00ebnat dhe informacione, n\u00eb \u00e7do rast, kur k\u00ebto k\u00ebrkohen.<\/li>\n<li>Shqyrton k\u00ebrkesat e subjekteve t\u00eb interesuara p\u00ebr ndryshim t\u00eb kategorive t\u00eb resurseve t\u00eb tok\u00ebs dhe p\u00ebrgatit raportet teknike p\u00ebr k\u00ebto k\u00ebrkesa duke ia paraqitur p\u00ebr shqyrtim, sipas rastit, kryetarit apo k\u00ebshillit t\u00eb bashkis\u00eb; Vendimet e miratuara p\u00ebr ndryshim t\u00eb kategorive t\u00eb resurseve, si dhe k\u00ebrkesat bashk\u00eb me dokumentacionin p\u00ebrkat\u00ebs ia d\u00ebrgon DAMT-s\u00eb s\u00eb qarkut; P\u00ebr k\u00ebrkesat e pamiratuara p\u00ebr ndryshimin e kategorive t\u00eb resurseve, njofton me shkrim subjektet e interesuara, grumbullon informacionin gjeografik dhe ruan hartat e dokumentacionin q\u00eb ka n\u00eb var\u00ebsi, n\u00eb p\u00ebrputhje me legjislacionin n\u00eb fuqi.<\/li>\n<li>Ndihmon k\u00ebshillin e bashkis\u00eb p\u00ebr t\u00eb administruar sip\u00ebrfaqet e tokave bujq\u00ebsore t\u00eb pandara;<\/li>\n<li>Te nxjerre vendime te detyrueshme p\u00ebr zbatim, p\u00ebr mbrojtjen e tok\u00ebs bujq\u00ebsore nga pronaret dhe poseduesit e ligjsh\u00ebm te tok\u00ebs bujq\u00ebsore, si dhe p\u00ebr persona fizike e juridike, veprimtaria e te cil\u00ebve ne \u00e7far\u00ebdo lloj m\u00ebnyr\u00eb ndikon mbi funksionet qe p\u00ebrmbush toka bujq\u00ebsore;<\/li>\n<li>Te shqyrtoje raportet e kontrolleve p\u00ebr d\u00ebmtimin e <em>tokave bujq\u00ebsore dhe te nxjerre vendimet p\u00ebrkat\u00ebse; <\/em><\/li>\n<li>Te bashk\u00ebrendoj\u00eb veprimtarit\u00eb p\u00ebr mbrojtjen e tok\u00ebs bujq\u00ebsore brenda fshatrave, nd\u00ebrmjet fshatrave, brenda juridiksionit te bashkis\u00eb, si dhe nd\u00ebrmjet shoqatave te ndryshme, kur veprimtaria e tyre ka si objekt token bujq\u00ebsore ne k\u00ebt\u00eb territor;<\/li>\n<li>Te bashk\u00ebrendoj\u00eb veprimtarin\u00eb e tij p\u00ebr mbrojtjen e tok\u00ebs bujq\u00ebsore me bashkit\u00eb e tjera, kur territoret e tokave kufizohen me njeri-tjetrin;<\/li>\n<li>krijon dhe b\u00ebn t\u00eb mundur funksionimin e komisionit t\u00eb evidentimit t\u00eb tokave t\u00eb pakultivuara me k\u00ebt\u00eb p\u00ebrb\u00ebrje: (a) p\u00ebrgjegj\u00ebsi i zyr\u00ebs s\u00eb menaxhimit dhe mbrojtjes s\u00eb tok\u00ebs (ZMMT) t\u00eb bashkis\u00eb; (b) p\u00ebrfaq\u00ebsuesi i drejtoris\u00eb rajonale t\u00eb bujq\u00ebsis\u00eb, ushqimit dhe mbrojtjes s\u00eb konsumatorit (DRBUMK); (c) kryetari i fshatit p\u00ebrkat\u00ebs; komisioni b\u00ebn \u00e7do vit, brenda dat\u00ebs 15 shtator, verifikimin e sip\u00ebrfaqeve t\u00eb tokave t\u00eb pakultivuara p\u00ebr \u00e7do fshat.<\/li>\n<li>Publikon, brenda dat\u00ebs 15 tetor t\u00eb \u00e7do viti, list\u00ebn em\u00ebrore t\u00eb pronar\u00ebve ose poseduesve t\u00eb ligjsh\u00ebm me sip\u00ebrfaqet p\u00ebrkat\u00ebse t\u00eb tokave, t\u00eb evidentuara si t\u00eb pakultivuara n\u00eb \u00e7do fshat;<\/li>\n<li>P\u00ebrfundon procedurat ligjore t\u00eb kalimit n\u00eb pron\u00ebsi pa shp\u00ebrblim t\u00eb tok\u00ebs bujq\u00ebsore t\u00eb ish-nd\u00ebrmarrjeve bujq\u00ebsore, p\u00ebrfituesve sipas ligjit nr. 8053, dat\u00eb 21.12.1995 &#8220;P\u00ebr kalimin n\u00eb pron\u00ebsi pa shp\u00ebrblim t\u00eb tok\u00ebs bujq\u00ebsore&#8221;, t\u00eb ndryshuar, t\u00eb cil\u00ebt nuk kan\u00eb b\u00ebr\u00eb kalimin n\u00eb pron\u00ebsi;<\/li>\n<li>P\u00ebrgatit dhe ia paraqet p\u00ebr miratim strukturave p\u00ebrgjegj\u00ebse t\u00eb bashkis\u00eb k\u00ebrkesat dhe dokumentacionin e personave fizik\u00eb apo juridik\u00eb p\u00ebr qiradh\u00ebnien, p\u00ebr dh\u00ebnien e lejeve t\u00eb shfryt\u00ebzimit ose p\u00ebr format e tjera t\u00eb transferimit t\u00eb t\u00eb drejtave, t\u00eb parashikuara me akte ligjore e n\u00ebnligjore, t\u00eb tokave bujq\u00ebsore t\u00eb pandara dhe t\u00eb brigjeve t\u00eb lumenjve, <em>q\u00eb me ligj i kalojn\u00eb n\u00eb pron\u00ebsi ose administrim qarkut, komun\u00ebs dhe\/ose bashkis\u00eb; <\/em><\/li>\n<li>P\u00ebrgjigjet p\u00ebr menaxhimin dhe mbrojtjen e tok\u00ebs bujq\u00ebsore, n\u00eb pron\u00ebsi shtet\u00ebrore dhe n\u00eb pron\u00ebsi private, si dhe t\u00eb kategorive t\u00eb resurseve t\u00eb tjera p\u00ebr t\u00eb gjith\u00eb territorin n\u00eb juridiksion e bashkis\u00eb; mban dhe ruan, me inventarizim, dokumentacionin kadastral ekzistues, q\u00eb ka p\u00ebr objekt kategorit\u00eb e resurseve n\u00eb juridiksion t\u00eb saj;<\/li>\n<li>P\u00ebrgjigjet p\u00ebr grumbullimin dhe sistemimin e dokumentacionit t\u00eb ri kadastral p\u00ebr tok\u00ebn bujq\u00ebsore dhe t\u00eb kategorive t\u00eb resurseve t\u00eb tjera q\u00eb me ligj jan\u00eb transferuar n\u00eb p\u00ebrdorim\/pron\u00ebsi t\u00eb bashkive;<\/li>\n<li>Ndjek veprimtarin\u00eb p\u00ebr evidentimin e tokave bujq\u00ebsore t\u00eb pakultivuara, n\u00eb juridiksionin e bashkis\u00eb, bazuar n\u00eb aktet ligjore dhe n\u00ebnligjore, q\u00eb rregullojn\u00eb k\u00ebt\u00eb veprimtari.<\/li>\n<\/ol>\n<p>&nbsp;<\/p>\n<p><strong>SEKTORI I VETERINARIS\u00cb, MJEDISIT &amp; TURIZ\u00cbM<\/strong><\/p>\n<p><strong>Detyrat dhe p\u00ebrgjegj\u00ebsit\u00eb:<\/strong><\/p>\n<ol>\n<li>Bashk\u00ebpunimin me strukturat e sh\u00ebrbimit veterinar rajonal p\u00ebr zbatimin e masave profilaktike, n\u00eb rastin e fermave t\u00eb regjistruara, si dhe p\u00ebr kufizimin dhe \u00e7rr\u00ebnjosjen e s\u00ebmundjeve infektive n\u00eb kafsh\u00eb;<\/li>\n<li>Administron tregjet e kafsh\u00ebve t\u00eb gjalla;<\/li>\n<li>Mbajtjen n\u00ebn kontroll dhe zbatimin e legjislacionit n\u00eb fuqi p\u00ebr eliminimin e qenve dhe maceve t\u00eb rrug\u00ebs;<\/li>\n<li>Kontrollin e nj\u00ebsive t\u00eb shitjes s\u00eb kafsh\u00ebve t\u00eb shoq\u00ebrimit dhe zbukurimit;<\/li>\n<li>Mbledhjen e kufomave t\u00eb kafsh\u00ebve dhe p\u00ebrcaktojn\u00eb vendet e groposjes ose t\u00eb grumbullimit t\u00eb tyre;<\/li>\n<li>Marrjen e masave p\u00ebr rrethimin dhe ruajtjen e pikave t\u00eb grumbullimit t\u00eb uj\u00ebrave t\u00eb zeza dhe t\u00eb ndalojn\u00eb hyrjen e kafsh\u00ebve atje;<\/li>\n<li>Kryerjen e sh\u00ebrbimit veterinar n\u00eb mjediset e thertoreve dhe t\u00eb nj\u00ebsive t\u00eb therjes, p\u00ebr kontrollin sh\u00ebndet\u00ebsor t\u00eb kafsh\u00ebs para dhe pas therjes, vulosjen e karkasave t\u00eb mishit dhe l\u00ebshimin e certifikat\u00ebs veterinare q\u00eb shoq\u00ebron mishin dhe n\u00ebnproduktet e tij;<\/li>\n<li>Njoftimin e autoritetit kompetent p\u00ebr sigurin\u00eb ushqimore p\u00ebr rastet kur n\u00eb thertore konstatohen shkelje dhe parregullsi n\u00eb respektimin e dispozitave t\u00eb akteve n\u00ebnligjore, si dhe t\u00eb rregullave t\u00eb zbatueshme;<\/li>\n<li>T\u00eb p\u00ebrcaktoj\u00eb kullotat dhe vendet e pirjes s\u00eb ujit, n\u00eb var\u00ebsi t\u00eb situat\u00ebs epidemiologjike dhe, n\u00ebse \u00ebsht\u00eb e nevojshme, t\u00eb ndalojn\u00eb p\u00ebrdorimin e tyre;<\/li>\n<li>T\u00eb bashk\u00ebpunoj\u00eb me Policin\u00eb, Drejtorin\u00eb e Sh\u00ebndetit Publik, Inspektoriatet sanitare dhe Agjensin\u00eb Komb\u00ebtare t\u00eb Ushqimit, n\u00eb drejtim dhe parandalim t\u00eb epidemive dhe s\u00ebmundjeve t\u00eb tjera;<\/li>\n<\/ol>\n<p>&nbsp;<\/p>\n<p>&nbsp;[\/vc_column_text][\/vc_column][\/vc_row]\n","protected":false},"excerpt":{"rendered":"<p>[vc_row][vc_column][vc_column_text]Drejtor: Petrit XHELADINI Misioni i Drejtoris\u00eb: Kjo drejtori synon zbatimin e rregullave dhe ligjeve p\u00ebr t\u00eb siguruar nj\u00eb zhvillim t\u00eb q\u00ebndruesh\u00ebm ekonomik duke u dh\u00ebn\u00eb prioritet faktor\u00ebve vendimtar\u00eb q\u00eb luajn\u00eb rol t\u00eb r\u00ebnd\u00ebsish\u00ebm n\u00eb shtimin prodhimit bujq\u00ebsor dhe blegtoral, ruajtjen e mjedisit, zhvillimin dhe shtimin e fondit pyjor si edhe ne cil\u00ebsine e sigurin\u00eb ushqimore. [&hellip;]<\/p>\n","protected":false},"author":1,"featured_media":0,"parent":0,"menu_order":0,"comment_status":"closed","ping_status":"closed","template":"","meta":{"footnotes":""},"class_list":["post-3609","page","type-page","status-publish","hentry"],"_links":{"self":[{"href":"https:\/\/www.bashkiakurbin.gov.al\/index.php?rest_route=\/wp\/v2\/pages\/3609","targetHints":{"allow":["GET"]}}],"collection":[{"href":"https:\/\/www.bashkiakurbin.gov.al\/index.php?rest_route=\/wp\/v2\/pages"}],"about":[{"href":"https:\/\/www.bashkiakurbin.gov.al\/index.php?rest_route=\/wp\/v2\/types\/page"}],"author":[{"embeddable":true,"href":"https:\/\/www.bashkiakurbin.gov.al\/index.php?rest_route=\/wp\/v2\/users\/1"}],"replies":[{"embeddable":true,"href":"https:\/\/www.bashkiakurbin.gov.al\/index.php?rest_route=%2Fwp%2Fv2%2Fcomments&post=3609"}],"version-history":[{"count":2,"href":"https:\/\/www.bashkiakurbin.gov.al\/index.php?rest_route=\/wp\/v2\/pages\/3609\/revisions"}],"predecessor-version":[{"id":3612,"href":"https:\/\/www.bashkiakurbin.gov.al\/index.php?rest_route=\/wp\/v2\/pages\/3609\/revisions\/3612"}],"wp:attachment":[{"href":"https:\/\/www.bashkiakurbin.gov.al\/index.php?rest_route=%2Fwp%2Fv2%2Fmedia&parent=3609"}],"curies":[{"name":"wp","href":"https:\/\/api.w.org\/{rel}","templated":true}]}}