{"id":3604,"date":"2023-12-15T09:50:16","date_gmt":"2023-12-15T09:50:16","guid":{"rendered":"https:\/\/www.bashkiakurbin.gov.al\/?page_id=3604"},"modified":"2023-12-15T09:54:36","modified_gmt":"2023-12-15T09:54:36","slug":"drejtoria-e-ndihmes-ekonomike-dhe-kujdesit-social","status":"publish","type":"page","link":"https:\/\/www.bashkiakurbin.gov.al\/?page_id=3604","title":{"rendered":"DREJTORIA E NDIHM\u00cbS EKONOMIKE DHE KUJDESIT SOCIAL"},"content":{"rendered":"<p>[vc_row][vc_column][vc_column_text]<strong>Drejtor: Llesh NDOCI<\/strong><\/p>\n<p><strong>\u00a0<\/strong><\/p>\n<p><strong>Misioni i Drejtoris\u00eb:<\/strong><\/p>\n<p>Identifikimi i individ\u00ebve dhe grupeve n\u00eb nevoj\u00eb t\u00eb cil\u00ebt nuk mund t\u00eb plot\u00ebsojn\u00eb nevojat baz\u00eb jetike, zhvillimin e aft\u00ebsive dhe t\u00eb mund\u00ebsive personale dhe ruajtjen e integritetit e p\u00ebrfshirjen shoq\u00ebrore p\u00ebr shkak t\u00eb aft\u00ebsive dhe mund\u00ebsive t\u00eb kufizuara ekonomike, fizike, psikologjike e shoq\u00ebrore.<\/p>\n<p>Mb\u00ebshtetja me ndihm\u00eb e k\u00ebtyre familjeve duke respektuar parimet baz\u00eb mbi t\u00eb cilat funksionon skema e ndihm\u00ebs ekonomike dhe sh\u00ebrbimeve shoq\u00ebrore. (fondi sigurohet nga shteti).<\/p>\n<p><strong>\u00a0<\/strong><\/p>\n<p><strong>Objektivat e Drejtoris\u00eb:<\/strong><\/p>\n<ol>\n<li>Identifikimi i individ\u00ebve dhe grupeve n\u00eb nevoj\u00eb t\u00eb cil\u00ebt nuk mund t\u00eb plot\u00ebsojn\u00eb nevojat baz\u00eb jetike, mb\u00ebshtetja me ndihm\u00eb e k\u00ebtyre familjeve duke respektuar parimet baz\u00eb mbi t\u00eb cilat funksionon skema e ndihm\u00ebs ekonomike dhe sh\u00ebrbimeve shoq\u00ebrore.<\/li>\n<li>Programimi dhe kontrolli i p\u00ebrdorimit t\u00eb fondeve t\u00eb Buxhetit t\u00eb Shtetit p\u00ebr ndihm\u00ebn ekonomike, pages\u00ebn e personave me aft\u00ebsi t\u00eb kufizuar dhe sh\u00ebrbimet e p\u00ebrkujdesit shoq\u00ebror.<\/li>\n<li>Zbatimi i rregullave t\u00eb menaxhimit financiar, mbajtja e kontabilitetit dhe p\u00ebrgatitja e pasqyrave financiare.<\/li>\n<li>Garantimi i p\u00ebrdorimit t\u00eb fondeve publike, n\u00ebp\u00ebrmjet kryerjes s\u00eb kontrollit paraprak t\u00eb p\u00ebrputhshm\u00ebris\u00eb s\u00eb operacioneve ekonomike me buxhetin dhe legjislacionin n\u00eb fuqi.<\/li>\n<li>Realizimi n\u00eb nj\u00eb kohe sa m\u00eb t\u00eb shkurt\u00ebr i likuidimeve t\u00eb detyrimeve ndaj t\u00eb tret\u00ebve n\u00eb p\u00ebrputhje me legjislacionin n\u00eb fuqi<\/li>\n<li>Administrimi i mbledhjes t\u00eb t\u00eb ardhurave duke synuar politika dhe strategji sensibilizuese e mb\u00ebshtet\u00ebse t\u00eb biznesit, t\u00eb uljes s\u00eb informalitetit, t\u00eb rritjes s\u00eb konkurrenc\u00ebs s\u00eb ndershme dhe t\u00eb nd\u00ebrtimit t\u00eb marr\u00ebdh\u00ebnieve me taksapaguesit.<\/li>\n<li>Zbatimi i rregullave dhe menaxhimi i fondeve p\u00ebr trajtimin e kategorive n\u00eb nevoj\u00eb.<\/li>\n<li>Evidentimi dhe trajtimi i familjeve n\u00eb nevoj\u00eb, evidentimi dhe trajtimi i personave me aft\u00ebsi t\u00eb kufizuar<\/li>\n<\/ol>\n<p>&nbsp;<\/p>\n<p><strong>Detyrat dhe p\u00ebrgjegj\u00ebsit\u00ebe Drejtoris\u00eb jan\u00eb:<\/strong><\/p>\n<ol>\n<li>Programimi dhe kontrolli i p\u00ebrdorimit t\u00eb fondeve t\u00eb Buxhetit t\u00eb Shtetit p\u00ebr ndihm\u00ebn ekonomike, pages\u00ebn e personave me aft\u00ebsi t\u00eb kufizuar dhe sh\u00ebrbimet e p\u00ebrkujdesit shoq\u00ebror.<\/li>\n<li>Zbutja e varf\u00ebris\u00eb n\u00ebp\u00ebrmjet dh\u00ebnies s\u00eb ndihm\u00ebs ekonomike dhe sh\u00ebrbimeve sociale<\/li>\n<li>Administron sh\u00ebrbime shoq\u00ebrore p\u00ebr individ\u00ebt dhe grupet n\u00eb nevoje t\u00eb cil\u00ebt nuk mund t\u00eb plot\u00ebsojn\u00eb nevojat baz\u00eb jetike.<\/li>\n<li>Organizon, drejton, koordinon dhe kontrollon pun\u00ebn e zyr\u00ebs s\u00eb specialist\u00ebve dhe punonj\u00ebsve qe jan\u00eb n\u00ebn autoritetin e sektorit t\u00eb tij<\/li>\n<li>P\u00ebrpilon k\u00ebrkes\u00ebn p\u00ebr fondin e Bllok-Skem\u00ebs s\u00eb Ndihm\u00ebs Ekonomike, PAK dhe Inv. Pun\u00ebs<\/li>\n<\/ol>\n<p><strong>\u00a0<\/strong><\/p>\n<p><strong>SEKTORI I NDIHM\u00cbS EKONOMIKE<\/strong><\/p>\n<p><strong>\u00a0<\/strong><\/p>\n<p><strong>Detyrat dhe p\u00ebrgjegj\u00ebsit\u00eb jan\u00eb:<\/strong><\/p>\n<ol>\n<li>Vler\u00ebson, aft\u00ebsit\u00eb dhe performanc\u00ebn e p\u00ebrgjithshme e n\u00ebpun\u00ebsve t\u00eb nj\u00ebsis\u00eb organizative, duke p\u00ebrgatitur vler\u00ebsimet me shkrim t\u00eb rezultateve n\u00eb pun\u00eb;<\/li>\n<li>Udh\u00ebzon stafin n\u00eb p\u00ebrmbushjen e aktivitetit t\u00eb p\u00ebrditsh\u00ebm dhe siguron q\u00eb kjo veprimtari t\u00eb jet\u00eb n\u00eb p\u00ebrputhje me legjislacionin, politikat institucionale dhe standardet p\u00ebrkat\u00ebse.<\/li>\n<li>P\u00ebrgatit n\u00eb koh\u00eb dhe me cil\u00ebsi materiale informuese p\u00ebr epror\u00ebt, me q\u00ebllim arritjen e objektivave dhe p\u00ebrmbushjen e detyrave t\u00eb nj\u00ebsis\u00eb organizative;<\/li>\n<li>Identifikon nevojat p\u00ebr p\u00ebrmir\u00ebsim dhe b\u00ebn rekomandime brenda funksioneve dhe kompetencave t\u00eb Drejtoris\u00eb;<\/li>\n<li>P\u00ebrgatit raporte periodike dhe informon epror\u00ebt p\u00ebr ecurin\u00eb e pun\u00ebs n\u00eb nj\u00ebsin\u00eb organizative.<\/li>\n<li>Zbaton rekomandimet apo sugjerimet e epror\u00ebve me q\u00ebllim p\u00ebrmir\u00ebsimin e praktikave apo procedurave t\u00eb zbatuara<\/li>\n<li>Mban marr\u00ebdh\u00ebnie me tret\u00ebt sipas k\u00ebrkesave t\u00eb epror\u00ebve;<\/li>\n<li>Mban lidhje me homolog\u00ebt apo zyrtar\u00eb t\u00eb tjer\u00eb t\u00eb qeverisjes qendrore apo asaj vendore sipas k\u00ebrkesave t\u00eb epror\u00ebve;<\/li>\n<li>Harton programe afatshkurtra dhe afatmesme, n\u00eb zbatim t\u00eb strategjive komb\u00ebtare p\u00ebr integrimin e pakicave, barazin\u00eb gjinore, rehabilitimin e personave t\u00eb dhunuar etj;<\/li>\n<li>N\u00eb bashk\u00ebpunim me specialist\u00ebt e drejtoris\u00eb harton planin e pun\u00ebs p\u00ebr muajin pasardh\u00ebs dhe e konsulton me drejtorin, n\u00eb afatet e k\u00ebrkuara p\u00ebr miratim tek Kryetari i Bashkis\u00eb;<\/li>\n<li>Kryen edhe detyra t\u00eb tjera q\u00eb i ngarkohen nga drejtori i drejtoris\u00eb.<\/li>\n<li>T\u00eb identifikoj\u00eb individ\u00ebt q\u00eb duhen trajtuar me pages\u00eb paaft\u00ebsie dhe p\u00ebrkujdesje shoq\u00ebrore; t\u00eb verifikoj\u00eb gjendjen ekonomike dhe sociale, si dhe t\u2019i propozoj\u00eb stafit t\u00eb drejtoris\u00eb individ\u00ebt q\u00eb plot\u00ebsojn\u00eb kushtet ligjore p\u00ebr t\u00eb p\u00ebrfituar sh\u00ebrbimin social;<\/li>\n<li>Vler\u00ebson nevojat e individ\u00ebve q\u00eb k\u00ebrkojn\u00eb t\u00eb marrin sh\u00ebrbime shoq\u00ebrore n\u00eb p\u00ebrputhje me prioritetet e bashkis\u00eb dhe ndihmon aplikant\u00ebt n\u00eb p\u00ebrgatitjen e dokumentacionit p\u00ebr personat q\u00eb aplikojn\u00eb n\u00eb p\u00ebrputhje me legjislacionin n\u00eb fuqi;<\/li>\n<li>Iu ofron qytetar\u00ebve konsulenc\u00eb p\u00ebr legjislacionin dhe procedurat q\u00eb duhet t\u00eb ndjekin n\u00eb zgjidhjen e problemeve t\u00eb tyre. Gjithashtu sqaron pretenduesit p\u00ebr ligjin, t\u00eb drejtat dhe detyrimet q\u00eb duhet t\u00eb plot\u00ebsojn\u00eb p\u00ebr t\u2019u p\u00ebrfshir\u00eb n\u00eb skem\u00ebn e p\u00ebrkrahjes sociale;<\/li>\n<li>Mir\u00ebpret k\u00ebrkesat e qytetar\u00ebve, t\u00eb cil\u00ebt pretendojn\u00eb t\u00eb p\u00ebrfshihen n\u00eb skem\u00ebn e p\u00ebrkrahjes sociale;<\/li>\n<li>Grumbullon informacione dhe harton statistika mbi nevoja q\u00eb ka drejtoria p\u00ebr shtimin e financimit, n\u00eb var\u00ebsi t\u00eb k\u00ebrkesave ligjore q\u00eb paraqiten nga aplikant\u00ebt n\u00eb skem\u00ebn e p\u00ebrkrahjes socialebrenda territorit t\u00eb bashkis\u00eb;<\/li>\n<li>P\u00ebrgatit dhe pasuron her\u00eb pas here me dokumentacionin ligjor dosjet e personave q\u00eb trajtohen n\u00eb skem\u00ebn e p\u00ebrkrahjes sociale;<\/li>\n<li>P\u00ebrgatit shkresat dhe k\u00ebrkon informacione t\u00eb nevojshme nga institucionet p\u00ebrkat\u00ebse ligjore p\u00ebrgjendjen sh\u00ebndet\u00ebsore t\u00eb kontigjent\u00ebve q\u00eb trajtohen me p\u00ebrkrahje sociale;<\/li>\n<li>P\u00ebrgatit materialin me shkrim p\u00ebr individ\u00eb q\u00eb do t\u00eb p\u00ebrfshihen n\u00eb skem\u00ebn e p\u00ebrkujdesjes shoq\u00ebrore p\u00ebr muajin pasardh\u00ebs dhe i trajton me stafin e drejtoris\u00eb para d\u00ebrgimit t\u00eb tij p\u00ebr miratim n\u00eb K\u00ebshillin Bashkiak;<\/li>\n<li>B\u00ebn ndryshimet p\u00ebrkat\u00ebse sipas vendimit t\u00eb stafit t\u00eb drejtoris\u00eb dhe p\u00ebrgatit relacionin e projektvendimin p\u00ebr miratimin e tij n\u00eb mbledhjen e radhes n\u00eb K\u00ebshillin e Bashkis\u00eb;<\/li>\n<li>Pas miratimit n\u00eb K\u00ebshillin Bashkiak dhe konfirmimit nga Prefekti t\u00eb mas\u00ebs s\u00eb p\u00ebrkrahjes dhe listave me personat q\u00eb do trajtohen n\u00eb skem\u00ebn e paaft\u00ebsis\u00eb b\u00ebn afishimin e tyre n\u00eb vendin e p\u00ebrcaktuar nga bashkia p\u00ebr t\u00eb gjith\u00eb individet me paaft\u00ebsi sh\u00ebndet\u00ebsore.<\/li>\n<\/ol>\n<p>&nbsp;<\/p>\n<p><strong>SEKTORI I MBROJTJES S\u00cb F\u00cbMIJ\u00cbVE, BARAZIZ\u00cb GJINORE DHE SH\u00cbNDET\u00cbSIS\u00cb<\/strong><\/p>\n<p><strong>\u00a0<\/strong><\/p>\n<p><strong>Detyrat dhe p\u00ebrgjegj\u00ebsit\u00eb jan\u00eb:<\/strong><\/p>\n<ol>\n<li>T\u00eb garantoj\u00eb q\u00eb personat me aft\u00ebsi t\u00eb kufizuara t\u00eb mos trajtohen n\u00eb m\u00ebnyr\u00eb t\u00eb diferencuar, nisur nga d\u00ebmtimi q\u00eb kan\u00eb.<\/li>\n<li>T\u00eb siguroj\u00eb q\u00eb personat me aft\u00ebsi t\u00eb kufizuara t\u00eb ken\u00eb mund\u00ebsi t\u00eb barabarta;<\/li>\n<li>T\u00eb p\u00ebrcaktoj\u00eb nism\u00ebn dhe mbledhje e dokumentacionit (n\u00eb baz\u00eb t\u00eb verifikimeve reale), p\u00ebr pranimin e f\u00ebmij\u00ebve n\u00eb institucionet rezidenciale, publike dhe private, t\u00eb p\u00ebrkujdesit shoq\u00ebror.<\/li>\n<li>T\u00eb p\u00ebrcaktoj\u00eb kriteret p\u00ebr vendosjen e f\u00ebmij\u00ebve n\u00eb institucionet e p\u00ebrkujdesit shoq\u00ebror.<\/li>\n<li>T\u00eb b\u00ebj\u00eb menaxhimin e rasteve , nga NJMF p\u00ebr f\u00ebmij\u00ebt n\u00eb rrezik.<\/li>\n<li>T\u00eb p\u00ebrcaktoj\u00eb nism\u00ebn p\u00ebr pranimin e personave me aft\u00ebsi t\u00eb kufizuar n\u00eb institucionet rezidenciale, publike dhe private, t\u00eb p\u00ebrkujdesit shoq\u00ebror .<\/li>\n<li>T\u00eb p\u00ebrcaktoj\u00eb procedurat p\u00ebr sistemimin e personave n\u00eb institucionet e p\u00ebrkujdesit shoq\u00ebror, publike dhe private.<\/li>\n<li>T\u00eb p\u00ebrcaktoj\u00eb procedurat e kontrollit t\u00eb sh\u00ebrbimeve t\u00eb p\u00ebrkujdesjes shoq\u00ebrore .<\/li>\n<li>T\u00eb hartoj\u00eb politika p\u00ebr t\u00eb nxitur rritjen e kapaciteteve t\u00eb brezit t\u00eb ri<\/li>\n<li>T\u00eb p\u00ebrgatis\u00eb dokumentacionin(n\u00eb baz\u00eb t\u00eb verifikimeve reale), p\u00ebr t\u00eb moshuarit n\u00eb qendra rezidenciale.<\/li>\n<li>T\u00eb identifikoj\u00eb dhe aplikoj\u00eb programe mb\u00ebshtet\u00ebse edukative p\u00ebr f\u00ebmij\u00ebt me probleme sociale;<\/li>\n<li>T\u00eb bashk\u00ebpunoj\u00eb n\u00eb rrug\u00eb institucionale me pushtetin qendror, si dhe me organizatat e ndryshme shqiptare ose t\u00eb huaja q\u00eb operojn\u00eb n\u00eb fush\u00ebn e kujdesit social.<\/li>\n<li>T\u00eb evidentoj\u00eb dhe t\u00eb menaxhoj\u00eb rastet e dhun\u00ebs n\u00eb familje dhe t\u00eb zhvilloj\u00eb konsulta me personat t\u00eb cil\u00ebt dhunohen nga bashk\u00ebshort\u00ebt\/ bashk\u00ebshortet.<\/li>\n<li>Organizon, koordinon dhe drejton pun\u00ebn brenda Sektorit duke b\u00ebr\u00eb ndarjen e detyrave p\u00ebr punonj\u00ebsit e Sektorit si dhe duke mbik\u00ebqyrur dhe duke siguruar kryerjen n\u00eb koh\u00eb dhe me cil\u00ebsi t\u00eb detyrave nga ana e k\u00ebtyre punonj\u00ebsve;<\/li>\n<li>Kujdeset q\u00eb specialist\u00ebt p\u00ebrgjegj\u00ebs t\u00eb mbledhin informacionin mbi situat\u00ebn sociale t\u00eb shtresave n\u00eb nevoj\u00eb dhe kategorive n\u00eb rrezik, analizon dhe evidenton nevoj\u00ebn p\u00ebr nd\u00ebrhyrje.<\/li>\n<li>T\u00eb d\u00ebrgoj\u00eb statistika , raportim 3- mujor dhe 1- vje\u00e7ar pran\u00eb ASHMDF, si dhe hedhjen n\u00eb sistem online t\u00eb rasteve t\u00eb dhun\u00ebs.<\/li>\n<\/ol>\n<p>.[\/vc_column_text][\/vc_column][\/vc_row]\n","protected":false},"excerpt":{"rendered":"<p>[vc_row][vc_column][vc_column_text]Drejtor: Llesh NDOCI \u00a0 Misioni i Drejtoris\u00eb: Identifikimi i individ\u00ebve dhe grupeve n\u00eb nevoj\u00eb t\u00eb cil\u00ebt nuk mund t\u00eb plot\u00ebsojn\u00eb nevojat baz\u00eb jetike, zhvillimin e aft\u00ebsive dhe t\u00eb mund\u00ebsive personale dhe ruajtjen e integritetit e p\u00ebrfshirjen shoq\u00ebrore p\u00ebr shkak t\u00eb aft\u00ebsive dhe mund\u00ebsive t\u00eb kufizuara ekonomike, fizike, psikologjike e shoq\u00ebrore. Mb\u00ebshtetja me ndihm\u00eb e k\u00ebtyre [&hellip;]<\/p>\n","protected":false},"author":1,"featured_media":0,"parent":0,"menu_order":0,"comment_status":"closed","ping_status":"closed","template":"","meta":{"footnotes":""},"class_list":["post-3604","page","type-page","status-publish","hentry"],"_links":{"self":[{"href":"https:\/\/www.bashkiakurbin.gov.al\/index.php?rest_route=\/wp\/v2\/pages\/3604","targetHints":{"allow":["GET"]}}],"collection":[{"href":"https:\/\/www.bashkiakurbin.gov.al\/index.php?rest_route=\/wp\/v2\/pages"}],"about":[{"href":"https:\/\/www.bashkiakurbin.gov.al\/index.php?rest_route=\/wp\/v2\/types\/page"}],"author":[{"embeddable":true,"href":"https:\/\/www.bashkiakurbin.gov.al\/index.php?rest_route=\/wp\/v2\/users\/1"}],"replies":[{"embeddable":true,"href":"https:\/\/www.bashkiakurbin.gov.al\/index.php?rest_route=%2Fwp%2Fv2%2Fcomments&post=3604"}],"version-history":[{"count":2,"href":"https:\/\/www.bashkiakurbin.gov.al\/index.php?rest_route=\/wp\/v2\/pages\/3604\/revisions"}],"predecessor-version":[{"id":3607,"href":"https:\/\/www.bashkiakurbin.gov.al\/index.php?rest_route=\/wp\/v2\/pages\/3604\/revisions\/3607"}],"wp:attachment":[{"href":"https:\/\/www.bashkiakurbin.gov.al\/index.php?rest_route=%2Fwp%2Fv2%2Fmedia&parent=3604"}],"curies":[{"name":"wp","href":"https:\/\/api.w.org\/{rel}","templated":true}]}}