{"id":3578,"date":"2023-12-15T08:56:49","date_gmt":"2023-12-15T08:56:49","guid":{"rendered":"https:\/\/www.bashkiakurbin.gov.al\/?page_id=3578"},"modified":"2023-12-15T09:24:04","modified_gmt":"2023-12-15T09:24:04","slug":"drejtoria-e-burimeve-njerezore","status":"publish","type":"page","link":"https:\/\/www.bashkiakurbin.gov.al\/?page_id=3578","title":{"rendered":"DREJTORIA E BURIMEVE NJER\u00cbZORE"},"content":{"rendered":"<p>[vc_row][vc_column][vc_column_text]<strong>Drejtor: Jurgena TUCI<\/strong><\/p>\n<p><strong>\u00a0<\/strong><\/p>\n<p><strong>Misioni i Drejtoris\u00eb:<\/strong><\/p>\n<p>Siguron p\u00ebrputhshm\u00ebrin\u00eb e politikave t\u00eb ndjekura nga Bashkia Kurbin n\u00eb fushat ku kjo e fundit ushtron funksionet dhe veprimtarin\u00eb e saj, me kuadrin ligjor n\u00eb Republik\u00ebn e Shqip\u00ebris\u00eb.<\/p>\n<p>Mb\u00ebshtet dhe siguron asistenc\u00eb ligjore dhe juridike mbi \u00e7\u00ebshtjet q\u00eb k\u00ebrkohen p\u00ebr t\u2019u trajtuar, n\u00eb ushtrimin e funksioneve dhe kryerjen e detyrave t\u00eb gjitha strukturave t\u00eb Bashkis\u00eb Kurbin.<\/p>\n<p>&nbsp;<\/p>\n<p><strong>Objektivat kryesore t\u00eb Drejtoris\u00eb jan\u00eb:<\/strong><\/p>\n<ol>\n<li>Menaxhimi me metoda bashk\u00ebkohore t\u00eb burimeve njer\u00ebzore duke dh\u00ebn\u00eb orientime p\u00ebr t\u00eb patur nj\u00eb staf t\u00eb trajnuar, t\u00eb motivuar e me performanc\u00eb t\u00eb lart\u00eb;<\/li>\n<li>Zbatimi i politikave dhe strategjive p\u00ebr menaxhimin me efektivitet t\u00eb burimeve njer\u00ebzore n\u00eb zbatim t\u00eb Ligjit t\u00eb Statusit t\u00eb N\u00ebpun\u00ebsit Civil, Kodit t\u00eb Pun\u00ebs, akteve ligjore dhe n\u00ebnligjore n\u00eb zbatim t\u00eb tyre dhe vendimeve t\u00eb K\u00ebshillit Bashkiak;<\/li>\n<li>P\u00ebrmir\u00ebsimi dhe fuqizimi i kapaciteteve profesionale t\u00eb burimeve njer\u00ebzore n\u00ebp\u00ebrmjet sigurimit t\u00eb programeve profesionale t\u00eb trajnimeve t\u00eb stafit, n\u00eb funksion t\u00eb zhvillimit t\u00eb karrier\u00ebs s\u00eb punonj\u00ebsve t\u00eb Bashkis\u00eb Kurbin (n\u00ebpun\u00ebsve t\u00eb rinj dhe n\u00ebpun\u00ebsve n\u00eb periudh\u00eb prove), si dhe p\u00ebrshtatjes profesionale te tyre n\u00eb rast t\u00eb ndryshimit t\u00eb vendit t\u00eb pun\u00ebs.<\/li>\n<\/ol>\n<p><strong>\u00a0<\/strong><\/p>\n<p><strong>Detyrat dhe p\u00ebrgjegjesit\u00eb e Drejtoris\u00eb jan\u00eb:<\/strong><\/p>\n<ol>\n<li>Mir\u00ebadministron burimet njer\u00ebzore t\u00eb bashkis\u00eb, n\u00eb p\u00ebrputhje me legjislacionin n\u00eb fuqi, mb\u00ebshtet me t\u00eb gjitha llojet e sh\u00ebrbimeve dhe plot\u00ebson nevojat e strukturave t\u00eb tjera t\u00eb bashkis\u00eb, me q\u00ebllim garantimin e kushteve optimale t\u00eb pun\u00ebs;<\/li>\n<li>\u00cbsht\u00eb p\u00ebrgjegj\u00ebse p\u00ebr administrimin e arkivit vendor dhe arkivit n\u00eb veprim t\u00eb bashkis\u00eb, si dhe p\u00ebr administrimin dhe ruajtjen e dokumenteve t\u00eb trash\u00ebguara, si dhe dokumenteve t\u00eb arkivave t\u00eb institucioneve shtet\u00ebrore vendore dhe t\u00eb organeve t\u00eb qeverisjes vendore, qe veprojn\u00eb brenda nj\u00ebsis\u00eb administrativo-territoriale p\u00ebrkat\u00ebse;<\/li>\n<li>Siguron p\u00ebrputhshm\u00ebrin\u00eb e veprimtaris\u00eb s\u00eb Bashkis\u00eb me k\u00ebrkesat ligjore n\u00eb fuqi, dh\u00ebnien e asistenc\u00ebs dhe opinionit ligjor ne funksion t\u00eb veprimtaris\u00eb s\u00eb Bashkis\u00eb, si dhe angazhohet ne p\u00ebrgatitjen e draft-akteve t\u00eb ndryshme normative, rregullator\u00eb, t\u00eb marr\u00ebveshjeve apo kontratave, n\u00eb ndjekjen e proceseve kontraktuale, administrative dhe gjyq\u00ebsore n\u00eb t\u00eb gjitha shkall\u00ebt e gjykimit;<\/li>\n<li>Ndjek ndryshimet e legjislacionit dhe njofton strukturat e tjera te Bashkis\u00eb lidhur me to, informon n\u00eb m\u00ebnyr\u00eb t\u00eb detajuar Kryetarin e Bashkis\u00eb dhe Sekretarin e P\u00ebrgjithsh\u00ebm p\u00ebr ndryshimet ligjore q\u00eb kan\u00eb r\u00ebnd\u00ebsi t\u00eb ve\u00e7ant\u00eb ose q\u00eb k\u00ebrkojn\u00eb nd\u00ebrmarrjen e veprimeve t\u00eb shpejta nga ana e Kryetarit apo Sekretarit t\u00eb P\u00ebrgjithsh\u00ebm, nd\u00ebrmerr t\u00eb gjitha veprimet e mundshme ligjore p\u00ebr mbrojtjen e interesave t\u00eb Bashkis\u00eb nga veprimet e pal\u00ebve t\u00eb treta t\u00eb \u00e7do forme t\u00eb mundshme.<\/li>\n<\/ol>\n<p>&nbsp;<\/p>\n<p><strong>SEKTORI I BURIMEVE NJER\u00cbZORE<\/strong><\/p>\n<p><strong>Detyrat dhe p\u00ebrgjegj\u00ebsit\u00eb jan\u00eb:<\/strong><\/p>\n<ol>\n<li>Ndjek zbatimin e kontrat\u00ebs individuale t\u00eb pun\u00ebs p\u00ebr \u00e7do punonj\u00ebs, t\u00eb etikes dhe disiplin\u00ebs n\u00eb pun\u00eb.<\/li>\n<li>Kujdeset p\u00ebr procesin e orientimit t\u00eb punonj\u00ebsit t\u00eb ri, me q\u00ebllim q\u00eb ky i fundit t\u00eb njihet me struktur\u00eb organizative t\u00eb bashkis\u00eb, rregulloren e brendshme t\u00eb saj, me politikat, procedurat, sh\u00ebrbimet si dhe me punonj\u00ebsit e tjer\u00eb.<\/li>\n<li>B\u00ebne propozime konkrete n\u00eb lidhje me vazhdimin ose jo t\u00eb marr\u00ebdh\u00ebnieve juridike t\u00eb pun\u00ebs p\u00ebr \u00e7do punonj\u00ebs q\u00eb p\u00ebrfundon periudh\u00ebn e prov\u00ebs.<\/li>\n<li>Drejton dhe jep rekomandime p\u00ebr zbatimin e etik\u00ebs dhe disiplin\u00ebs n\u00eb pun\u00eb p\u00ebr stafin e bashkis\u00eb.<\/li>\n<li>Inspekton n\u00eb m\u00ebnyr\u00eb periodike zbatimin e disiplin\u00ebs dhe frekuentimin n\u00eb pun\u00eb n\u00eb struktura t\u00eb ndryshme informon n\u00eb m\u00ebnyr\u00eb periodike Drejtorin\/Zv.Kryetar\/Kryetarin e Bashkis\u00eb lidhur me gjetjete inspektimeve.<\/li>\n<li>Kujdeset p\u00ebr monitorimin e zbatimit t\u00eb rregullave t\u00eb brendshme t\u00eb bashkis\u00eb dhe merr masadisiplinore sipas kontrat\u00ebs s\u00eb pun\u00ebs kur verifikohet munges\u00eb performance (rezultatesh n\u00eb pun\u00eb) apo shkelje disiplinore t\u00eb natyrave t\u00eb ndryshme.<\/li>\n<li>N\u00eb zbatim t\u00eb dispozitave ligjore, harton projekt-urdhra, rregullore, udh\u00ebzime ose propozon p\u00ebr shqyrtim projektet p\u00ebrkat\u00ebse p\u00ebr ndryshimin apo p\u00ebrmir\u00ebsimin e akteve ekzistuese, n\u00eb funksion t\u00eb pajtueshm\u00ebris\u00eb ligjore t\u00eb veprimtaris\u00eb s\u00eb p\u00ebrditshme administrative<\/li>\n<li>Ndjek n\u00eb vijueshm\u00ebri procedurat dhe problemet e bashkis\u00eb, duke b\u00ebr\u00eb propozimet p\u00ebrkat\u00ebse pran\u00eb Drejtorit\/Zv.Kryetar\/Kryetarit t\u00eb Bashkis\u00eb, n\u00eb lidhje me nj\u00eb zbatim sa m\u00eb rigoroz e t\u00eb sakt\u00eb t\u00eb ligjit dhe akteve n\u00ebnligjore q\u00eb kan\u00eb lidhje me t\u00eb.<\/li>\n<li>Ndjek dhe evidenton me korrekt\u00ebsi \u00e7do ndryshim t\u00eb organik\u00ebs, t\u00eb sistemit t\u00eb pagave dhe shp\u00ebrblimeve t\u00eb burimeve njer\u00ebzore n\u00eb bashki.<\/li>\n<li>B\u00ebne regjistrimin n\u00eb regjistrin themeltar t\u00eb pun\u00ebsimit dhe n\u00eb librez\u00ebn e pun\u00ebs p\u00ebr \u00e7do punonj\u00ebs t\u00eb bashkis\u00eb.<\/li>\n<li>N\u00eb bashk\u00ebpunim dhe sipas k\u00ebrkesave t\u00eb nj\u00ebsive t\u00eb tjera organizative merr masa p\u00ebr l\u00ebvizjen e punonj\u00ebsve (transportin e tyre) p\u00ebr kryerjen sa m\u00eb mir\u00eb dhe n\u00eb koh\u00eb t\u00eb detyrave.<\/li>\n<li>Planifikon e zbaton masa t\u00eb ve\u00e7anta p\u00ebr ruajtjen dhe miradministrimin e informacionit konfidencial dhe t\u00eb dh\u00ebnave personale t\u00eb punonj\u00ebsve.<\/li>\n<li>P\u00ebrgatit programet e trajnimit p\u00ebr \u00e7do punonj\u00ebs q\u00eb kualifikohet dhe ndjek realizimin e trajnimeve si brenda dhe jasht\u00eb vendit sipas udh\u00ebzimeve dhe p\u00ebrcaktimeve q\u00eb i jepen nga epror\u00ebt.<\/li>\n<li>Organizon pun\u00ebn dhe merr masa konkrete p\u00ebr miradministrimin e vlerave materiale dhe p\u00ebr ruajtjen e objekteve t\u00eb pun\u00ebs, ruajtjen fizike t\u00eb ambienteve, shfryt\u00ebzimin optimal t\u00eb nj\u00ebsive teknike (mjeteve t\u00eb transportit, linjave e pajisjeve elektrike, elektronike, telekomunikacionit etj.) si dhe p\u00ebr furnizim operativ materialo\u2013teknik p\u00ebr garantimin e veprimtaris\u00eb s\u00eb strukturave organizative t\u00eb bashkis\u00eb.<\/li>\n<li>P\u00ebrpilon dokumentacionin e nevojsh\u00ebm p\u00ebr p\u00ebrmbushjen e nevojave ekonomiko-materiale t\u00eb bashkis\u00eb dhe \u00ebsht\u00eb p\u00ebrgjegj\u00ebse p\u00ebr zbatimin e tyre.<\/li>\n<\/ol>\n<p><strong>\u00a0<\/strong><\/p>\n<p><strong>SEKTORI I PROTOKOLL-ARKIV\u00cbS<\/strong><\/p>\n<p><strong>\u00a0<\/strong><\/p>\n<p><strong>Detyrat dhe p\u00ebrgjegj\u00ebsit\u00eb jan\u00eb:<\/strong><\/p>\n<ol>\n<li>Organizon, koordinon dhe drejton pun\u00ebn brenda Sektorit duke b\u00ebr\u00eb ndarjen e detyrave p\u00ebr punonj\u00ebsit e Sektorit si dhe duke mbik\u00ebqyrur dhe duke siguruar kryerjen n\u00eb koh\u00eb dhe me cil\u00ebsi t\u00eb detyrave nga ana e k\u00ebtyre punonj\u00ebsve;<\/li>\n<li>Mund\u00ebson kushtet normale p\u00ebr funksionimin efektiv t\u00eb Sektorit;<\/li>\n<li>Realizon ndarjen e pun\u00ebs, jep instruksione dhe ndihm\u00ebn e domosdoshme p\u00ebr vart\u00ebsit direkt p\u00ebr p\u00ebrmbushjen e detyrave;<\/li>\n<li>Siguron marr\u00ebdh\u00ebnie t\u00eb rregullta komunikimi me punonj\u00ebsit e Sektorit duke garantuar vazhdim\u00ebsin\u00eb e operacioneve t\u00eb pun\u00ebs n\u00ebp\u00ebrmjet transparenc\u00ebs n\u00eb transmetimin e urdhrave;<\/li>\n<li>Siguron zbatimin e programit t\u00eb detyrave p\u00ebr Sektorin duke klasifikuar p\u00ebrpar\u00ebsit\u00eb;<\/li>\n<li>Kontrollon, rishikon dhe n\u00ebnshkruan t\u00eb gjitha materialet dhe korrespondencat e hartuara nga punonj\u00ebsit e Sektorit, para paraqitjes p\u00ebr miratim dhe n\u00ebnshkrim tek Drejtori i Drejtoris\u00eb;<\/li>\n<li>Analizon mbar\u00ebvajtjen e p\u00ebrmbushjes s\u00eb detyrave nga ana e Sektorit, informon drejtp\u00ebrdrejt Drejtorin mbi pun\u00ebn kryer si dhe paraqet opinione n\u00eb lidhje me k\u00ebt\u00eb \u00e7\u00ebshtje;<\/li>\n<li>Kontrollon, analizon, vler\u00ebson dhe informon drejtp\u00ebrdrejt Drejtorin mbi rezultatet e pun\u00ebs t\u00eb punonj\u00ebsve t\u00eb Sektorit dhe propozon p\u00ebr shp\u00ebrblimin dhe kualifikimin m\u00ebtejsh\u00ebm t\u00eb tyre;<\/li>\n<li>P\u00ebrcakton procedurat dhe m\u00ebnyrat e pun\u00ebs si dhe jep instruksionet dhe ndihm\u00ebn e domosdoshme p\u00ebr punonj\u00ebsit e Sektorit me q\u00ebllim p\u00ebrmbushjen e detyrave nga ana e tyre;<\/li>\n<li>Zbaton detyrat e ngarkuara sipas rregulloreve n\u00eb fuqi si dhe planeve t\u00eb pun\u00ebs t\u00eb miratuara nga Kryetari i Bashkis\u00eb;<\/li>\n<\/ol>\n<p>&nbsp;<\/p>\n<p><strong>SEKTORI I IT<\/strong><\/p>\n<p><strong>\u00a0<\/strong><\/p>\n<p><strong>Detyrat dhe p\u00ebrgjegj\u00ebsit\u00eb jan\u00eb:<\/strong><\/p>\n<ol>\n<li>Organizon, koordinon dhe drejton pun\u00ebn brenda Sektorit duke b\u00ebr\u00eb ndarjen e detyrave p\u00ebr punonj\u00ebsit e Sektorit si dhe duke mbik\u00ebqyrur dhe duke siguruar kryerjen n\u00eb koh\u00eb dhe me cil\u00ebsi t\u00eb detyrave nga ana e k\u00ebtyre punonj\u00ebsve;<\/li>\n<li>Mund\u00ebson kushtet normale p\u00ebr funksionimin efektiv t\u00eb Sektorit;<\/li>\n<li>Realizon ndarjen e pun\u00ebs, jep instruksione dhe ndihm\u00ebn e domosdoshme p\u00ebr vart\u00ebsit direkt p\u00ebr p\u00ebrmbushjen e detyrave;<\/li>\n<li>Siguron marr\u00ebdh\u00ebnie t\u00eb rregullta komunikimi me punonj\u00ebsit e Sektorit duke garantuar vazhdim\u00ebsin\u00eb e operacioneve t\u00eb pun\u00ebs n\u00ebp\u00ebrmjet transparenc\u00ebs n\u00eb transmetimin e urdhrave;<\/li>\n<li>Siguron zbatimin e programit t\u00eb detyrave p\u00ebr Sektorin duke klasifikuar p\u00ebrpar\u00ebsit\u00eb;<\/li>\n<li>Analizon mbar\u00ebvajtjen e p\u00ebrmbushjes s\u00eb detyrave nga ana e Sektorit, informon drejtp\u00ebrdrejt Drejtorin mbi pun\u00ebn kryer si dhe paraqet opinione n\u00eb lidhje me k\u00ebt\u00eb \u00e7\u00ebshtje;<\/li>\n<li>P\u00ebrcakton procedurat dhe m\u00ebnyrat e pun\u00ebs si dhe jep instruksionet dhe ndihm\u00ebn e domosdoshme p\u00ebr punonj\u00ebsit e Sektorit me q\u00ebllim p\u00ebrmbushjen e detyrave nga ana e tyre;<\/li>\n<li>Mbik\u00ebqyr respektimin e kuadrit rregullator nga ana e punonj\u00ebsve t\u00eb Sektorit;<\/li>\n<\/ol>\n<p>[\/vc_column_text][\/vc_column][\/vc_row]\n","protected":false},"excerpt":{"rendered":"<p>[vc_row][vc_column][vc_column_text]Drejtor: Jurgena TUCI \u00a0 Misioni i Drejtoris\u00eb: Siguron p\u00ebrputhshm\u00ebrin\u00eb e politikave t\u00eb ndjekura nga Bashkia Kurbin n\u00eb fushat ku kjo e fundit ushtron funksionet dhe veprimtarin\u00eb e saj, me kuadrin ligjor n\u00eb Republik\u00ebn e Shqip\u00ebris\u00eb. Mb\u00ebshtet dhe siguron asistenc\u00eb ligjore dhe juridike mbi \u00e7\u00ebshtjet q\u00eb k\u00ebrkohen p\u00ebr t\u2019u trajtuar, n\u00eb ushtrimin e funksioneve dhe kryerjen [&hellip;]<\/p>\n","protected":false},"author":1,"featured_media":0,"parent":0,"menu_order":0,"comment_status":"closed","ping_status":"closed","template":"","meta":{"footnotes":""},"class_list":["post-3578","page","type-page","status-publish","hentry"],"_links":{"self":[{"href":"https:\/\/www.bashkiakurbin.gov.al\/index.php?rest_route=\/wp\/v2\/pages\/3578","targetHints":{"allow":["GET"]}}],"collection":[{"href":"https:\/\/www.bashkiakurbin.gov.al\/index.php?rest_route=\/wp\/v2\/pages"}],"about":[{"href":"https:\/\/www.bashkiakurbin.gov.al\/index.php?rest_route=\/wp\/v2\/types\/page"}],"author":[{"embeddable":true,"href":"https:\/\/www.bashkiakurbin.gov.al\/index.php?rest_route=\/wp\/v2\/users\/1"}],"replies":[{"embeddable":true,"href":"https:\/\/www.bashkiakurbin.gov.al\/index.php?rest_route=%2Fwp%2Fv2%2Fcomments&post=3578"}],"version-history":[{"count":2,"href":"https:\/\/www.bashkiakurbin.gov.al\/index.php?rest_route=\/wp\/v2\/pages\/3578\/revisions"}],"predecessor-version":[{"id":3593,"href":"https:\/\/www.bashkiakurbin.gov.al\/index.php?rest_route=\/wp\/v2\/pages\/3578\/revisions\/3593"}],"wp:attachment":[{"href":"https:\/\/www.bashkiakurbin.gov.al\/index.php?rest_route=%2Fwp%2Fv2%2Fmedia&parent=3578"}],"curies":[{"name":"wp","href":"https:\/\/api.w.org\/{rel}","templated":true}]}}