{"id":3576,"date":"2023-12-15T08:54:22","date_gmt":"2023-12-15T08:54:22","guid":{"rendered":"https:\/\/www.bashkiakurbin.gov.al\/?page_id=3576"},"modified":"2023-12-15T09:30:09","modified_gmt":"2023-12-15T09:30:09","slug":"drejtoria-e-arsimit-kultures-rinise-dhe-sporteve","status":"publish","type":"page","link":"https:\/\/www.bashkiakurbin.gov.al\/?page_id=3576","title":{"rendered":"DREJTORIA E ARSIMIT, KULTUR\u00cbS, RINIS\u00cb DHE SPORTEVE"},"content":{"rendered":"<p>[vc_row][vc_column][vc_column_text]<strong>Drejtor: Fatbardha POJANI<\/strong><\/p>\n<p><strong>\u00a0<\/strong><\/p>\n<p><strong>Misioni i Drejtoris\u00eb:<\/strong><\/p>\n<p>Drejtoria e Arsimit, Kultur\u00ebs, Rinis\u00eb dhe Sportit udh\u00ebheq dhe merr pjes\u00eb n\u00eb procesin e planifikimit t\u00eb zhvillimit t\u00eb Arsimit, Kultur\u00ebs, Rinis\u00eb dhe Sportit n\u00eb territorin e Bashkis\u00eb Kurbin.<\/p>\n<p>Ajo koordinon bashk\u00ebpunimin n\u00eb mes administrat\u00ebs s\u00eb Bashkis\u00eb dhe t\u00eb gjith\u00eb institucioneve, organizatave dhe individ\u00ebve t\u00eb interesuar ne fush\u00ebn e zhvillimit te artit kultur\u00ebs dhe sportit.<\/p>\n<p><strong>\u00a0<\/strong><\/p>\n<p><strong>Objektivat e Drejtoris\u00eb jan\u00eb:<\/strong><\/p>\n<ol>\n<li>Hartimin e programeve p\u00ebr zhvillim, mbrojtje dhe promovim te vlerave t\u00eb trash\u00ebgimis\u00eb kulturore, valorizimin dhe rrjet\u00ebzimin e tyre p\u00ebr t`i bere pjese te jet\u00ebs qytetare dhe turizmit historik e kulturor, si dhe te ktheje ngjarjet e tradit\u00ebs ne nj\u00eb destinacion komb\u00ebtar dhe rajonal.<\/li>\n<li>Organizimin e festave dhe konkurseve p\u00ebr artin dhe kultur\u00ebn, duke krijuar hap\u00ebsira te reja ne rritjen e komunikimeve dhe shk\u00ebmbimeve te vlerave artistike, kulturore dhe historike.<\/li>\n<li>Mire p\u00ebrdorimin e fondeve p\u00ebr te garantuar sh\u00ebrbime dhe infrastrukture ne standartet e k\u00ebrkuara ne arsimin parauniversitar, kopshtet dhe \u00e7erdhet.<\/li>\n<li>Promovimin, vitalizmin, llojshm\u00ebrin\u00eb dhe zhvillimin e sportit duke p\u00ebrkrahur dhe \u00e7do iniciative private, me q\u00ebllim edukimin e p\u00ebrgjithsh\u00ebm t\u00eb qytetareve.<\/li>\n<li>Organizimin e aktiviteteve artistike, kulturore, rinore dhe sportive me qellim \u00e7lodhjen dhe arg\u00ebtimin p\u00ebr qytetaret.<\/li>\n<li>Koordinimin e bashk\u00ebpunimin mes administrat\u00ebs s\u00eb Bashkis\u00eb dhe t\u00eb gjitha institucioneve, organizatave dhe individ\u00ebve t\u00eb interesuar n\u00eb fush\u00ebn e kultur\u00ebs arsimit rinise dhe sportit ne Bashkin\u00eb e Kurbin.<\/li>\n<\/ol>\n<p><strong>\u00a0<\/strong><\/p>\n<p><strong>Detyrat e Drejtoris\u00eb jan\u00eb:<\/strong><\/p>\n<ol>\n<li>Promovimin dhe zhvillimin e aktiviteteve te trash\u00ebgimis\u00eb kulturore.<\/li>\n<li>Mir\u00ebmbajtje dhe investime p\u00ebr trash\u00ebgimin\u00eb kulturore.<\/li>\n<li>P\u00ebrmir\u00ebsim t\u00eb menaxhimit dhe t\u00eb administrimit t\u00eb institucioneve t\u00eb trash\u00ebgimis\u00eb kulturore.<\/li>\n<li>Fuqizimin dhe rritjen e kapaciteteve te institucioneve kulturore dhe artistike te bashkis\u00eb Kurbin.<\/li>\n<li>Pasurimin dhe gjall\u00ebrimin e jet\u00ebs kulturore n\u00ebp\u00ebrmjet zhvillimit t\u00eb aktiviteteve artistike dhe sportive p\u00ebr gjat\u00eb gjith\u00eb vitit.<\/li>\n<li>Promovimin dhe nxitjen e leximit si instrument edukimi, duke rritur eksesin dhe cil\u00ebsin\u00eb e sh\u00ebrbimit pran\u00eb bibliotek\u00ebs s\u00eb qytetit.<\/li>\n<li>Te promovojm\u00eb dhe te nxisim pjes\u00ebmarrjen aktive te te rinjve ne aktivitete sportive si aktore kryesore ne zhvillimin e territorit.<\/li>\n<li>Menaxhimi dhe miradministrimi i strukturave sportive dhe krijimi i infrastruktur\u00ebs se p\u00ebrshtatshme dhe cil\u00ebsore p\u00ebr te gjith\u00eb sportet.<\/li>\n<\/ol>\n<p><strong>SEKTORI P\u00cbR ARSIMIN, KULTUR\u00cbN DHE RININ\u00cb<\/strong><\/p>\n<p><strong>\u00a0<\/strong><\/p>\n<p><strong>Detyrat dhe p\u00ebrgjegj\u00ebsit\u00eb jan\u00eb:<\/strong><\/p>\n<ol>\n<li>Bashk\u00ebpunon me drejtorit\u00eb e shkollave dhe komunitetin n\u00ebp\u00ebr lagje t\u00eb qytetit dhe vijon pun\u00ebn p\u00ebr frekuentimin e nx\u00ebn\u00ebsve n\u00eb m\u00ebsime, p\u00ebr zbatimin e detyrimit shkollor;<\/li>\n<li>N\u00eb bashk\u00ebrendim me Policin\u00eb Bashkiake dhe Policin\u00eb e Shtetit merr masa p\u00ebr t\u00eb siguruar rendin e qet\u00ebsin\u00eb n\u00eb ambientet shkollore, si dhe n\u00eb rastet e grumbullimeve e veprimtarive t\u00eb ndryshme.<\/li>\n<li>Punon p\u00ebr administrimin dhe gjall\u00ebrimin e jet\u00ebs kulturore dhe artistike t\u00eb qytetit Kurbin n\u00ebp\u00ebrputhje me politikat e bashkis\u00eb, me fokus t\u00eb ve\u00e7ant\u00eb zhvillimin e aktiviteteve rinore;<\/li>\n<li>Koordinon pun\u00ebn midis institucioneve vart\u00ebse (Pallatin e Kultur\u00ebs, bibliotek\u00ebn, dhe Qendr\u00ebn Kulturore t\u00eb F\u00ebmij\u00ebve etj);<\/li>\n<li>P\u00ebrgatit materialin e duhur p\u00ebr nj\u00eb projekt kulturor (shkresa p\u00ebrcjell\u00ebse, kontrata, \u00e7elje fondi) dhe e ndjek at\u00eb deri n\u00eb financimin e projektit;<\/li>\n<li>Me urdh\u00ebr t\u00eb drejtorit mbikqyr organizimin dhe realizimin kulturor t\u00eb gjith\u00eb ceremonialeve zyrtare;<\/li>\n<li>Koordinon pun\u00ebn me sektor\u00eb t\u00eb tjer\u00eb, p\u00ebr realizimin e projekteve t\u00eb p\u00ebrbashk\u00ebta t\u00eb fush\u00ebs kulturore dhe artistike;<\/li>\n<li>Mban lidhje me organizatat rinore (parlamentin rinor dhe qeverit\u00eb e shkollave) lokale dhe komb\u00ebtare, t\u00eb cilat trajtojn\u00eb problemet e t\u00eb rinjve p\u00ebr organizimin e aktiviteteve t\u00eb p\u00ebrbashk\u00ebta, kulturore dhe artistike;<\/li>\n<li>Ndjek organizimin e veprimtarive kulturore sipas kalendarit t\u00eb programuar p\u00ebr vitin, sidomos n\u00eb rastet e festave lokale dhe komb\u00ebtare;<\/li>\n<li>Evidenton pasurit\u00eb kulturore t\u00eb qytetit, si ato arkeologjike, etnografike, figurat historike t\u00eb qytetit etj., dhe organizon veprimtari p\u00ebr promovim vlerash;<\/li>\n<li>Mban lidhje me krijues t\u00eb fushave t\u00eb ndryshme, si t\u00eb arteve figurative, krijimtaris\u00eb poetike , t\u00eb trash\u00ebgimis\u00eb kulturore t\u00eb qytetit, t\u00eb instrumentist\u00ebve etj., dhe organizon h\u00ebr\u00eb pas h\u00ebr\u00eb takimepromovuese me ta;<\/li>\n<li>Nxit dhe mban me ngarkes\u00eb pune gjith\u00ebvjetore institucionet e kultur\u00ebs n\u00eb qytetin La\u00e7 si: Pallatin e Kultur\u00ebs, bibliotek\u00ebn, QKF etj., si dhe ndihmon n\u00eb hartimin e rregulloreve t\u00eb br\u00ebndshme p\u00ebr k\u00ebto institucione;<\/li>\n<\/ol>\n<p><strong>\u00a0<\/strong><\/p>\n<p><strong>SEKTORI I SPORTEVE DHE AKTIVITETEVE SPORTIVE<\/strong><\/p>\n<p><strong>\u00a0<\/strong><\/p>\n<p><strong>Detyrat dhe p\u00ebrgjegj\u00ebsit\u00eb jan\u00eb:<\/strong><\/p>\n<ol>\n<li>P\u00ebrgjigjet p\u00ebr administrimin e burimeve material, strukturave sportive n\u00eb pron\u00ebsi t\u00eb bashkis\u00eb p\u00ebrjashtuar ato q\u00eb jan\u00eb t\u00eb organizuara n\u00eb forma organizmi autonome.<\/li>\n<li>P\u00ebrgjigjet p\u00ebr administrimin e burimeve njer\u00ebzore t\u00eb strukturave q\u00eb promovojn\u00eb sportet n\u00eb territorin e bashkis\u00eb , inspektor\u00ebve ,magazinier\u00ebt dhe pun\u00ebtor\u00ebt e mir\u00ebmbajtjes s\u00eb impianteve sportive.<\/li>\n<li>T\u00eb hartoj\u00eb programin e aktiviteteve sportive p\u00ebr vitin n\u00eb vijim;<\/li>\n<li>Ndjek kalendarin e aktiviteteve p\u00ebr futbollin dhe at\u00eb shum\u00ebsport\u00ebsh etj;<\/li>\n<li>K\u00ebrkon nga drejtuesit mir\u00ebmbajtjen e vazhdueshme t\u00eb ambienteve sportive;<\/li>\n<\/ol>\n<p>&nbsp;<\/p>\n<p><strong>\u00a0<\/strong><\/p>\n<p><strong>SEKTORI I PUN\u00cbTOR\u00cbVE T\u00cb TERRENEVE SPORTIVE<\/strong><\/p>\n<p><strong>\u00a0<\/strong><\/p>\n<p><strong>Detyrat dhe p\u00ebrgjegj\u00ebsit\u00eb jan\u00eb:<\/strong><\/p>\n<ol>\n<li>Organizon, koordinon dhe drejton pun\u00ebn brenda Sektorit duke b\u00ebr\u00eb ndarjen e detyrave p\u00ebr punonj\u00ebsit e Sektorit si dhe duke mbik\u00ebqyrur dhe duke siguruar kryerjen n\u00eb koh\u00eb dhe me cil\u00ebsi t\u00eb detyrave nga ana e k\u00ebtyre punonj\u00ebsve;<\/li>\n<li>Mund\u00ebson kushtet normale p\u00ebr funksionimin efektiv t\u00eb Sektorit;<\/li>\n<li>Realizon ndarjen e pun\u00ebs, jep instruksione dhe ndihm\u00ebn e domosdoshme p\u00ebr vart\u00ebsit n\u00eb p\u00ebrmbushjen e detyrave;<\/li>\n<li>Siguron marr\u00ebdh\u00ebnie t\u00eb rregullta komunikimi me punonj\u00ebsit e Sektorit duke garantuar vazhdim\u00ebsin\u00eb e operacioneve t\u00eb pun\u00ebs n\u00ebp\u00ebrmjet transparenc\u00ebs n\u00eb transmetimin e urdhrave;<\/li>\n<li>Siguron zbatimin e programit t\u00eb detyrave p\u00ebr Sektorin duke klasifikuar p\u00ebrpar\u00ebsit\u00eb;<\/li>\n<li>Kontrollon, rishikon dhe n\u00ebnshkruan t\u00eb gjitha materialet dhe korrespondencat e hartuara nga punonj\u00ebsit e Sektorit, para paraqitjes p\u00ebr miratim dhe n\u00ebnshkrim tek Drejtori i Drejtoris\u00eb;<\/li>\n<li>Analizon mbar\u00ebvajtjen e p\u00ebrmbushjes s\u00eb detyrave nga ana e Sektorit, informon drejtp\u00ebrdrejt Drejtorin mbi pun\u00ebn kryer si dhe paraqet opinione n\u00eb lidhje me k\u00ebt\u00eb \u00e7\u00ebshtje;<\/li>\n<li>Kontrollon, analizon, vler\u00ebson dhe informon drejtp\u00ebrdrejt Drejtorin mbi rezultatet e pun\u00ebs t\u00eb punonj\u00ebsve t\u00eb Sektorit dhe propozon p\u00ebr shp\u00ebrblimin dhe kualifikimin e m\u00ebtejsh\u00ebm t\u00eb tyre;<\/li>\n<li>P\u00ebrcakton procedurat dhe m\u00ebnyrat e pun\u00ebs si dhe jep instruksionet dhe ndihm\u00ebn e domosdoshme p\u00ebr punonj\u00ebsit e Sektorit me q\u00ebllim p\u00ebrmbushjen e detyrave nga ana e tyre;<\/li>\n<li>Zbaton detyrat e ngarkuara sipas rregulloreve n\u00eb fuqi si dhe planeve t\u00eb pun\u00ebs t\u00eb miratuara nga Kryetari i Bashkis\u00eb;<\/li>\n<li>\u00cbsht\u00eb p\u00ebrgjegj\u00ebs p\u00ebr drejtimin dhe kontrollin e realizimit t\u00eb detyrave nga specialist\u00ebt e Sektorit q\u00eb drejton;<\/li>\n<li>\u00cbsht\u00eb p\u00ebrgjegj\u00ebs p\u00ebr a dministrimin e aseteve t\u00eb sportit apo strukturave t\u00eb tjera q\u00eb i sh\u00ebrbejn\u00eb zhvillimit dhe stadiumeve, fushave t\u00eb sportit, promovimit t\u00eb sportit n\u00eb territorin e bashkis\u00eb.<\/li>\n<\/ol>\n<p>[\/vc_column_text][\/vc_column][\/vc_row]\n","protected":false},"excerpt":{"rendered":"<p>[vc_row][vc_column][vc_column_text]Drejtor: Fatbardha POJANI \u00a0 Misioni i Drejtoris\u00eb: Drejtoria e Arsimit, Kultur\u00ebs, Rinis\u00eb dhe Sportit udh\u00ebheq dhe merr pjes\u00eb n\u00eb procesin e planifikimit t\u00eb zhvillimit t\u00eb Arsimit, Kultur\u00ebs, Rinis\u00eb dhe Sportit n\u00eb territorin e Bashkis\u00eb Kurbin. Ajo koordinon bashk\u00ebpunimin n\u00eb mes administrat\u00ebs s\u00eb Bashkis\u00eb dhe t\u00eb gjith\u00eb institucioneve, organizatave dhe individ\u00ebve t\u00eb interesuar ne fush\u00ebn e [&hellip;]<\/p>\n","protected":false},"author":1,"featured_media":0,"parent":0,"menu_order":0,"comment_status":"closed","ping_status":"closed","template":"","meta":{"footnotes":""},"class_list":["post-3576","page","type-page","status-publish","hentry"],"_links":{"self":[{"href":"https:\/\/www.bashkiakurbin.gov.al\/index.php?rest_route=\/wp\/v2\/pages\/3576","targetHints":{"allow":["GET"]}}],"collection":[{"href":"https:\/\/www.bashkiakurbin.gov.al\/index.php?rest_route=\/wp\/v2\/pages"}],"about":[{"href":"https:\/\/www.bashkiakurbin.gov.al\/index.php?rest_route=\/wp\/v2\/types\/page"}],"author":[{"embeddable":true,"href":"https:\/\/www.bashkiakurbin.gov.al\/index.php?rest_route=\/wp\/v2\/users\/1"}],"replies":[{"embeddable":true,"href":"https:\/\/www.bashkiakurbin.gov.al\/index.php?rest_route=%2Fwp%2Fv2%2Fcomments&post=3576"}],"version-history":[{"count":2,"href":"https:\/\/www.bashkiakurbin.gov.al\/index.php?rest_route=\/wp\/v2\/pages\/3576\/revisions"}],"predecessor-version":[{"id":3596,"href":"https:\/\/www.bashkiakurbin.gov.al\/index.php?rest_route=\/wp\/v2\/pages\/3576\/revisions\/3596"}],"wp:attachment":[{"href":"https:\/\/www.bashkiakurbin.gov.al\/index.php?rest_route=%2Fwp%2Fv2%2Fmedia&parent=3576"}],"curies":[{"name":"wp","href":"https:\/\/api.w.org\/{rel}","templated":true}]}}