{"id":3485,"date":"2023-12-09T19:06:39","date_gmt":"2023-12-09T19:06:39","guid":{"rendered":"https:\/\/www.bashkiakurbin.gov.al\/?page_id=3485"},"modified":"2023-12-15T09:27:25","modified_gmt":"2023-12-15T09:27:25","slug":"drejtoria-e-finances","status":"publish","type":"page","link":"https:\/\/www.bashkiakurbin.gov.al\/?page_id=3485","title":{"rendered":"DREJTORIA E FINANC\u00cbS"},"content":{"rendered":"<p>[vc_row][vc_column][vc_column_text]<strong>DREJTORIA E FINANC\u00cbS<\/strong><\/p>\n<p><strong>\u00a0<\/strong><\/p>\n<p><strong>Drejtor: Rake KOLA<\/strong><\/p>\n<p><strong>\u00a0<\/strong><\/p>\n<p><strong>Misioni i Drejtoris\u00eb:<\/strong><\/p>\n<p>Kjo drejtori synon zbatimin e rregullave dhe ligjeve te menaxhimit financiar dhe kontrollit, ne procesin e menaxhimit te fondeve buxhetore, mbajtjen e kontabilitetit t\u00eb aktivitetit dhe hartimin e llogaris\u00eb vjetore n\u00eb nivelin e nj\u00ebsis\u00eb shpenzuese t\u00eb Administrat\u00ebs se Bashkis\u00eb Kurbin.<\/p>\n<p><strong>\u00a0<\/strong><\/p>\n<p><strong>Objektivat kryesore t\u00eb Drejtoris\u00eb s\u00eb Financ\u00ebs jan\u00eb: <\/strong><\/p>\n<ol>\n<li>Zbatimi i rregullave t\u00eb menaxhimit financiar, mbajtja e kontabilitetit dhe p\u00ebrgatitja e pasqyrave financiare.<\/li>\n<li>Garantimi i p\u00ebrdorimit t\u00eb fondeve publike, n\u00ebp\u00ebrmjet kryerjes s\u00eb kontrollit paraprak t\u00eb p\u00ebrputhshm\u00ebris\u00eb s\u00eb operacioneve ekonomike me buxhetin dhe legjislacionin ne fuqi.<\/li>\n<li>Realizimi n\u00eb nj\u00eb kohe sa m\u00eb t\u00eb shkurt\u00ebr i likuidimeve t\u00eb detyrimeve ndaj t\u00eb tret\u00ebve ne perputhje me legjislacionin ne fuqi.<\/li>\n<li>Rregjistron t\u00eb gjitha detyrimet e institucionit dhe t\u00eb institucioneve t\u00eb var\u00ebsis\u00eb, n\u00eb p\u00ebrputhje me ligjin dhe udh\u00ebzimet e nxjerra nga Ministria e Financ\u00ebs;<\/li>\n<li>Ndjek respektimin e rregullave, procedurave dhe afateve ligjore lidhur me hartimin, diskutimin dhe miratimin e buxhetin (granti dhe buxhetin lokal) n\u00eb komisionin e ekonomi-financ\u00ebs dhe n\u00eb K\u00ebshillin Bashkiak;<\/li>\n<li>Gjat\u00eb ushtrimit t\u00eb kompetencave t\u00eb tyre, drejtuesit dhe specialist\u00ebt e k\u00ebsaj drejtorie jan\u00eb t\u00eb detyruar t\u00eb zbatojn\u00eb dhe mbik\u00ebqyrin zbatimin e parimeve t\u00eb efektivitetit ekonomik dhe ato t\u00eb drejtimit financiar, duke u kujdesur q\u00eb fondet e miratuara t\u00eb shpenzohen n\u00eb koh\u00ebn e duhur dhe vet\u00ebm me q\u00ebllimin e nj\u00eb administrimi ekonomik sa m\u00eb efektiv.<\/li>\n<\/ol>\n<p>&nbsp;<\/p>\n<p><strong>Detyrat dhe p\u00ebrgjegj\u00ebsit\u00eb e Drejtoris\u00eb s\u00eb Financ\u00ebs, jan\u00eb: <\/strong><\/p>\n<ol>\n<li>Programon, organizon dhe koordinon pun\u00ebn p\u00ebr p\u00ebrdorimin me efektivitet t\u00eb fondeve, n\u00eb funksion t\u00eb garantimit t\u00eb nj\u00eb zhvillimi t\u00eb q\u00ebndruesh\u00ebm ekonomik, rritjes s\u00eb profesionalizimit dhe t\u00eb transparenc\u00ebs.<\/li>\n<li>Harton, garanton dhe dokumenton t\u00eb gjitha transaksionet financiare p\u00ebr Bashkin\u00eb (nivelin e nj\u00ebsis\u00eb shpenzuese te administrat\u00ebs se bashkis\u00eb Kurbin), lidhur me ligjshm\u00ebrin\u00eb rregullshm\u00ebrin\u00eb dhe respektimin e parimeve te ekonomicitetin, efi\u00e7enc\u00ebs dhe efektivitetit.<\/li>\n<li>Organizon pun\u00ebn p\u00ebr identifikimin dhe hartimin e regjistrit t\u00eb riskut, kontrollin e risqeve q\u00eb v\u00ebn\u00eb n\u00eb rrezik realizimin e objektivave.<\/li>\n<li>Menaxhon mbajtjen e sistemit t\u00eb kontabilitetit, raportimit p\u00ebr vendimmarrjen ne funksion t\u00eb realizimit t\u00eb objektivave.<\/li>\n<li>Menaxhon veprimtarin\u00eb ekonomiko-financiare t\u00eb Bashkis\u00eb n\u00eb mb\u00ebshtetje t\u00eb akteve ligjore dhe n\u00ebnligjore dhe informon epror\u00ebt p\u00ebr treguesit ekonomiko-financiar\u00eb t\u00eb k\u00ebsaj veprimtarie.<\/li>\n<li>Programon, organizon dhe koordinon pun\u00ebn p\u00ebr ruajtjen dhe mbrojtjen e aktiveve dhe te dokumentacionit t\u00eb nj\u00ebsis\u00eb kundrejt humbjeve vjedhjeve, keqp\u00ebrdorimit dhe p\u00ebrdorimit te paautorizuar.<\/li>\n<li>Ofron k\u00ebshillim profesional p\u00ebr problemet financiare p\u00ebr strukturat e Bashkis\u00eb dhe titullar\u00ebt.<\/li>\n<li>Merr masa p\u00ebr njohjen, zbatimin dhe p\u00ebrmir\u00ebsimin e legjislacionit q\u00eb lidhet me drejtorin\u00eb dhe raporton e p\u00ebrgjigjet p\u00ebr veprimtarin\u00eb e drejtoris\u00eb p\u00ebrpara Kryetarit t\u00eb Bashkis\u00eb.<\/li>\n<li>Bashk\u00ebpunon dhe bashk\u00ebrendon pun\u00ebn me drejtoret e drejtorive t\u00eb tjera n\u00eb bashki, p\u00ebr problemet q\u00eb kan\u00eb t\u00eb b\u00ebjn\u00eb me fush\u00ebn e veprimtaris\u00eb s\u00eb drejtoris\u00eb, p\u00ebr menaxhimin e riskut, me strukturat p\u00ebrkat\u00ebse n\u00eb bashki dhe institucionet e var\u00ebsis\u00eb.<\/li>\n<li>Bashk\u00ebpunon me drejtorin\u00eb e personelit dhe n\u00eb baz\u00eb t\u00eb t\u00eb dh\u00ebnave q\u00eb merr nga kjo drejtori harton liste pagesat e punonj\u00ebsve<\/li>\n<li>Mban kontakte me Drejtorin\u00eb e Thesarit dhe realizon kryerjen e veprimeve me t\u00eb.<\/li>\n<\/ol>\n<p>&nbsp;<\/p>\n<p><strong>SEKTORI\u00a0 I ZHVILLIMIT EKONOMIK T\u00cb ASETEVE DHE STATISTIKAVE<\/strong><\/p>\n<p><strong>\u00a0<\/strong><\/p>\n<p><strong>Detyrat dhe p\u00ebrgjegj\u00ebsit\u00eb jan\u00eb:<\/strong><\/p>\n<ol>\n<li>Hartimin e planeve t\u00eb zhvillimit ekonomik t\u00eb bashkis\u00eb.<\/li>\n<li>Zbatimi i k\u00ebrkesave t\u00eb ligjeve apo akteve n\u00ebnligjore q\u00eb rregullojn\u00eb fushat e ve\u00e7anta p\u00ebr t\u00eb cilat hartohen k\u00ebto plane.<\/li>\n<li>Krijimin i nj\u00eb klime t\u00eb mir\u00eb bashk\u00ebpunimi me bizneset q\u00eb operojn\u00eb n\u00eb territorin e bashkis\u00eb n\u00eb funksion t\u00eb krijimit t\u00eb kushteve t\u00eb favorshme p\u00ebr nj\u00eb rritje ekonomike t\u00eb q\u00ebndrueshme n\u00eb territorin e bashkis\u00eb.<\/li>\n<li>Evidentimi i mund\u00ebsive t\u00eb reja, si dhe hartimin e politikave leht\u00ebsuese p\u00ebr bizneset n\u00eb territorin e bashkis\u00eb.<\/li>\n<li>Hartimi i politikave t\u00eb reja p\u00ebr standartizimin e procesit t\u00eb licencimit n\u00eb territorin e bashkis\u00eb,<\/li>\n<li>Hartimi i politikave me q\u00ebllim reduktimin e barrierave ndaj biznesit, thjeshtimit dhe kanalizimit t\u00eb procedurave administrative ndaj biznesit n\u00eb p\u00ebrputhje me praktikat m\u00eb t\u00eb mira komb\u00ebtare e nd\u00ebrkomb\u00ebtare me q\u00ebllim zhvillimin ekonomik t\u00eb q\u00ebndruesh\u00ebm n\u00eb territorin e bashkis\u00eb.<\/li>\n<li>P\u00ebrpunimi i t\u00eb gjith\u00eb treguesve statistikor\u00eb me q\u00ebllim hartimin e politikave t\u00eb zhvillimit ekonomik t\u00eb bashkis\u00eb.<\/li>\n<li>Ngritja dhe funksionimi i tregjeve publike t\u00eb rrjetit t\u00eb tregtis\u00eb dhe organizimi dhe monitorimi e sh\u00ebrbimeve me q\u00ebllim mb\u00ebshtetjen p\u00ebr zhvillimin e biznesit t\u00eb vog\u00ebl<\/li>\n<li>Krijimi dhe menaxhimi i granteve dhe ndihmave financiare p\u00ebr mb\u00ebshtetjen e aktiviteteve t\u00eb biznesit t\u00eb vog\u00ebl dhe t\u00eb mes\u00ebm.<\/li>\n<li>Vendosja dhe zbatimi i standardeve dhe rregullave p\u00ebr hartimin, zbatimin dhe monitorimin e planeve vendore t\u00eb zhvillimit ekonomik;<\/li>\n<li>Raportimi p\u00ebr situat\u00ebn ekonomike, sociale dhe kulturore n\u00ebp\u00ebrmjet grumbullimit t\u00eb informacionit nga nj\u00ebsit\u00eb organizative p\u00ebrgjegj\u00ebse, brenda dhe jasht\u00eb bashkis\u00eb;<\/li>\n<li>Koordinimi i planeve ekonomike me organizma t\u00eb tjer\u00eb publik\u00eb, grupe t\u00eb interesit dhe me publikun;<\/li>\n<li>Koordinimi dhe asistenca ndaj ekspertiz\u00ebs profesionale t\u00eb kontraktuar p\u00ebr q\u00ebllime planifikimi apo hartimi planesh ekonomike;<\/li>\n<li>Identifikimi i potencialeve t\u00eb zhvillimit ekonomik t\u00eb territorit t\u00eb bashkis\u00eb;<\/li>\n<\/ol>\n<p><strong>\u00a0<\/strong><\/p>\n<p><strong>SEKTORI I KONTABILITETIT<\/strong><\/p>\n<p><strong>1.Detyrat dhe P\u00ebrgjegj\u00ebsit\u00eb jan\u00eb:<\/strong><\/p>\n<ol>\n<li>Kontabilizon bank\u00ebn (p\u00ebr t\u00eb ardhurat) dhe bashk\u00ebpunon me drejtorin\u00eb e t\u00eb ardhurave dhe Drejtorin\u00eb e Thesarit p\u00ebr pasqyrimin e sakt\u00eb t\u00eb tyre;<\/li>\n<li>Evidenton dhe ndjek debi-kredit\u00eb, propozon masa p\u00ebr ndjekjen \u00e7do muaj t\u00eb tyre;<\/li>\n<li>B\u00ebn p\u00ebrgatitjen e llogaris\u00eb vjetore t\u00eb aktivitetit financiar t\u00eb aparatit t\u00eb bashkis\u00eb, \u00e7erdheve, ndri\u00e7imit rrugor, arsimit, s\u00eb bashku me specialist\u00ebt e kontabilitetit;<\/li>\n<li>B\u00ebn llogaritjen e shpenzimeve n\u00eb valut\u00eb p\u00ebr dieta e sh\u00ebrbime jasht\u00eb shtetit sipas dokumentacionit t\u00eb paraqitur (pasi \u00ebsht\u00eb dh\u00ebn\u00eb urdhri i titullarit p\u00ebr kryerjen e shpenzimit);<\/li>\n<li>B\u00ebn regjistrimin n\u00eb kartelat p\u00ebrkat\u00ebse q\u00eb n\u00eb momentin e konstatimit p\u00ebr secilin urdh\u00ebr-shpenzimi sipas titullit, kapitalit dhe grupit p\u00ebrkat\u00ebs;<\/li>\n<li>Kontrollon zbatimin e ligjshm\u00ebris\u00eb n\u00eb plot\u00ebsimin e dokumentacionit t\u00eb thesarit dhe ark\u00ebs;<\/li>\n<li>P\u00ebrpilon list\u00eb-pages\u00ebn p\u00ebr sh\u00ebrbimet brenda vendit dhe or\u00ebt jasht\u00eb koh\u00ebs normale t\u00eb pun\u00ebs sipas ligjeve n\u00eb fuqi;<\/li>\n<li>Regjistron veprimet kontab\u00ebl n\u00eb centralizator, si t\u00eb shpenzimeve dhe t\u00eb t\u00eb ardhurave;<\/li>\n<li>B\u00ebn \u00e7iftimin e dokumenteve t\u00eb likuiduara me urdh\u00ebr-pages\u00ebn p\u00ebrkat\u00ebse (vendim i K\u00ebshillit Bashkiak, urdh\u00ebr-prokurimi, procesverbal, shpallje fituesi, kontrat\u00eb, situacion, preventiv, fatur\u00eb, flet\u00eb-hyrje);<\/li>\n<\/ol>\n<p>&nbsp;<\/p>\n<p>&nbsp;<\/p>\n<p><strong>SEKTORI I BUXHETIT<\/strong><\/p>\n<ol>\n<li><strong>Detyrat dhe p\u00ebrgjegj\u00ebsit\u00eb jan\u00eb:<\/strong><\/li>\n<li>\u00cbsht\u00eb p\u00ebrgjegj\u00ebs p\u00ebr administrimin e \u00e7do \u00e7\u00ebshtje q\u00eb lidhet me hartimin dhe zbatimin e buxhetit, hartimin e list\u00ebpagesave t\u00eb pagave, ndihm\u00ebs ekonomike dhe paaft\u00ebsis\u00eb s\u00eb kufizuar, n\u00ebp\u00ebrmjet respektimit t\u00eb parimeve t\u00eb transparenc\u00ebs dhe t\u00eb ligjshm\u00ebris\u00eb, me q\u00ebllim arritjen e objektivave dhe p\u00ebrmbushjen e rezultateve t\u00eb k\u00ebrkuara nga kjo nj\u00ebsi organizative.<\/li>\n<li>\u00cbsht\u00eb struktur\u00eb p\u00ebrgjegj\u00ebse p\u00ebr hartimin, monitorimin dhe zbatimin e buxhetit, duke siguruar shp\u00ebrndarje t\u00eb burimeve n\u00eb p\u00ebrputhje me politikat dhe prioritetet e vendosura, mbik\u00ebqyr zbatimin e parimeve t\u00eb efektivitetit ekonomik duke u kujdesur p\u00ebr p\u00ebrdorimin e fondeve n\u00eb kohen e duhur dhe q\u00ebllimin e nj\u00eb administrimi sa m\u00eb efektiv.<\/li>\n<\/ol>\n<p>[\/vc_column_text][\/vc_column][\/vc_row]\n","protected":false},"excerpt":{"rendered":"<p>[vc_row][vc_column][vc_column_text]DREJTORIA E FINANC\u00cbS \u00a0 Drejtor: Rake KOLA \u00a0 Misioni i Drejtoris\u00eb: Kjo drejtori synon zbatimin e rregullave dhe ligjeve te menaxhimit financiar dhe kontrollit, ne procesin e menaxhimit te fondeve buxhetore, mbajtjen e kontabilitetit t\u00eb aktivitetit dhe hartimin e llogaris\u00eb vjetore n\u00eb nivelin e nj\u00ebsis\u00eb shpenzuese t\u00eb Administrat\u00ebs se Bashkis\u00eb Kurbin. \u00a0 Objektivat kryesore t\u00eb [&hellip;]<\/p>\n","protected":false},"author":1,"featured_media":0,"parent":0,"menu_order":0,"comment_status":"closed","ping_status":"closed","template":"","meta":{"footnotes":""},"class_list":["post-3485","page","type-page","status-publish","hentry"],"_links":{"self":[{"href":"https:\/\/www.bashkiakurbin.gov.al\/index.php?rest_route=\/wp\/v2\/pages\/3485","targetHints":{"allow":["GET"]}}],"collection":[{"href":"https:\/\/www.bashkiakurbin.gov.al\/index.php?rest_route=\/wp\/v2\/pages"}],"about":[{"href":"https:\/\/www.bashkiakurbin.gov.al\/index.php?rest_route=\/wp\/v2\/types\/page"}],"author":[{"embeddable":true,"href":"https:\/\/www.bashkiakurbin.gov.al\/index.php?rest_route=\/wp\/v2\/users\/1"}],"replies":[{"embeddable":true,"href":"https:\/\/www.bashkiakurbin.gov.al\/index.php?rest_route=%2Fwp%2Fv2%2Fcomments&post=3485"}],"version-history":[{"count":4,"href":"https:\/\/www.bashkiakurbin.gov.al\/index.php?rest_route=\/wp\/v2\/pages\/3485\/revisions"}],"predecessor-version":[{"id":3595,"href":"https:\/\/www.bashkiakurbin.gov.al\/index.php?rest_route=\/wp\/v2\/pages\/3485\/revisions\/3595"}],"wp:attachment":[{"href":"https:\/\/www.bashkiakurbin.gov.al\/index.php?rest_route=%2Fwp%2Fv2%2Fmedia&parent=3485"}],"curies":[{"name":"wp","href":"https:\/\/api.w.org\/{rel}","templated":true}]}}