{"id":2956,"date":"2021-12-15T11:23:48","date_gmt":"2021-12-15T10:23:48","guid":{"rendered":"http:\/\/www.shijak.gov.al\/?page_id=2951"},"modified":"2025-11-07T15:04:58","modified_gmt":"2025-11-07T15:04:58","slug":"proces-verbalet-e-mbledhjes","status":"publish","type":"page","link":"https:\/\/www.bashkiakurbin.gov.al\/?page_id=2956","title":{"rendered":"Proces verbalet e mbledhjes"},"content":{"rendered":"<p>[vc_row][vc_column][vc_column_text]\n<p id=\"\"><a href=\"https:\/\/www.bashkiakurbin.gov.al\/wp-content\/uploads\/2025\/06\/01_2025.pdf\">Proces-verbali i Mbledhjes s\u00eb K\u00ebshillit Bashkiak Kurbin 24.01.2025. <\/a><\/p>\n<p id=\"\"><a href=\"https:\/\/e1332f33-942d-4563-b77e-fcecb2f7f847.eu-2.checkpoint.security\/al\/gov\/bashkiakurbin\/www\/odo%23\/wp-content\/uploads\/2025\/06\/03_2025.pdf\">Proces-verbali i Mbledhjes s\u00eb K\u00ebshillit Bashkiak Kurbin 27.03.2025<\/a><\/p>\n<p id=\"\"><a href=\"https:\/\/e1332f33-942d-4563-b77e-fcecb2f7f847.eu-2.checkpoint.security\/al\/gov\/bashkiakurbin\/www\/odo%23\/wp-content\/uploads\/2025\/06\/04_2025.pdf\">Proces-verbali i Mbledhjes s\u00eb K\u00ebshillit Bashkiak Kurbin 30.04.2025<\/a><\/p>\n<p><a href=\"https:\/\/www.bashkiakurbin.gov.al\/wp-content\/uploads\/2025\/06\/05_2025.pdf\">Proces verbal i\u00a0mbledhjes s\u00eb rradh\u00ebs t\u00eb K\u00ebshillit Bashkiak Kurbin 28.05.2025.<\/a><\/p>\n<p id=\"\"><a href=\"https:\/\/www.bashkiakurbin.gov.al\/wp-content\/uploads\/2025\/07\/procesverbal-qershor-25.pdf\">Proces verbal i mbledhjes s\u00eb rradh\u00ebs t\u00eb K\u00ebshillit Bashkiak Kurbin 30.06.2025.<\/a><\/p>\n<p id=\"\"><a href=\"https:\/\/www.bashkiakurbin.gov.al\/wp-content\/uploads\/2025\/09\/procesverbali-korrik-2025.pdf\">Pro\u00e7es verbal i \u00a0mbledhjes s\u00eb rradh\u00ebs t\u00eb K\u00ebshillit Bashkiak Kurbin 18.07.2025<\/a><\/p>\n<p><a href=\"https:\/\/www.bashkiakurbin.gov.al\/wp-content\/uploads\/2025\/09\/procesverbali-gusht-2025.pdf\">Pro\u00e7es verbal i \u00a0mbledhjes s\u00eb rradh\u00ebs t\u00eb K\u00ebshillit Bashkiak Kurbin 29.08.2025\u00a0 \u00a0<\/a><\/p>\n<p><a href=\"https:\/\/www.bashkiakurbin.gov.al\/wp-content\/uploads\/2025\/10\/procesverbali-shtator-2025.pdf\">Pro\u00e7es verbal i mbledhjes s\u00eb rradh\u00ebs te K\u00ebshillit Bashkiak Kurbin 30.09.2025<\/a><\/p>\n<p><a href=\"https:\/\/www.bashkiakurbin.gov.al\/wp-content\/uploads\/2025\/11\/procesverbal-tetor-2025.pdf\">Proces verbal i mbledhjes s\u00eb rradh\u00ebs t\u00eb K\u00ebshillit Bashkiak Kurbin 03.11.2025<\/a><\/p>\n<p>[\/vc_column_text][\/vc_column][\/vc_row]\n","protected":false},"excerpt":{"rendered":"<p>[vc_row][vc_column][vc_column_text] Proces-verbali i Mbledhjes s\u00eb K\u00ebshillit Bashkiak Kurbin 24.01.2025. Proces-verbali i Mbledhjes s\u00eb K\u00ebshillit Bashkiak Kurbin 27.03.2025 Proces-verbali i Mbledhjes s\u00eb K\u00ebshillit Bashkiak Kurbin 30.04.2025 Proces verbal i\u00a0mbledhjes s\u00eb rradh\u00ebs t\u00eb K\u00ebshillit Bashkiak Kurbin 28.05.2025. Proces verbal i mbledhjes s\u00eb rradh\u00ebs t\u00eb K\u00ebshillit Bashkiak Kurbin 30.06.2025. Pro\u00e7es verbal i \u00a0mbledhjes s\u00eb rradh\u00ebs t\u00eb K\u00ebshillit Bashkiak [&hellip;]<\/p>\n","protected":false},"author":1,"featured_media":0,"parent":0,"menu_order":0,"comment_status":"closed","ping_status":"closed","template":"","meta":{"footnotes":""},"class_list":["post-2956","page","type-page","status-publish","hentry"],"_links":{"self":[{"href":"https:\/\/www.bashkiakurbin.gov.al\/index.php?rest_route=\/wp\/v2\/pages\/2956","targetHints":{"allow":["GET"]}}],"collection":[{"href":"https:\/\/www.bashkiakurbin.gov.al\/index.php?rest_route=\/wp\/v2\/pages"}],"about":[{"href":"https:\/\/www.bashkiakurbin.gov.al\/index.php?rest_route=\/wp\/v2\/types\/page"}],"author":[{"embeddable":true,"href":"https:\/\/www.bashkiakurbin.gov.al\/index.php?rest_route=\/wp\/v2\/users\/1"}],"replies":[{"embeddable":true,"href":"https:\/\/www.bashkiakurbin.gov.al\/index.php?rest_route=%2Fwp%2Fv2%2Fcomments&post=2956"}],"version-history":[{"count":7,"href":"https:\/\/www.bashkiakurbin.gov.al\/index.php?rest_route=\/wp\/v2\/pages\/2956\/revisions"}],"predecessor-version":[{"id":4621,"href":"https:\/\/www.bashkiakurbin.gov.al\/index.php?rest_route=\/wp\/v2\/pages\/2956\/revisions\/4621"}],"wp:attachment":[{"href":"https:\/\/www.bashkiakurbin.gov.al\/index.php?rest_route=%2Fwp%2Fv2%2Fmedia&parent=2956"}],"curies":[{"name":"wp","href":"https:\/\/api.w.org\/{rel}","templated":true}]}}