{"id":2953,"date":"2021-12-15T11:21:42","date_gmt":"2021-12-15T10:21:42","guid":{"rendered":"http:\/\/www.shijak.gov.al\/?page_id=2945"},"modified":"2021-12-15T11:21:42","modified_gmt":"2021-12-15T10:21:42","slug":"legjislacioni","status":"publish","type":"page","link":"https:\/\/www.bashkiakurbin.gov.al\/?page_id=2953","title":{"rendered":"Legjislacioni"},"content":{"rendered":"<p>KUSHTETUTA &#8211; (<a href=\"http:\/\/www.shijak.gov.al\/wp-content\/uploads\/2021\/12\/1_KUSHTETUTA.pdf\">kliko per dokumentin)<\/a><\/p>\n<p>P\u00cbR RATIFIKIMIN E &#8220;KART\u00cbS EUROPIANE T\u00cb AUTONOMIS\u00cb VENDORE &#8211; (<a href=\"http:\/\/www.shijak.gov.al\/wp-content\/uploads\/2021\/12\/2_LIGJI__nr8548_PER_RATIFIKIMIN_E_KARTES_EUROPIANE_TE_AUTONOMISE_VENDORE-1.pdf\">kliko per dokumentin)<\/a><\/p>\n<p>P\u00cbR VET\u00cbQEVERISJEN VENDORE &#8211; (<a href=\"http:\/\/www.shijak.gov.al\/wp-content\/uploads\/2021\/12\/3_Ligji_nr139_2015_Per_veteqeverisjen_vendore.pdf\">kliko per dokumentin)<\/a><\/p>\n<p>KODI I PROCEDURAVE ADMINISTRATIVE I REPUBLIK\u00cbS S\u00cb SHQIP\u00cbRIS\u00cb &#8211; (<a href=\"http:\/\/www.shijak.gov.al\/wp-content\/uploads\/2021\/12\/4_Kodi_i_Procedurave_Administrative_2015.pdf\">kliko per dokumentin)<\/a><\/p>\n<p>PER FUNKSIONIMIN E ORGANEVE KOLEGJIALE TE ADMINISTRATES SHTETERORE DHE ENTEVE PUBLIKE &#8211; (<a href=\"http:\/\/www.shijak.gov.al\/wp-content\/uploads\/2021\/12\/5_Ligji_nr8480_date_2751999_Per_funksionimin_e_oOrganeve_Kolegjiale_te_Administrates_Shteterore_dhe_Enteve_Publike.pdf\">kliko per dokumentin)<\/a><\/p>\n<p>P\u00cbR FINANCAT E VET\u00cbQEVERISJES VENDORE &#8211; (<a href=\"http:\/\/www.shijak.gov.al\/wp-content\/uploads\/2021\/12\/6_Ligji_nr68_2017_Per_Financat_e_Veteqeverisjes_vendore.pdf\">kliko per dokumentin)<\/a><\/p>\n<p>PER NJOFTIMIN DHE KONSULTIMIN PUBLIK &#8211; (<a href=\"http:\/\/www.shijak.gov.al\/wp-content\/uploads\/2021\/12\/7_Ligji_nr146_2014_Per_njoftimin_dhe_konsultimin_publik.pdf\">kliko per dokumentin<\/a>)<\/p>\n","protected":false},"excerpt":{"rendered":"<p>KUSHTETUTA &#8211; (kliko per dokumentin) P\u00cbR RATIFIKIMIN E &#8220;KART\u00cbS EUROPIANE T\u00cb AUTONOMIS\u00cb VENDORE &#8211; (kliko per dokumentin) P\u00cbR VET\u00cbQEVERISJEN VENDORE &#8211; (kliko per dokumentin) KODI I PROCEDURAVE ADMINISTRATIVE I REPUBLIK\u00cbS S\u00cb SHQIP\u00cbRIS\u00cb &#8211; (kliko per dokumentin) PER FUNKSIONIMIN E ORGANEVE KOLEGJIALE TE ADMINISTRATES SHTETERORE DHE ENTEVE PUBLIKE &#8211; (kliko per dokumentin) P\u00cbR FINANCAT E VET\u00cbQEVERISJES [&hellip;]<\/p>\n","protected":false},"author":1,"featured_media":0,"parent":0,"menu_order":0,"comment_status":"closed","ping_status":"closed","template":"","meta":{"footnotes":""},"class_list":["post-2953","page","type-page","status-publish","hentry"],"_links":{"self":[{"href":"https:\/\/www.bashkiakurbin.gov.al\/index.php?rest_route=\/wp\/v2\/pages\/2953","targetHints":{"allow":["GET"]}}],"collection":[{"href":"https:\/\/www.bashkiakurbin.gov.al\/index.php?rest_route=\/wp\/v2\/pages"}],"about":[{"href":"https:\/\/www.bashkiakurbin.gov.al\/index.php?rest_route=\/wp\/v2\/types\/page"}],"author":[{"embeddable":true,"href":"https:\/\/www.bashkiakurbin.gov.al\/index.php?rest_route=\/wp\/v2\/users\/1"}],"replies":[{"embeddable":true,"href":"https:\/\/www.bashkiakurbin.gov.al\/index.php?rest_route=%2Fwp%2Fv2%2Fcomments&post=2953"}],"version-history":[{"count":0,"href":"https:\/\/www.bashkiakurbin.gov.al\/index.php?rest_route=\/wp\/v2\/pages\/2953\/revisions"}],"wp:attachment":[{"href":"https:\/\/www.bashkiakurbin.gov.al\/index.php?rest_route=%2Fwp%2Fv2%2Fmedia&parent=2953"}],"curies":[{"name":"wp","href":"https:\/\/api.w.org\/{rel}","templated":true}]}}