{"id":2792,"date":"2021-05-31T12:26:40","date_gmt":"2021-05-31T10:26:40","guid":{"rendered":"http:\/\/www.shijak.gov.al\/?page_id=2792"},"modified":"2025-08-29T13:10:35","modified_gmt":"2025-08-29T13:10:35","slug":"konsultime-publike","status":"publish","type":"page","link":"https:\/\/www.bashkiakurbin.gov.al\/?page_id=2792","title":{"rendered":"Konsultime Publike"},"content":{"rendered":"<p>[vc_row][vc_column][vc_column_text]\n<p id=\"\"><a href=\"https:\/\/www.bashkiakurbin.gov.al\/wp-content\/uploads\/2023\/11\/Konsultimet-per-Buxhetin-2024-dhe-Paketen-Fiskale.pdf\">Konsultimet per Buxhetin 2024 dhe Paketen Fiskale<\/a><\/p>\n<p><a href=\"https:\/\/www.bashkiakurbin.gov.al\/wp-content\/uploads\/2025\/07\/konsultimi.jpg\">Konsultimi publik per PBA 2026-2028<\/a><\/p>\n<p><a href=\"https:\/\/www.bashkiakurbin.gov.al\/wp-content\/uploads\/2025\/08\/Njoftim-degjes-arsimi.pdf\">Konsultim Publik p\u00ebr Planin e Arsimit Parauniversitar 2026-2028<\/a><\/p>\n<p><a href=\"https:\/\/www.bashkiakurbin.gov.al\/wp-content\/uploads\/2025\/08\/njoftim-degjese-integriteti.pdf\">Konsultim Publik p\u00eb Planin e Integritetit 2025-2029<\/a><\/p>\n<p><a href=\"https:\/\/www.bashkiakurbin.gov.al\/wp-content\/uploads\/2025\/08\/pdf_merged_compressed_compressed11-compressed.pdf\">Procesverbal i d\u00ebgjes\u00ebs\u00a0 publike per &#8220;Planin e Arsimit Paruniversitar&#8221;<\/a>[\/vc_column_text][\/vc_column][\/vc_row]\n","protected":false},"excerpt":{"rendered":"<p>[vc_row][vc_column][vc_column_text] Konsultimet per Buxhetin 2024 dhe Paketen Fiskale Konsultimi publik per PBA 2026-2028 Konsultim Publik p\u00ebr Planin e Arsimit Parauniversitar 2026-2028 Konsultim Publik p\u00eb Planin e Integritetit 2025-2029 Procesverbal i d\u00ebgjes\u00ebs\u00a0 publike per &#8220;Planin e Arsimit Paruniversitar&#8221;[\/vc_column_text][\/vc_column][\/vc_row]<\/p>\n","protected":false},"author":1,"featured_media":0,"parent":0,"menu_order":0,"comment_status":"closed","ping_status":"closed","template":"","meta":{"footnotes":""},"class_list":["post-2792","page","type-page","status-publish","hentry"],"_links":{"self":[{"href":"https:\/\/www.bashkiakurbin.gov.al\/index.php?rest_route=\/wp\/v2\/pages\/2792","targetHints":{"allow":["GET"]}}],"collection":[{"href":"https:\/\/www.bashkiakurbin.gov.al\/index.php?rest_route=\/wp\/v2\/pages"}],"about":[{"href":"https:\/\/www.bashkiakurbin.gov.al\/index.php?rest_route=\/wp\/v2\/types\/page"}],"author":[{"embeddable":true,"href":"https:\/\/www.bashkiakurbin.gov.al\/index.php?rest_route=\/wp\/v2\/users\/1"}],"replies":[{"embeddable":true,"href":"https:\/\/www.bashkiakurbin.gov.al\/index.php?rest_route=%2Fwp%2Fv2%2Fcomments&post=2792"}],"version-history":[{"count":7,"href":"https:\/\/www.bashkiakurbin.gov.al\/index.php?rest_route=\/wp\/v2\/pages\/2792\/revisions"}],"predecessor-version":[{"id":4495,"href":"https:\/\/www.bashkiakurbin.gov.al\/index.php?rest_route=\/wp\/v2\/pages\/2792\/revisions\/4495"}],"wp:attachment":[{"href":"https:\/\/www.bashkiakurbin.gov.al\/index.php?rest_route=%2Fwp%2Fv2%2Fmedia&parent=2792"}],"curies":[{"name":"wp","href":"https:\/\/api.w.org\/{rel}","templated":true}]}}