{"id":271,"date":"2017-04-04T09:44:06","date_gmt":"2017-04-04T09:44:06","guid":{"rendered":"http:\/\/www.shijak.gov.al\/?page_id=271"},"modified":"2024-07-10T16:19:28","modified_gmt":"2024-07-10T16:19:28","slug":"bashkia-shijak-2","status":"publish","type":"page","link":"https:\/\/www.bashkiakurbin.gov.al\/?page_id=271","title":{"rendered":"Organigrama"},"content":{"rendered":"<p>[vc_row][vc_column][vc_column_text]<a href=\"https:\/\/www.bashkiakurbin.gov.al\/wp-content\/uploads\/2024\/07\/ORGANIGRAMA-2024.xlsx\">Kliko k\u00ebtu p\u00ebr t\u00eb shkarkuar organigram\u00ebn e bashkis\u00eb Kurbin<\/a>[\/vc_column_text][\/vc_column][\/vc_row]\n","protected":false},"excerpt":{"rendered":"<p>[vc_row][vc_column][vc_column_text]Kliko k\u00ebtu p\u00ebr t\u00eb shkarkuar organigram\u00ebn e bashkis\u00eb Kurbin[\/vc_column_text][\/vc_column][\/vc_row]<\/p>\n","protected":false},"author":1,"featured_media":0,"parent":0,"menu_order":0,"comment_status":"closed","ping_status":"closed","template":"","meta":{"footnotes":""},"class_list":["post-271","page","type-page","status-publish","hentry"],"_links":{"self":[{"href":"https:\/\/www.bashkiakurbin.gov.al\/index.php?rest_route=\/wp\/v2\/pages\/271","targetHints":{"allow":["GET"]}}],"collection":[{"href":"https:\/\/www.bashkiakurbin.gov.al\/index.php?rest_route=\/wp\/v2\/pages"}],"about":[{"href":"https:\/\/www.bashkiakurbin.gov.al\/index.php?rest_route=\/wp\/v2\/types\/page"}],"author":[{"embeddable":true,"href":"https:\/\/www.bashkiakurbin.gov.al\/index.php?rest_route=\/wp\/v2\/users\/1"}],"replies":[{"embeddable":true,"href":"https:\/\/www.bashkiakurbin.gov.al\/index.php?rest_route=%2Fwp%2Fv2%2Fcomments&post=271"}],"version-history":[{"count":5,"href":"https:\/\/www.bashkiakurbin.gov.al\/index.php?rest_route=\/wp\/v2\/pages\/271\/revisions"}],"predecessor-version":[{"id":4292,"href":"https:\/\/www.bashkiakurbin.gov.al\/index.php?rest_route=\/wp\/v2\/pages\/271\/revisions\/4292"}],"wp:attachment":[{"href":"https:\/\/www.bashkiakurbin.gov.al\/index.php?rest_route=%2Fwp%2Fv2%2Fmedia&parent=271"}],"curies":[{"name":"wp","href":"https:\/\/api.w.org\/{rel}","templated":true}]}}