{"id":262,"date":"2017-04-04T09:37:41","date_gmt":"2017-04-04T09:37:41","guid":{"rendered":"http:\/\/www.shijak.gov.al\/?page_id=262"},"modified":"2025-03-03T17:04:11","modified_gmt":"2025-03-03T17:04:11","slug":"anetaret-e-keshillit-bashkiak","status":"publish","type":"page","link":"https:\/\/www.bashkiakurbin.gov.al\/?page_id=262","title":{"rendered":"An\u00ebtar\u00ebt e K\u00ebshillit Bashkiak"},"content":{"rendered":"<p>[vc_row][vc_column][vc_column_text]<img loading=\"lazy\" decoding=\"async\" class=\"alignnone wp-image-4399\" src=\"https:\/\/www.bashkiakurbin.gov.al\/wp-content\/uploads\/2025\/03\/8.jpg\" alt=\"\" width=\"762\" height=\"763\" srcset=\"https:\/\/www.bashkiakurbin.gov.al\/wp-content\/uploads\/2025\/03\/8.jpg 785w, https:\/\/www.bashkiakurbin.gov.al\/wp-content\/uploads\/2025\/03\/8-300x300.jpg 300w, https:\/\/www.bashkiakurbin.gov.al\/wp-content\/uploads\/2025\/03\/8-150x150.jpg 150w, https:\/\/www.bashkiakurbin.gov.al\/wp-content\/uploads\/2025\/03\/8-768x769.jpg 768w\" sizes=\"auto, (max-width: 762px) 100vw, 762px\" \/>.[\/vc_column_text][\/vc_column][\/vc_row]\n","protected":false},"excerpt":{"rendered":"<p>[vc_row][vc_column][vc_column_text].[\/vc_column_text][\/vc_column][\/vc_row]<\/p>\n","protected":false},"author":1,"featured_media":0,"parent":0,"menu_order":0,"comment_status":"closed","ping_status":"closed","template":"","meta":{"footnotes":""},"class_list":["post-262","page","type-page","status-publish","hentry"],"_links":{"self":[{"href":"https:\/\/www.bashkiakurbin.gov.al\/index.php?rest_route=\/wp\/v2\/pages\/262","targetHints":{"allow":["GET"]}}],"collection":[{"href":"https:\/\/www.bashkiakurbin.gov.al\/index.php?rest_route=\/wp\/v2\/pages"}],"about":[{"href":"https:\/\/www.bashkiakurbin.gov.al\/index.php?rest_route=\/wp\/v2\/types\/page"}],"author":[{"embeddable":true,"href":"https:\/\/www.bashkiakurbin.gov.al\/index.php?rest_route=\/wp\/v2\/users\/1"}],"replies":[{"embeddable":true,"href":"https:\/\/www.bashkiakurbin.gov.al\/index.php?rest_route=%2Fwp%2Fv2%2Fcomments&post=262"}],"version-history":[{"count":7,"href":"https:\/\/www.bashkiakurbin.gov.al\/index.php?rest_route=\/wp\/v2\/pages\/262\/revisions"}],"predecessor-version":[{"id":4401,"href":"https:\/\/www.bashkiakurbin.gov.al\/index.php?rest_route=\/wp\/v2\/pages\/262\/revisions\/4401"}],"wp:attachment":[{"href":"https:\/\/www.bashkiakurbin.gov.al\/index.php?rest_route=%2Fwp%2Fv2%2Fmedia&parent=262"}],"curies":[{"name":"wp","href":"https:\/\/api.w.org\/{rel}","templated":true}]}}